{"id":9296,"date":"2026-02-13T07:37:37","date_gmt":"2026-02-13T07:37:37","guid":{"rendered":"https:\/\/hospitalclinicmaresme.com\/suggeriments-queixes-i-agraiments\/"},"modified":"2026-02-19T10:21:16","modified_gmt":"2026-02-19T10:21:16","slug":"sugerencias-quejas-y-agradecimientos","status":"publish","type":"page","link":"https:\/\/hospitalclinicmaresme.com\/es\/sugerencias-quejas-y-agradecimientos\/","title":{"rendered":"Sugerencias, quejas y agradecimientos"},"content":{"rendered":"\n<style type=\"text\/css\" data-created_by=\"avia_inline_auto\" id=\"style-css-av-mlkpsixd-295c4a3cc732b1d5517cb32beb2c6b2e\">\n.avia-section.av-mlkpsixd-295c4a3cc732b1d5517cb32beb2c6b2e{\nbackground-color:#b8d5dd;\nbackground-image:unset;\n}\n<\/style>\n<div id='av_section_1'  class='avia-section av-mlkpsixd-295c4a3cc732b1d5517cb32beb2c6b2e main_color avia-section-default avia-no-border-styling  avia-builder-el-0  el_before_av_section  avia-builder-el-first  avia-bg-style-scroll container_wrap fullsize'  ><div class='container av-section-cont-open' ><main  role=\"main\" itemprop=\"mainContentOfPage\"  class='template-page content  av-content-full alpha units'><div class='post-entry post-entry-type-page post-entry-9296'><div class='entry-content-wrapper clearfix'>\n\n<style type=\"text\/css\" data-created_by=\"avia_inline_auto\" id=\"style-css-av-4adwba-e00c9d18a23a8f90037b4f802618556b\">\n.flex_column.av-4adwba-e00c9d18a23a8f90037b4f802618556b{\nborder-radius:0px 0px 0px 0px;\npadding:0px 0px 0px 0px;\nbackground-color:#b8d5dd;\n}\n<\/style>\n<div  class='flex_column av-4adwba-e00c9d18a23a8f90037b4f802618556b av_one_full  avia-builder-el-1  avia-builder-el-no-sibling  first flex_column_div av-zero-column-padding  '     ><style type=\"text\/css\" data-created_by=\"avia_inline_auto\" id=\"style-css-av-mlkkliuh-2c292ec892ef2b1f0ea803d0c7a92592\">\n#top .av_textblock_section.av-mlkkliuh-2c292ec892ef2b1f0ea803d0c7a92592 .avia_textblock{\ncolor:#017c95;\n}\n<\/style>\n<section  class='av_textblock_section av-mlkkliuh-2c292ec892ef2b1f0ea803d0c7a92592 '   itemscope=\"itemscope\" itemtype=\"https:\/\/schema.org\/CreativeWork\" ><div class='avia_textblock av_inherit_color'  itemprop=\"text\" ><h1 style=\"text-align: left; font-size: 40pt; font-weight: 800;\"><strong>Sugerencias, quejas<br \/>\ny agradecimientos<\/strong><\/h1>\n<\/div><\/section><\/div>\n\n<\/div><\/div><\/main><!-- close content main element --><\/div><\/div>\n<style type=\"text\/css\" data-created_by=\"avia_inline_auto\" id=\"style-css-av-mlkq3tlj-4848a8b2ca5949749d9a29900009455c\">\n.avia-section.av-mlkq3tlj-4848a8b2ca5949749d9a29900009455c{\nbackground-color:rgba(184,213,221,0.3);\nbackground-image:unset;\n}\n<\/style>\n<div id='av_section_2'  class='avia-section av-mlkq3tlj-4848a8b2ca5949749d9a29900009455c main_color avia-section-default avia-no-border-styling  avia-builder-el-3  el_after_av_section  el_before_av_section  avia-bg-style-scroll container_wrap fullsize'  ><div class='container av-section-cont-open' ><div class='template-page content  av-content-full alpha units'><div class='post-entry post-entry-type-page post-entry-9296'><div class='entry-content-wrapper clearfix'>\n<div  class='flex_column av-3atocm-e17b96c5e99a3e56072dae0651e6159f av_one_full  avia-builder-el-4  avia-builder-el-no-sibling  first flex_column_div  '     ><style type=\"text\/css\" data-created_by=\"avia_inline_auto\" id=\"style-css-av-mlkkmjk6-d35153b3719076ce067ebdbe316cc9d0\">\n#top .av_textblock_section.av-mlkkmjk6-d35153b3719076ce067ebdbe316cc9d0 .avia_textblock{\nfont-size:18px;\n}\n<\/style>\n<section  class='av_textblock_section av-mlkkmjk6-d35153b3719076ce067ebdbe316cc9d0 '   itemscope=\"itemscope\" itemtype=\"https:\/\/schema.org\/CreativeWork\" ><div class='avia_textblock'  itemprop=\"text\" ><p style=\"color: black; text-align: left;\"><strong>El formulario de sugerencias, quejas y agradecimientos que encontrar\u00e9is en este espacio tiene como objetivo recoger las iniciativas presentadas para la mejora de la calidad, las manifestaciones de insatisfacci\u00f3n de aquellos particulares en relaci\u00f3n con los servicios prestados y, por \u00faltimo, los agradecimientos que consider\u00e1is al equipo del HOSPITAL CL\u00cdNIC MARESME.<\/strong><\/p>\n<p style=\"text-align: left;\">La gesti\u00f3n de sugerencias, quejas y agradecimientos se rige por el reglamento de sugerencias y quejas del HOSPITAL CL\u00cdNIC MARESME en el marco del sistema interno de garant\u00eda de la calidad.<\/p>\n<p style=\"text-align: left;\">El alcance de este formulario queda circunscrito a los aspectos siguientes: instalaciones y equipaciones, servicios m\u00e9dicos, atenci\u00f3n al paciente y la calidad de nuestro equipo m\u00e9dico.<\/p>\n<\/div><\/section><\/div>\n\n<\/div><\/div><\/div><!-- close content main div --><\/div><\/div><div id='av_section_3'  class='avia-section av-gcveg6-7f2229af7c46efc6ae98efceecf6cf3c main_color avia-section-default avia-no-border-styling  avia-builder-el-6  el_after_av_section  el_before_av_slideshow_full  avia-bg-style-scroll container_wrap fullsize'  ><div class='container av-section-cont-open' ><div class='template-page content  av-content-full alpha units'><div class='post-entry post-entry-type-page post-entry-9296'><div class='entry-content-wrapper clearfix'>\n<div  class='flex_column av-e14s7q-0b0de066a5764820d39e8a9b50945c69 av_one_full  avia-builder-el-7  avia-builder-el-no-sibling  first flex_column_div  '     ><form action=\"https:\/\/hospitalclinicmaresme.com\/es\/sugerencias-quejas-y-agradecimientos\/\" method=\"post\" data-fields-with-error=\"Found errors in the following field(s):\" class=\"avia_ajax_form av-form-labels-visible   avia-builder-el-8  avia-builder-el-no-sibling   \" data-avia-form-id=\"1\" data-avia-redirect='' ><h3 class=''>FORMULARIO DE CONTACTO:<\/h3><fieldset><p class='  first_form  form_element form_element_half' id='element_avia_1_1'><label for=\"avia_1_1\">Nombre <abbr class=\"required\" title=\"requerido\">*<\/abbr><\/label> <input name=\"avia_1_1\" class=\"text_input is_empty\" type=\"text\" id=\"avia_1_1\" value=\"\" \/><\/p><p class='  form_element form_element_half' id='element_avia_2_1'><label for=\"avia_2_1\">Apellidos <abbr class=\"required\" title=\"requerido\">*<\/abbr><\/label> <input name=\"avia_2_1\" class=\"text_input is_empty\" type=\"text\" id=\"avia_2_1\" value=\"\" \/><\/p><p class='  first_form  form_element form_element_third' id='element_avia_3_1'><label for=\"avia_3_1\">Tel\u00e9fono <abbr class=\"required\" title=\"requerido\">*<\/abbr><\/label> <input name=\"avia_3_1\" class=\"text_input is_phone\" type=\"text\" id=\"avia_3_1\" value=\"\" \/><\/p><p class='  form_element form_element_third' id='element_avia_4_1'><label for=\"avia_4_1\">DNI<\/label> <input name=\"avia_4_1\" class=\"text_input \" type=\"text\" id=\"avia_4_1\" value=\"\" \/><\/p><p class='  form_element form_element_third' id='element_avia_5_1'><label for=\"avia_5_1\">Email <abbr class=\"required\" title=\"requerido\">*<\/abbr><\/label> <input name=\"avia_5_1\" class=\"text_input is_email\" type=\"text\" id=\"avia_5_1\" value=\"\" \/><\/p><p class='  first_form  form_element form_fullwidth' id='element_avia_6_1'><label for=\"avia_6_1\" class=\"textare_label hidden textare_label_avia_6_1\">Descripci\u00f3n de la sugerencia\/queja\/agradecimiento: <abbr class=\"required\" title=\"requerido\">*<\/abbr><\/label><textarea  name=\"avia_6_1\" class=\"text_area is_empty\" cols=\"40\" rows=\"7\" id=\"avia_6_1\" ><\/textarea><\/p><div id='avia_7_1' class='av-form-text'><p>\n<strong>* Camps obligatorios<\/strong><\/p>\n<\/div><p class=\"hidden\"><input type=\"text\" name=\"avia_8_1\" class=\"hidden \" id=\"avia_8_1\" value=\"\" \/><\/p><div id='avia_9_1' class='av-recaptcha-area  first_form  form_element form_fullwidth av-last-visible-form-element '  data-container_class=\"\" data-custom_class=\"\" data-context=\"av_contact_form\" data-token_input=\"av_recaptcha_token\" data-version=\"avia_recaptcha_v2\" data-theme=\"light\" data-size=\"normal\" data-score=\"0.5\" data-text_to_preview=\"\" data-value=\"\"><div class=\"av-google-badge-message hidden\">This site is protected by reCAPTCHA and the Google <a href=\"https:\/\/policies.google.com\/privacy\" target=\"_blank\" rel=\"noopener noreferrer\">Privacy Policy<\/a> and <a href=\"https:\/\/policies.google.com\/terms\" target=\"_blank\" rel=\"noopener noreferrer\">Terms of Service<\/a> apply.<\/div><\/div><p class=' av_form_privacy_check av_contact_privacy_check first_form  form_element form_fullwidth' id='element_avia_10_1'><input  name=\"avia_10_1\" class=\"input_checkbox is_empty\" type=\"checkbox\" id=\"avia_10_1\" value=\"true\"\/><label class=\"input_checkbox_label\" for=\"avia_10_1\">Consiento el uso de mis datos para los fines indicados en la <a href='https:\/\/hospitalclinicmaresme.com\/politica-de-privacitat\/' target='_blank'>Pol\u00edtica de privacidad <\/a> \u201cSUS DATOS SEGUROS\u201d. <abbr class=\"required\" title=\"requerido\">*<\/abbr><\/label><\/p><p class=\"form_element \"><input type=\"hidden\" value=\"1\" name=\"avia_generated_form1\" \/><input type=\"submit\" value=\"Enviar\" class=\"button\"  data-sending-label=\"Enviando\"\/><\/p><\/fieldset><div class=\"avia-disabled-form\">Este formulario de contacto est\u00e1 desactivado porque rechazaste aceptar el servicio de Google reCaptcha, que es necesario para validar los mensajes enviados a trav\u00e9s del formulario.<\/div><\/form><div id=\"ajaxresponse_1\" class=\"ajaxresponse ajaxresponse_1 hidden\"><\/div><\/div><\/div><\/div><\/div><!-- close content main div --><\/div><\/div><div id='full_slider_1'  class='avia-fullwidth-slider main_color avia-shadow   avia-builder-el-9  el_after_av_section  avia-builder-el-last   slider-not-first container_wrap fullsize'  ><div  class='avia-slideshow av-mlkq0fqg-550960e885bf84fc40e8610e02e44842 avia-slideshow-no scaling av_slideshow_full avia-slide-slider av-slideshow-ui av-control-default av-slideshow-manual av-loop-once av-loop-manual-endless av-default-height-applied   avia-slideshow-1' data-slideshow-options=\"{&quot;animation&quot;:&quot;slide&quot;,&quot;autoplay&quot;:false,&quot;loop_autoplay&quot;:&quot;once&quot;,&quot;interval&quot;:5,&quot;loop_manual&quot;:&quot;manual-endless&quot;,&quot;autoplay_stopper&quot;:false,&quot;noNavigation&quot;:false,&quot;bg_slider&quot;:false,&quot;keep_padding&quot;:false,&quot;hoverpause&quot;:false,&quot;show_slide_delay&quot;:0}\"  itemprop=\"image\" itemscope=\"itemscope\" itemtype=\"https:\/\/schema.org\/ImageObject\" ><ul class='avia-slideshow-inner ' style='padding-bottom: 19.333333333333%;'><li  class='avia-slideshow-slide av-mlkq0fqg-550960e885bf84fc40e8610e02e44842__0  av-single-slide slide-1 slide-odd'><div data-rel='slideshow-1' class='avia-slide-wrap '   ><img decoding=\"async\" fetchpriority=\"high\" class=\"wp-image-9300 avia-img-lazy-loading-not-9300\"  src=\"https:\/\/hospitalclinicmaresme.com\/wp-content\/uploads\/2026\/02\/SliderForm-2.png\" width=\"1500\" height=\"290\" title='SliderForm' alt=''  itemprop=\"thumbnailUrl\" srcset=\"https:\/\/hospitalclinicmaresme.com\/wp-content\/uploads\/2026\/02\/SliderForm-2.png 1500w, https:\/\/hospitalclinicmaresme.com\/wp-content\/uploads\/2026\/02\/SliderForm-2-300x58.png 300w, https:\/\/hospitalclinicmaresme.com\/wp-content\/uploads\/2026\/02\/SliderForm-2-1030x199.png 1030w, https:\/\/hospitalclinicmaresme.com\/wp-content\/uploads\/2026\/02\/SliderForm-2-768x148.png 768w, https:\/\/hospitalclinicmaresme.com\/wp-content\/uploads\/2026\/02\/SliderForm-2-705x136.png 705w, https:\/\/hospitalclinicmaresme.com\/wp-content\/uploads\/2026\/02\/SliderForm-2-240x46.png 240w\" sizes=\"(max-width: 1500px) 100vw, 1500px\" \/><\/div><\/li><\/ul><\/div><\/div><\/p>\n","protected":false},"excerpt":{"rendered":"","protected":false},"author":3,"featured_media":0,"parent":0,"menu_order":0,"comment_status":"closed","ping_status":"closed","template":"","meta":{"footnotes":""},"class_list":["post-9296","page","type-page","status-publish","hentry"],"yoast_head":"<!-- This site is optimized with the Yoast SEO plugin v27.5 - https:\/\/yoast.com\/product\/yoast-seo-wordpress\/ -->\n<title>Sugerencias, quejas y agradecimientos - Hospital Cl\u00ednic Maresme<\/title>\n<meta name=\"robots\" content=\"index, follow, max-snippet:-1, max-image-preview:large, max-video-preview:-1\" \/>\n<link rel=\"canonical\" href=\"https:\/\/hospitalclinicmaresme.com\/es\/sugerencias-quejas-y-agradecimientos\/\" \/>\n<meta property=\"og:locale\" content=\"es_ES\" \/>\n<meta property=\"og:type\" content=\"article\" \/>\n<meta property=\"og:title\" content=\"Sugerencias, quejas y agradecimientos - Hospital Cl\u00ednic Maresme\" \/>\n<meta property=\"og:url\" content=\"https:\/\/hospitalclinicmaresme.com\/es\/sugerencias-quejas-y-agradecimientos\/\" \/>\n<meta property=\"og:site_name\" content=\"Hospital Cl\u00ednic Maresme\" \/>\n<meta property=\"article:modified_time\" content=\"2026-02-19T10:21:16+00:00\" \/>\n<meta name=\"twitter:card\" content=\"summary_large_image\" \/>\n<meta name=\"twitter:label1\" content=\"Tiempo de lectura\" \/>\n\t<meta name=\"twitter:data1\" content=\"2 minutos\" \/>\n<script type=\"application\/ld+json\" class=\"yoast-schema-graph\">{\"@context\":\"https:\\\/\\\/schema.org\",\"@graph\":[{\"@type\":\"WebPage\",\"@id\":\"https:\\\/\\\/hospitalclinicmaresme.com\\\/es\\\/sugerencias-quejas-y-agradecimientos\\\/\",\"url\":\"https:\\\/\\\/hospitalclinicmaresme.com\\\/es\\\/sugerencias-quejas-y-agradecimientos\\\/\",\"name\":\"Sugerencias, quejas y agradecimientos - Hospital Cl\u00ednic Maresme\",\"isPartOf\":{\"@id\":\"https:\\\/\\\/hospitalclinicmaresme.com\\\/es\\\/#website\"},\"datePublished\":\"2026-02-13T07:37:37+00:00\",\"dateModified\":\"2026-02-19T10:21:16+00:00\",\"breadcrumb\":{\"@id\":\"https:\\\/\\\/hospitalclinicmaresme.com\\\/es\\\/sugerencias-quejas-y-agradecimientos\\\/#breadcrumb\"},\"inLanguage\":\"es\",\"potentialAction\":[{\"@type\":\"ReadAction\",\"target\":[\"https:\\\/\\\/hospitalclinicmaresme.com\\\/es\\\/sugerencias-quejas-y-agradecimientos\\\/\"]}]},{\"@type\":\"BreadcrumbList\",\"@id\":\"https:\\\/\\\/hospitalclinicmaresme.com\\\/es\\\/sugerencias-quejas-y-agradecimientos\\\/#breadcrumb\",\"itemListElement\":[{\"@type\":\"ListItem\",\"position\":1,\"name\":\"Inici\",\"item\":\"https:\\\/\\\/hospitalclinicmaresme.com\\\/es\\\/inicio\\\/\"},{\"@type\":\"ListItem\",\"position\":2,\"name\":\"Sugerencias, quejas y agradecimientos\"}]},{\"@type\":\"WebSite\",\"@id\":\"https:\\\/\\\/hospitalclinicmaresme.com\\\/es\\\/#website\",\"url\":\"https:\\\/\\\/hospitalclinicmaresme.com\\\/es\\\/\",\"name\":\"Hospital Cl\u00ednic Maresme\",\"description\":\"Just another WordPress site\",\"potentialAction\":[{\"@type\":\"SearchAction\",\"target\":{\"@type\":\"EntryPoint\",\"urlTemplate\":\"https:\\\/\\\/hospitalclinicmaresme.com\\\/es\\\/?s={search_term_string}\"},\"query-input\":{\"@type\":\"PropertyValueSpecification\",\"valueRequired\":true,\"valueName\":\"search_term_string\"}}],\"inLanguage\":\"es\"}]}<\/script>\n<!-- \/ Yoast SEO plugin. -->","yoast_head_json":{"title":"Sugerencias, quejas y agradecimientos - Hospital Cl\u00ednic Maresme","robots":{"index":"index","follow":"follow","max-snippet":"max-snippet:-1","max-image-preview":"max-image-preview:large","max-video-preview":"max-video-preview:-1"},"canonical":"https:\/\/hospitalclinicmaresme.com\/es\/sugerencias-quejas-y-agradecimientos\/","og_locale":"es_ES","og_type":"article","og_title":"Sugerencias, quejas y agradecimientos - Hospital Cl\u00ednic Maresme","og_url":"https:\/\/hospitalclinicmaresme.com\/es\/sugerencias-quejas-y-agradecimientos\/","og_site_name":"Hospital Cl\u00ednic Maresme","article_modified_time":"2026-02-19T10:21:16+00:00","twitter_card":"summary_large_image","twitter_misc":{"Tiempo de lectura":"2 minutos"},"schema":{"@context":"https:\/\/schema.org","@graph":[{"@type":"WebPage","@id":"https:\/\/hospitalclinicmaresme.com\/es\/sugerencias-quejas-y-agradecimientos\/","url":"https:\/\/hospitalclinicmaresme.com\/es\/sugerencias-quejas-y-agradecimientos\/","name":"Sugerencias, quejas y agradecimientos - Hospital Cl\u00ednic Maresme","isPartOf":{"@id":"https:\/\/hospitalclinicmaresme.com\/es\/#website"},"datePublished":"2026-02-13T07:37:37+00:00","dateModified":"2026-02-19T10:21:16+00:00","breadcrumb":{"@id":"https:\/\/hospitalclinicmaresme.com\/es\/sugerencias-quejas-y-agradecimientos\/#breadcrumb"},"inLanguage":"es","potentialAction":[{"@type":"ReadAction","target":["https:\/\/hospitalclinicmaresme.com\/es\/sugerencias-quejas-y-agradecimientos\/"]}]},{"@type":"BreadcrumbList","@id":"https:\/\/hospitalclinicmaresme.com\/es\/sugerencias-quejas-y-agradecimientos\/#breadcrumb","itemListElement":[{"@type":"ListItem","position":1,"name":"Inici","item":"https:\/\/hospitalclinicmaresme.com\/es\/inicio\/"},{"@type":"ListItem","position":2,"name":"Sugerencias, quejas y agradecimientos"}]},{"@type":"WebSite","@id":"https:\/\/hospitalclinicmaresme.com\/es\/#website","url":"https:\/\/hospitalclinicmaresme.com\/es\/","name":"Hospital Cl\u00ednic Maresme","description":"Just another WordPress site","potentialAction":[{"@type":"SearchAction","target":{"@type":"EntryPoint","urlTemplate":"https:\/\/hospitalclinicmaresme.com\/es\/?s={search_term_string}"},"query-input":{"@type":"PropertyValueSpecification","valueRequired":true,"valueName":"search_term_string"}}],"inLanguage":"es"}]}},"_links":{"self":[{"href":"https:\/\/hospitalclinicmaresme.com\/es\/wp-json\/wp\/v2\/pages\/9296","targetHints":{"allow":["GET"]}}],"collection":[{"href":"https:\/\/hospitalclinicmaresme.com\/es\/wp-json\/wp\/v2\/pages"}],"about":[{"href":"https:\/\/hospitalclinicmaresme.com\/es\/wp-json\/wp\/v2\/types\/page"}],"author":[{"embeddable":true,"href":"https:\/\/hospitalclinicmaresme.com\/es\/wp-json\/wp\/v2\/users\/3"}],"replies":[{"embeddable":true,"href":"https:\/\/hospitalclinicmaresme.com\/es\/wp-json\/wp\/v2\/comments?post=9296"}],"version-history":[{"count":0,"href":"https:\/\/hospitalclinicmaresme.com\/es\/wp-json\/wp\/v2\/pages\/9296\/revisions"}],"wp:attachment":[{"href":"https:\/\/hospitalclinicmaresme.com\/es\/wp-json\/wp\/v2\/media?parent=9296"}],"curies":[{"name":"wp","href":"https:\/\/api.w.org\/{rel}","templated":true}]}}