{"id":8255,"date":"2024-10-09T09:37:12","date_gmt":"2024-10-09T09:37:12","guid":{"rendered":"https:\/\/hospitalclinicmaresme.com\/psicologia-salut-mental\/"},"modified":"2024-10-15T10:12:32","modified_gmt":"2024-10-15T10:12:32","slug":"psicologia-salut-mental","status":"publish","type":"page","link":"https:\/\/hospitalclinicmaresme.com\/es\/psicologia-salut-mental\/","title":{"rendered":"PSICOLOG\u00cdA &#8211; Salut Mental"},"content":{"rendered":"<div id='full_slider_1'  class='avia-fullwidth-slider main_color avia-shadow   avia-builder-el-0  el_before_av_section  avia-builder-el-first   container_wrap fullsize'  ><div  class='avia-slideshow av-96zgw0-83cbe3d3ee631a9bdc825e8f01060952 avia-slideshow-no scaling av_slideshow_full avia-slide-slider av-slideshow-ui av-control-default av-slideshow-manual av-loop-once av-loop-manual-endless av-default-height-applied   avia-slideshow-1' data-slideshow-options=\"{&quot;animation&quot;:&quot;slide&quot;,&quot;autoplay&quot;:false,&quot;loop_autoplay&quot;:&quot;once&quot;,&quot;interval&quot;:5,&quot;loop_manual&quot;:&quot;manual-endless&quot;,&quot;autoplay_stopper&quot;:false,&quot;noNavigation&quot;:false,&quot;bg_slider&quot;:false,&quot;keep_padding&quot;:false,&quot;hoverpause&quot;:false,&quot;show_slide_delay&quot;:0}\"  itemprop=\"image\" itemscope=\"itemscope\" itemtype=\"https:\/\/schema.org\/ImageObject\" ><ul class='avia-slideshow-inner ' style='padding-bottom: 28.666666666667%;'><li  class='avia-slideshow-slide av-96zgw0-83cbe3d3ee631a9bdc825e8f01060952__0  av-single-slide slide-1 slide-odd'><div data-rel='slideshow-1' class='avia-slide-wrap '   ><img decoding=\"async\" fetchpriority=\"high\" class=\"wp-image-577 avia-img-lazy-loading-not-577\"  src=\"https:\/\/hospitalclinicmaresme.com\/wp-content\/uploads\/2020\/06\/FotoPsiquiatria-Especialitats-HospitalClinicMataro.png\" width=\"1500\" height=\"430\" title='' alt=''  itemprop=\"thumbnailUrl\" srcset=\"https:\/\/hospitalclinicmaresme.com\/wp-content\/uploads\/2020\/06\/FotoPsiquiatria-Especialitats-HospitalClinicMataro.png 1500w, https:\/\/hospitalclinicmaresme.com\/wp-content\/uploads\/2020\/06\/FotoPsiquiatria-Especialitats-HospitalClinicMataro-300x86.png 300w, https:\/\/hospitalclinicmaresme.com\/wp-content\/uploads\/2020\/06\/FotoPsiquiatria-Especialitats-HospitalClinicMataro-1030x295.png 1030w, https:\/\/hospitalclinicmaresme.com\/wp-content\/uploads\/2020\/06\/FotoPsiquiatria-Especialitats-HospitalClinicMataro-768x220.png 768w, https:\/\/hospitalclinicmaresme.com\/wp-content\/uploads\/2020\/06\/FotoPsiquiatria-Especialitats-HospitalClinicMataro-705x202.png 705w, https:\/\/hospitalclinicmaresme.com\/wp-content\/uploads\/2020\/06\/FotoPsiquiatria-Especialitats-HospitalClinicMataro-240x69.png 240w\" sizes=\"(max-width: 1500px) 100vw, 1500px\" \/><\/div><\/li><\/ul><\/div><\/div>\n<div id='av_section_1'  class='avia-section av-700qxc-adac5562217a59485d6caaa9a5d7cc49 main_color avia-section-default avia-no-border-styling  avia-builder-el-1  el_after_av_slideshow_full  avia-builder-el-last  avia-bg-style-scroll container_wrap fullsize'  ><div class='container av-section-cont-open' ><div class='template-page content  av-content-full alpha units'><div class='post-entry post-entry-type-page post-entry-8255'><div class='entry-content-wrapper clearfix'>\n\n<style type=\"text\/css\" data-created_by=\"avia_inline_auto\" id=\"style-css-av-m21n9vk5-c8add54862c96538c36ea6bbdbd1b18f\">\n#top .av_textblock_section.av-m21n9vk5-c8add54862c96538c36ea6bbdbd1b18f .avia_textblock{\ncolor:#007c95;\n}\n<\/style>\n<section  class='av_textblock_section av-m21n9vk5-c8add54862c96538c36ea6bbdbd1b18f '   itemscope=\"itemscope\" itemtype=\"https:\/\/schema.org\/CreativeWork\" ><div class='avia_textblock av_inherit_color'  itemprop=\"text\" ><h2 style=\"text-align: center;\">PSICOLOG\u00cdA<\/h2>\n<\/div><\/section>\n\n<style type=\"text\/css\" data-created_by=\"avia_inline_auto\" id=\"style-css-av-m21of4uq-ac3f744149bd7a56b4fe9788accf87c5\">\n#top .hr.hr-invisible.av-m21of4uq-ac3f744149bd7a56b4fe9788accf87c5{\nheight:10px;\n}\n<\/style>\n<div  class='hr av-m21of4uq-ac3f744149bd7a56b4fe9788accf87c5 hr-invisible  avia-builder-el-3  el_after_av_textblock  el_before_av_textblock '><span class='hr-inner '><span class=\"hr-inner-style\"><\/span><\/span><\/div>\n<section  class='av_textblock_section av-m21ll1n6-1e0590d9a20a36aa5d16a8980d90cfa9 '   itemscope=\"itemscope\" itemtype=\"https:\/\/schema.org\/CreativeWork\" ><div class='avia_textblock'  itemprop=\"text\" ><h4 style=\"text-align: center;\">Desde la Unidad de Psicolog\u00eda del Centre M\u00e8dic Creu Groga abordamos todo tipo de posibles patolog\u00edas desde un enfoque multidisciplinario con el apoyo de las evidencias cient\u00edficas y un trato tanto personal como pr\u00f3ximo por parte de nuestro equipo profesional.<\/h4>\n<\/div><\/section>\n<div  class='flex_column av-3vugu8-db42daa91e5a5e93d18e8faaa943c4f4 av_one_half  avia-builder-el-5  el_after_av_textblock  el_before_av_one_half  first flex_column_div  column-top-margin'     ><section  class='av_textblock_section av-m21n8f9k-f79d1c77bc5ee203456ed7737c702e68 '   itemscope=\"itemscope\" itemtype=\"https:\/\/schema.org\/CreativeWork\" ><div class='avia_textblock'  itemprop=\"text\" ><p><strong>Psicolog\u00eda Infanto-Juvenil<\/strong><\/p>\n<p>Detecci\u00f3n, evaluaci\u00f3n y tratamiento de todo tipo de trastornos mentales infanto \u2013 juveniles de 0-18 a\u00f1os<\/p>\n<p>Trastorno por d\u00e9ficit de atenci\u00f3n (TDAH), Trastornos del aprendizaje, Trastornos de la conducta, Trastorno obsesivo -compulsivo, Trastorno del sue\u00f1o, Altas capacidades, Depresi\u00f3n, Ansiedad, Adicciones a las nuevas tecnolog\u00edas, \u2026<\/p>\n<\/div><\/section><\/div><div  class='flex_column av-24ey1s-a1c7e376c50c77ddb77acd56b9c87046 av_one_half  avia-builder-el-7  el_after_av_one_half  el_before_av_textblock  flex_column_div  column-top-margin'     ><section  class='av_textblock_section av-m21n8r4n-d4dec1917cc5c6058190641fb350c85f '   itemscope=\"itemscope\" itemtype=\"https:\/\/schema.org\/CreativeWork\" ><div class='avia_textblock'  itemprop=\"text\" ><p><strong>Psicolog\u00eda para Adultos<\/strong><\/p>\n<p>Detecci\u00f3n y tratamiento de todo tipo de trastornos mentales en adultos<\/p>\n<p>Evaluaci\u00f3n e intervenci\u00f3n de: trastorno de ansiedad, depresiones y man\u00edas, esquizofrenias y otras psicosis, trastornos de personalidad, trastornos de la alimentaci\u00f3n y de la imagen corporal, terapia familiar, tratamiento en los conflictos y las dificultades en las relaciones de pareja, dificultades e inquietudes en la crianza de los hijos\/se, drogodependencias y otras adicciones.<\/p>\n<\/div><\/section><\/div><section  class='av_textblock_section av-m21n9628-8491cf2a26ea2ca1e6103b3748885f17 '   itemscope=\"itemscope\" itemtype=\"https:\/\/schema.org\/CreativeWork\" ><div class='avia_textblock'  itemprop=\"text\" ><p><strong>Normativa de anulaci\u00f3n de visitas<\/strong><\/p>\n<ul>\n<li>Las anulaciones tienen que ser notificadas con 24 horas de antelaci\u00f3n al siguiente correo electr\u00f3nico: recepcio1@hospitalclinicmaresme.com<\/li>\n<li>La no anulaci\u00f3n con 24 horas de antelaci\u00f3n comporta que el centro no puede reprogramar las visitas con otros pacientes que se mantienen en lista de espera y el profesional no puede aprovechar los vac\u00edos dejados. De este modo la notificaci\u00f3n de la anulaci\u00f3n de la visita en el periodo de tiempo marcado en esta normativa comportar\u00e1 el cobro de la visita al paciente.<\/li>\n<\/ul>\n<\/div><\/section>\n\n","protected":false},"excerpt":{"rendered":"","protected":false},"author":3,"featured_media":0,"parent":0,"menu_order":0,"comment_status":"closed","ping_status":"closed","template":"","meta":{"footnotes":""},"class_list":["post-8255","page","type-page","status-publish","hentry"],"yoast_head":"<!-- This site is optimized with the Yoast SEO plugin v27.5 - https:\/\/yoast.com\/product\/yoast-seo-wordpress\/ -->\n<title>PSICOLOG\u00cdA - Salut Mental - Hospital Cl\u00ednic Maresme<\/title>\n<meta name=\"robots\" content=\"index, follow, max-snippet:-1, max-image-preview:large, max-video-preview:-1\" \/>\n<link rel=\"canonical\" href=\"https:\/\/hospitalclinicmaresme.com\/es\/psicologia-salut-mental\/\" \/>\n<meta property=\"og:locale\" content=\"es_ES\" \/>\n<meta property=\"og:type\" content=\"article\" \/>\n<meta property=\"og:title\" content=\"PSICOLOG\u00cdA - Salut Mental - Hospital Cl\u00ednic Maresme\" \/>\n<meta property=\"og:url\" content=\"https:\/\/hospitalclinicmaresme.com\/es\/psicologia-salut-mental\/\" \/>\n<meta property=\"og:site_name\" content=\"Hospital Cl\u00ednic Maresme\" \/>\n<meta property=\"article:modified_time\" content=\"2024-10-15T10:12:32+00:00\" \/>\n<meta name=\"twitter:card\" content=\"summary_large_image\" \/>\n<meta name=\"twitter:label1\" content=\"Tiempo de lectura\" \/>\n\t<meta name=\"twitter:data1\" content=\"2 minutos\" \/>\n<script type=\"application\/ld+json\" class=\"yoast-schema-graph\">{\"@context\":\"https:\\\/\\\/schema.org\",\"@graph\":[{\"@type\":\"WebPage\",\"@id\":\"https:\\\/\\\/hospitalclinicmaresme.com\\\/es\\\/psicologia-salut-mental\\\/\",\"url\":\"https:\\\/\\\/hospitalclinicmaresme.com\\\/es\\\/psicologia-salut-mental\\\/\",\"name\":\"PSICOLOG\u00cdA - Salut Mental - Hospital Cl\u00ednic Maresme\",\"isPartOf\":{\"@id\":\"https:\\\/\\\/hospitalclinicmaresme.com\\\/es\\\/#website\"},\"datePublished\":\"2024-10-09T09:37:12+00:00\",\"dateModified\":\"2024-10-15T10:12:32+00:00\",\"breadcrumb\":{\"@id\":\"https:\\\/\\\/hospitalclinicmaresme.com\\\/es\\\/psicologia-salut-mental\\\/#breadcrumb\"},\"inLanguage\":\"es\",\"potentialAction\":[{\"@type\":\"ReadAction\",\"target\":[\"https:\\\/\\\/hospitalclinicmaresme.com\\\/es\\\/psicologia-salut-mental\\\/\"]}]},{\"@type\":\"BreadcrumbList\",\"@id\":\"https:\\\/\\\/hospitalclinicmaresme.com\\\/es\\\/psicologia-salut-mental\\\/#breadcrumb\",\"itemListElement\":[{\"@type\":\"ListItem\",\"position\":1,\"name\":\"Inici\",\"item\":\"https:\\\/\\\/hospitalclinicmaresme.com\\\/es\\\/inicio\\\/\"},{\"@type\":\"ListItem\",\"position\":2,\"name\":\"PSICOLOG\u00cdA &#8211; Salut Mental\"}]},{\"@type\":\"WebSite\",\"@id\":\"https:\\\/\\\/hospitalclinicmaresme.com\\\/es\\\/#website\",\"url\":\"https:\\\/\\\/hospitalclinicmaresme.com\\\/es\\\/\",\"name\":\"Hospital Cl\u00ednic Maresme\",\"description\":\"Just another WordPress site\",\"potentialAction\":[{\"@type\":\"SearchAction\",\"target\":{\"@type\":\"EntryPoint\",\"urlTemplate\":\"https:\\\/\\\/hospitalclinicmaresme.com\\\/es\\\/?s={search_term_string}\"},\"query-input\":{\"@type\":\"PropertyValueSpecification\",\"valueRequired\":true,\"valueName\":\"search_term_string\"}}],\"inLanguage\":\"es\"}]}<\/script>\n<!-- \/ Yoast SEO plugin. -->","yoast_head_json":{"title":"PSICOLOG\u00cdA - Salut Mental - Hospital Cl\u00ednic Maresme","robots":{"index":"index","follow":"follow","max-snippet":"max-snippet:-1","max-image-preview":"max-image-preview:large","max-video-preview":"max-video-preview:-1"},"canonical":"https:\/\/hospitalclinicmaresme.com\/es\/psicologia-salut-mental\/","og_locale":"es_ES","og_type":"article","og_title":"PSICOLOG\u00cdA - Salut Mental - Hospital Cl\u00ednic Maresme","og_url":"https:\/\/hospitalclinicmaresme.com\/es\/psicologia-salut-mental\/","og_site_name":"Hospital Cl\u00ednic Maresme","article_modified_time":"2024-10-15T10:12:32+00:00","twitter_card":"summary_large_image","twitter_misc":{"Tiempo de lectura":"2 minutos"},"schema":{"@context":"https:\/\/schema.org","@graph":[{"@type":"WebPage","@id":"https:\/\/hospitalclinicmaresme.com\/es\/psicologia-salut-mental\/","url":"https:\/\/hospitalclinicmaresme.com\/es\/psicologia-salut-mental\/","name":"PSICOLOG\u00cdA - Salut Mental - Hospital Cl\u00ednic Maresme","isPartOf":{"@id":"https:\/\/hospitalclinicmaresme.com\/es\/#website"},"datePublished":"2024-10-09T09:37:12+00:00","dateModified":"2024-10-15T10:12:32+00:00","breadcrumb":{"@id":"https:\/\/hospitalclinicmaresme.com\/es\/psicologia-salut-mental\/#breadcrumb"},"inLanguage":"es","potentialAction":[{"@type":"ReadAction","target":["https:\/\/hospitalclinicmaresme.com\/es\/psicologia-salut-mental\/"]}]},{"@type":"BreadcrumbList","@id":"https:\/\/hospitalclinicmaresme.com\/es\/psicologia-salut-mental\/#breadcrumb","itemListElement":[{"@type":"ListItem","position":1,"name":"Inici","item":"https:\/\/hospitalclinicmaresme.com\/es\/inicio\/"},{"@type":"ListItem","position":2,"name":"PSICOLOG\u00cdA &#8211; Salut Mental"}]},{"@type":"WebSite","@id":"https:\/\/hospitalclinicmaresme.com\/es\/#website","url":"https:\/\/hospitalclinicmaresme.com\/es\/","name":"Hospital Cl\u00ednic Maresme","description":"Just another WordPress site","potentialAction":[{"@type":"SearchAction","target":{"@type":"EntryPoint","urlTemplate":"https:\/\/hospitalclinicmaresme.com\/es\/?s={search_term_string}"},"query-input":{"@type":"PropertyValueSpecification","valueRequired":true,"valueName":"search_term_string"}}],"inLanguage":"es"}]}},"_links":{"self":[{"href":"https:\/\/hospitalclinicmaresme.com\/es\/wp-json\/wp\/v2\/pages\/8255","targetHints":{"allow":["GET"]}}],"collection":[{"href":"https:\/\/hospitalclinicmaresme.com\/es\/wp-json\/wp\/v2\/pages"}],"about":[{"href":"https:\/\/hospitalclinicmaresme.com\/es\/wp-json\/wp\/v2\/types\/page"}],"author":[{"embeddable":true,"href":"https:\/\/hospitalclinicmaresme.com\/es\/wp-json\/wp\/v2\/users\/3"}],"replies":[{"embeddable":true,"href":"https:\/\/hospitalclinicmaresme.com\/es\/wp-json\/wp\/v2\/comments?post=8255"}],"version-history":[{"count":0,"href":"https:\/\/hospitalclinicmaresme.com\/es\/wp-json\/wp\/v2\/pages\/8255\/revisions"}],"wp:attachment":[{"href":"https:\/\/hospitalclinicmaresme.com\/es\/wp-json\/wp\/v2\/media?parent=8255"}],"curies":[{"name":"wp","href":"https:\/\/api.w.org\/{rel}","templated":true}]}}