{"id":8241,"date":"2024-10-09T14:34:17","date_gmt":"2024-10-09T14:34:17","guid":{"rendered":"https:\/\/hospitalclinicmaresme.com\/logopedia-salut-mental\/"},"modified":"2024-10-15T10:04:54","modified_gmt":"2024-10-15T10:04:54","slug":"logopedia-salut-mental","status":"publish","type":"page","link":"https:\/\/hospitalclinicmaresme.com\/es\/logopedia-salut-mental\/","title":{"rendered":"LOGOPEDIA &#8211; Salut Mental"},"content":{"rendered":"<div id='full_slider_1'  class='avia-fullwidth-slider main_color avia-shadow   avia-builder-el-0  el_before_av_section  avia-builder-el-first   container_wrap fullsize'  ><div  class='avia-slideshow av-m21ys5tt-594d14891e9e98827296257b49919135 avia-slideshow-no scaling av_slideshow_full avia-slide-slider av-slideshow-ui av-control-default av-slideshow-manual av-loop-once av-loop-manual-endless av-default-height-applied   avia-slideshow-1' data-slideshow-options=\"{&quot;animation&quot;:&quot;slide&quot;,&quot;autoplay&quot;:false,&quot;loop_autoplay&quot;:&quot;once&quot;,&quot;interval&quot;:5,&quot;loop_manual&quot;:&quot;manual-endless&quot;,&quot;autoplay_stopper&quot;:false,&quot;noNavigation&quot;:false,&quot;bg_slider&quot;:false,&quot;keep_padding&quot;:false,&quot;hoverpause&quot;:false,&quot;show_slide_delay&quot;:0}\"  itemprop=\"image\" itemscope=\"itemscope\" itemtype=\"https:\/\/schema.org\/ImageObject\" ><ul class='avia-slideshow-inner ' style='padding-bottom: 28.666666666667%;'><li  class='avia-slideshow-slide av-m21ys5tt-594d14891e9e98827296257b49919135__0  av-single-slide slide-1 slide-odd'><div data-rel='slideshow-1' class='avia-slide-wrap '   ><img decoding=\"async\" fetchpriority=\"high\" class=\"wp-image-430 avia-img-lazy-loading-not-430\"  src=\"https:\/\/hospitalclinicmaresme.com\/wp-content\/uploads\/2020\/06\/FotoLogopedia-Especialitats-HospitalClinicMataro.png\" width=\"1500\" height=\"430\" title='' alt=''  itemprop=\"thumbnailUrl\" srcset=\"https:\/\/hospitalclinicmaresme.com\/wp-content\/uploads\/2020\/06\/FotoLogopedia-Especialitats-HospitalClinicMataro.png 1500w, https:\/\/hospitalclinicmaresme.com\/wp-content\/uploads\/2020\/06\/FotoLogopedia-Especialitats-HospitalClinicMataro-300x86.png 300w, https:\/\/hospitalclinicmaresme.com\/wp-content\/uploads\/2020\/06\/FotoLogopedia-Especialitats-HospitalClinicMataro-1030x295.png 1030w, https:\/\/hospitalclinicmaresme.com\/wp-content\/uploads\/2020\/06\/FotoLogopedia-Especialitats-HospitalClinicMataro-768x220.png 768w, https:\/\/hospitalclinicmaresme.com\/wp-content\/uploads\/2020\/06\/FotoLogopedia-Especialitats-HospitalClinicMataro-705x202.png 705w, https:\/\/hospitalclinicmaresme.com\/wp-content\/uploads\/2020\/06\/FotoLogopedia-Especialitats-HospitalClinicMataro-240x69.png 240w\" sizes=\"(max-width: 1500px) 100vw, 1500px\" \/><\/div><\/li><\/ul><\/div><\/div>\n<div id='av_section_1'  class='avia-section av-7u2x9t-1b566bb6d7161d8f2f6d4744f83615a6 main_color avia-section-default avia-no-border-styling  avia-builder-el-1  el_after_av_slideshow_full  avia-builder-el-last  avia-bg-style-scroll container_wrap fullsize'  ><div class='container av-section-cont-open' ><div class='template-page content  av-content-full alpha units'><div class='post-entry post-entry-type-page post-entry-8241'><div class='entry-content-wrapper clearfix'>\n<div  class='flex_column av-2mtgdd-799d3eef87a804378c06f69893c7e4eb av_one_full  avia-builder-el-2  el_before_av_one_half  avia-builder-el-first  first flex_column_div  '     ><style type=\"text\/css\" data-created_by=\"avia_inline_auto\" id=\"style-css-av-m21ywxm3-f3aa497a6798b666d3c891f65e394ce3\">\n#top .av_textblock_section.av-m21ywxm3-f3aa497a6798b666d3c891f65e394ce3 .avia_textblock{\ncolor:#007c95;\n}\n<\/style>\n<section  class='av_textblock_section av-m21ywxm3-f3aa497a6798b666d3c891f65e394ce3 '   itemscope=\"itemscope\" itemtype=\"https:\/\/schema.org\/CreativeWork\" ><div class='avia_textblock av_inherit_color'  itemprop=\"text\" ><h2 style=\"text-align: center;\">LOGOPEDIA<\/h2>\n<\/div><\/section><br \/>\n\n<style type=\"text\/css\" data-created_by=\"avia_inline_auto\" id=\"style-css-av-6186ch-f694c19e5679c160adfdac74511de4b6\">\n#top .hr.hr-invisible.av-6186ch-f694c19e5679c160adfdac74511de4b6{\nheight:10px;\n}\n<\/style>\n<div  class='hr av-6186ch-f694c19e5679c160adfdac74511de4b6 hr-invisible  avia-builder-el-4  el_after_av_textblock  el_before_av_textblock '><span class='hr-inner '><span class=\"hr-inner-style\"><\/span><\/span><\/div><br \/>\n<section  class='av_textblock_section av-m21yxurl-a913f73ac95f1b4435fec3c44ba60297 '   itemscope=\"itemscope\" itemtype=\"https:\/\/schema.org\/CreativeWork\" ><div class='avia_textblock'  itemprop=\"text\" ><h4 style=\"text-align: center;\">El logopeda es el profesional de la salud que se encarga de la detecci\u00f3n, diagn\u00f3stico, tratamiento, asesoramiento, docencia e investigaci\u00f3n de las \u00e1reas de la comunicaci\u00f3n humana y sus alteraciones.<\/h4>\n<p style=\"text-align: center;\">Si tienes sospechas que hay un problema en el lenguaje, en el habla, en la degluci\u00f3n, la audici\u00f3n o la comunicaci\u00f3n, pide la valoraci\u00f3n del logopeda. La detecci\u00f3n temprana es fundamental. Est\u00e1 comprobado que \u201cesperar a que\u2026\u201d, \u201cya hablar\u00e1\u2026\u201d, puede agraviar el problema.<\/p>\n<p style=\"text-align: center;\">En cualquier edad se puede ir al logopeda: ni\u00f1o, adolescente y adulto.<\/p>\n<\/div><\/section><\/p><\/div><div  class='flex_column av-3itxkh-af922fd71af55280fe1dee64fa4b46a0 av_one_half  avia-builder-el-6  el_after_av_one_full  el_before_av_one_half  first flex_column_div  column-top-margin'     ><section  class='av_textblock_section av-m21yyiy7-f798675a84ca4e07112e82bc183217f6 '   itemscope=\"itemscope\" itemtype=\"https:\/\/schema.org\/CreativeWork\" ><div class='avia_textblock'  itemprop=\"text\" ><p><strong>Nuestras \u00e1reas de trabajo:<\/strong><\/p>\n<ul>\n<li>La mejora de la pronunciaci\u00f3n de los fonemas (R, S, K &#8230;)<\/li>\n<li>Las dificultades en el acceso al l\u00e9xico<\/li>\n<li>Alteraciones en el habla (dislalias, disfemias, \u2026)<\/li>\n<li>Trabajar en las dificultades de la lectura y de la escritura (dislexia y disgraf\u00eda)<\/li>\n<li>La mejora de la comprensi\u00f3n del entorno<\/li>\n<li>Afasias<\/li>\n<\/ul>\n<\/div><\/section><\/div><div  class='flex_column av-2ij4td-787e93bbd58d81f68c25926ccc1979d1 av_one_half  avia-builder-el-8  el_after_av_one_half  el_before_av_textblock  flex_column_div  column-top-margin'     ><section  class='av_textblock_section av-m21yyp6l-ee512b1a64907d397a4fa9ceae643b41 '   itemscope=\"itemscope\" itemtype=\"https:\/\/schema.org\/CreativeWork\" ><div class='avia_textblock'  itemprop=\"text\" ><p><strong style=\"color: white;\">Nuestras \u00e1reas de trabajo:<\/strong><\/p>\n<ul>\n<li>La mejora en el tono, timbre y melod\u00eda de su voz<\/li>\n<li>Las dificultades de la fluencia del habla (tartamudez o disfemia)<\/li>\n<li>Potenciar y\/o aumentar lenguaje y el habla<\/li>\n<li>Problemas o dificultades con la alimentaci\u00f3n (degluciones at\u00edpicas, disfagias &#8230;)<\/li>\n<li>Enfermedades neurodegenerativas (Parkinson, Alzheimer&#8230;)<\/li>\n<li>Trastornos en la comunicaci\u00f3n por Ictus, traumatismo craneoencef\u00e1lico (TCE)<\/li>\n<\/ul>\n<\/div><\/section><\/div><section  class='av_textblock_section av-m21z0kfn-c13a41e35cd66dc18cb8870da9aeedd7 '   itemscope=\"itemscope\" itemtype=\"https:\/\/schema.org\/CreativeWork\" ><div class='avia_textblock'  itemprop=\"text\" ><p><strong>Normativa de anulaci\u00f3n de visitas<\/strong><\/p>\n<ul>\n<li>Las anulaciones tienen que ser notificadas con 24 horas de antelaci\u00f3n al siguiente correo electr\u00f3nico: recepcio1@hospitalclinicmaresme.com<\/li>\n<li>La no anulaci\u00f3n con 24 horas de antelaci\u00f3n comporta que el centro no puede reprogramar las visitas con otros pacientes que se mantienen en lista de espera y el profesional no puede aprovechar los vac\u00edos dejados. De este modo la notificaci\u00f3n de la anulaci\u00f3n de la visita en el periodo de tiempo marcado en esta normativa comportar\u00e1 el cobro de la visita al paciente.<\/li>\n<\/ul>\n<\/div><\/section>\n\n","protected":false},"excerpt":{"rendered":"","protected":false},"author":3,"featured_media":0,"parent":0,"menu_order":0,"comment_status":"closed","ping_status":"closed","template":"","meta":{"footnotes":""},"class_list":["post-8241","page","type-page","status-publish","hentry"],"yoast_head":"<!-- This site is optimized with the Yoast SEO plugin v27.5 - https:\/\/yoast.com\/product\/yoast-seo-wordpress\/ -->\n<title>LOGOPEDIA - Salut Mental - Hospital Cl\u00ednic Maresme<\/title>\n<meta name=\"robots\" content=\"index, follow, max-snippet:-1, max-image-preview:large, max-video-preview:-1\" \/>\n<link rel=\"canonical\" href=\"https:\/\/hospitalclinicmaresme.com\/es\/logopedia-salut-mental\/\" \/>\n<meta property=\"og:locale\" content=\"es_ES\" \/>\n<meta property=\"og:type\" content=\"article\" \/>\n<meta property=\"og:title\" content=\"LOGOPEDIA - Salut Mental - Hospital Cl\u00ednic Maresme\" \/>\n<meta property=\"og:url\" content=\"https:\/\/hospitalclinicmaresme.com\/es\/logopedia-salut-mental\/\" \/>\n<meta property=\"og:site_name\" content=\"Hospital Cl\u00ednic Maresme\" \/>\n<meta property=\"article:modified_time\" content=\"2024-10-15T10:04:54+00:00\" \/>\n<meta name=\"twitter:card\" content=\"summary_large_image\" \/>\n<meta name=\"twitter:label1\" content=\"Tiempo de lectura\" \/>\n\t<meta name=\"twitter:data1\" content=\"2 minutos\" \/>\n<script type=\"application\/ld+json\" class=\"yoast-schema-graph\">{\"@context\":\"https:\\\/\\\/schema.org\",\"@graph\":[{\"@type\":\"WebPage\",\"@id\":\"https:\\\/\\\/hospitalclinicmaresme.com\\\/es\\\/logopedia-salut-mental\\\/\",\"url\":\"https:\\\/\\\/hospitalclinicmaresme.com\\\/es\\\/logopedia-salut-mental\\\/\",\"name\":\"LOGOPEDIA - Salut Mental - Hospital Cl\u00ednic Maresme\",\"isPartOf\":{\"@id\":\"https:\\\/\\\/hospitalclinicmaresme.com\\\/es\\\/#website\"},\"datePublished\":\"2024-10-09T14:34:17+00:00\",\"dateModified\":\"2024-10-15T10:04:54+00:00\",\"breadcrumb\":{\"@id\":\"https:\\\/\\\/hospitalclinicmaresme.com\\\/es\\\/logopedia-salut-mental\\\/#breadcrumb\"},\"inLanguage\":\"es\",\"potentialAction\":[{\"@type\":\"ReadAction\",\"target\":[\"https:\\\/\\\/hospitalclinicmaresme.com\\\/es\\\/logopedia-salut-mental\\\/\"]}]},{\"@type\":\"BreadcrumbList\",\"@id\":\"https:\\\/\\\/hospitalclinicmaresme.com\\\/es\\\/logopedia-salut-mental\\\/#breadcrumb\",\"itemListElement\":[{\"@type\":\"ListItem\",\"position\":1,\"name\":\"Inici\",\"item\":\"https:\\\/\\\/hospitalclinicmaresme.com\\\/es\\\/inicio\\\/\"},{\"@type\":\"ListItem\",\"position\":2,\"name\":\"LOGOPEDIA &#8211; Salut Mental\"}]},{\"@type\":\"WebSite\",\"@id\":\"https:\\\/\\\/hospitalclinicmaresme.com\\\/es\\\/#website\",\"url\":\"https:\\\/\\\/hospitalclinicmaresme.com\\\/es\\\/\",\"name\":\"Hospital Cl\u00ednic Maresme\",\"description\":\"Just another WordPress site\",\"potentialAction\":[{\"@type\":\"SearchAction\",\"target\":{\"@type\":\"EntryPoint\",\"urlTemplate\":\"https:\\\/\\\/hospitalclinicmaresme.com\\\/es\\\/?s={search_term_string}\"},\"query-input\":{\"@type\":\"PropertyValueSpecification\",\"valueRequired\":true,\"valueName\":\"search_term_string\"}}],\"inLanguage\":\"es\"}]}<\/script>\n<!-- \/ Yoast SEO plugin. -->","yoast_head_json":{"title":"LOGOPEDIA - Salut Mental - Hospital Cl\u00ednic Maresme","robots":{"index":"index","follow":"follow","max-snippet":"max-snippet:-1","max-image-preview":"max-image-preview:large","max-video-preview":"max-video-preview:-1"},"canonical":"https:\/\/hospitalclinicmaresme.com\/es\/logopedia-salut-mental\/","og_locale":"es_ES","og_type":"article","og_title":"LOGOPEDIA - Salut Mental - Hospital Cl\u00ednic Maresme","og_url":"https:\/\/hospitalclinicmaresme.com\/es\/logopedia-salut-mental\/","og_site_name":"Hospital Cl\u00ednic Maresme","article_modified_time":"2024-10-15T10:04:54+00:00","twitter_card":"summary_large_image","twitter_misc":{"Tiempo de lectura":"2 minutos"},"schema":{"@context":"https:\/\/schema.org","@graph":[{"@type":"WebPage","@id":"https:\/\/hospitalclinicmaresme.com\/es\/logopedia-salut-mental\/","url":"https:\/\/hospitalclinicmaresme.com\/es\/logopedia-salut-mental\/","name":"LOGOPEDIA - Salut Mental - Hospital Cl\u00ednic Maresme","isPartOf":{"@id":"https:\/\/hospitalclinicmaresme.com\/es\/#website"},"datePublished":"2024-10-09T14:34:17+00:00","dateModified":"2024-10-15T10:04:54+00:00","breadcrumb":{"@id":"https:\/\/hospitalclinicmaresme.com\/es\/logopedia-salut-mental\/#breadcrumb"},"inLanguage":"es","potentialAction":[{"@type":"ReadAction","target":["https:\/\/hospitalclinicmaresme.com\/es\/logopedia-salut-mental\/"]}]},{"@type":"BreadcrumbList","@id":"https:\/\/hospitalclinicmaresme.com\/es\/logopedia-salut-mental\/#breadcrumb","itemListElement":[{"@type":"ListItem","position":1,"name":"Inici","item":"https:\/\/hospitalclinicmaresme.com\/es\/inicio\/"},{"@type":"ListItem","position":2,"name":"LOGOPEDIA &#8211; Salut Mental"}]},{"@type":"WebSite","@id":"https:\/\/hospitalclinicmaresme.com\/es\/#website","url":"https:\/\/hospitalclinicmaresme.com\/es\/","name":"Hospital Cl\u00ednic Maresme","description":"Just another WordPress site","potentialAction":[{"@type":"SearchAction","target":{"@type":"EntryPoint","urlTemplate":"https:\/\/hospitalclinicmaresme.com\/es\/?s={search_term_string}"},"query-input":{"@type":"PropertyValueSpecification","valueRequired":true,"valueName":"search_term_string"}}],"inLanguage":"es"}]}},"_links":{"self":[{"href":"https:\/\/hospitalclinicmaresme.com\/es\/wp-json\/wp\/v2\/pages\/8241","targetHints":{"allow":["GET"]}}],"collection":[{"href":"https:\/\/hospitalclinicmaresme.com\/es\/wp-json\/wp\/v2\/pages"}],"about":[{"href":"https:\/\/hospitalclinicmaresme.com\/es\/wp-json\/wp\/v2\/types\/page"}],"author":[{"embeddable":true,"href":"https:\/\/hospitalclinicmaresme.com\/es\/wp-json\/wp\/v2\/users\/3"}],"replies":[{"embeddable":true,"href":"https:\/\/hospitalclinicmaresme.com\/es\/wp-json\/wp\/v2\/comments?post=8241"}],"version-history":[{"count":0,"href":"https:\/\/hospitalclinicmaresme.com\/es\/wp-json\/wp\/v2\/pages\/8241\/revisions"}],"wp:attachment":[{"href":"https:\/\/hospitalclinicmaresme.com\/es\/wp-json\/wp\/v2\/media?parent=8241"}],"curies":[{"name":"wp","href":"https:\/\/api.w.org\/{rel}","templated":true}]}}