{"id":7862,"date":"2024-05-13T09:58:51","date_gmt":"2024-05-13T09:58:51","guid":{"rendered":"https:\/\/hospitalclinicmaresme.com\/centre-medic-mataro\/contacta-amb-nosaltres-centre-medic-mataro\/"},"modified":"2024-06-11T08:55:28","modified_gmt":"2024-06-11T08:55:28","slug":"contacta-con-nosotros-centre-medic-mataro","status":"publish","type":"page","link":"https:\/\/hospitalclinicmaresme.com\/es\/centre-medic-mataro\/contacta-con-nosotros-centre-medic-mataro\/","title":{"rendered":"Contacta con nosotros &#8211; Centre M\u00e8dic Matar\u00f3"},"content":{"rendered":"\n<style type=\"text\/css\" data-created_by=\"avia_inline_auto\" id=\"style-css-av-lw4sj269-b458a41a0f3381d4a23882c04c3c8ab9\">\n.avia-section.av-lw4sj269-b458a41a0f3381d4a23882c04c3c8ab9{\nbackground-color:#c5a236;\nbackground-image:unset;\n}\n<\/style>\n<div id='av_section_1'  class='avia-section av-lw4sj269-b458a41a0f3381d4a23882c04c3c8ab9 main_color avia-section-default avia-no-border-styling  avia-builder-el-0  el_before_av_section  avia-builder-el-first  avia-bg-style-scroll container_wrap fullsize'  ><div class='container av-section-cont-open' ><main  role=\"main\" itemprop=\"mainContentOfPage\"  class='template-page content  av-content-full alpha units'><div class='post-entry post-entry-type-page post-entry-7862'><div class='entry-content-wrapper clearfix'>\n<div  class='flex_column av-6gl5do-ae321e4a58d70b3de65886fdcc689f28 av_one_full  avia-builder-el-1  avia-builder-el-no-sibling  first flex_column_div  '     ><style type=\"text\/css\" data-created_by=\"avia_inline_auto\" id=\"style-css-av-lw4sjpqo-85fa5aa2a96ff2f3da054be032071542\">\n#top .av_textblock_section.av-lw4sjpqo-85fa5aa2a96ff2f3da054be032071542 .avia_textblock{\ncolor:#ffffff;\n}\n<\/style>\n<section  class='av_textblock_section av-lw4sjpqo-85fa5aa2a96ff2f3da054be032071542 '   itemscope=\"itemscope\" itemtype=\"https:\/\/schema.org\/CreativeWork\" ><div class='avia_textblock av_inherit_color'  itemprop=\"text\" ><h2 style=\"text-align: center;\">CONTACTA CON NOSOTROS &#8211; CENTRE M\u00c8DIC MATAR\u00d3<\/h2>\n<\/div><\/section><\/div><\/div><\/div><\/main><!-- close content main element --><\/div><\/div><div id='av_section_2'  class='avia-section av-4nkeek-24125383f1290e18de2aa87006e32ec5 main_color avia-section-default avia-no-border-styling  avia-builder-el-3  el_after_av_section  avia-builder-el-last  avia-bg-style-scroll container_wrap fullsize'  ><div class='container av-section-cont-open' ><div class='template-page content  av-content-full alpha units'><div class='post-entry post-entry-type-page post-entry-7862'><div class='entry-content-wrapper clearfix'>\n<div class='flex_column_table av-lw4skbys-e9b4d84d0b5f33ad441efad4aa1f4071 sc-av_two_third av-equal-height-column-flextable'><div  class='flex_column av-lw4skbys-e9b4d84d0b5f33ad441efad4aa1f4071 av_two_third  avia-builder-el-4  el_before_av_one_third  avia-builder-el-first  first flex_column_table_cell av-equal-height-column av-align-middle  '     ><div  class='av_gmaps_sc_main_wrap av_gmaps_main_wrap '><div id='av_gmap_0' class='avia-google-map-container avia-google-map-sc av_gmaps_show_unconditionally av-no-fallback-img ' data-mapid='av_gmap_0'  style='height: 400px;'><a class=\"av_gmaps_browser_disabled av_text_confirm_link av_text_confirm_link_visible\" href=\"https:\/\/www.google.com\/maps\/search\/?api=1&#038;query=C\/%20Col\u00f3n,%2063%2008301%20Matar\u00f3%20Barcelona%20Espa\u00f1a\" target=\"_blank\">Maps were disabled by the visitor on this site. Click to open the map in a new window.<\/a><\/div><\/div><\/div><div class='av-flex-placeholder'><\/div><div  class='flex_column av-2sj7ek-298b0cfefa2a25ff26775bbb83d45ec4 av_one_third  avia-builder-el-6  el_after_av_two_third  avia-builder-el-last  flex_column_table_cell av-equal-height-column av-align-middle  '     ><style type=\"text\/css\" data-created_by=\"avia_inline_auto\" id=\"style-css-av-lw4sd1q2-d0169bad9efc0f352a619d7e398bde23\">\n.iconbox.av-lw4sd1q2-d0169bad9efc0f352a619d7e398bde23 .iconbox_icon{\nbackground-color:#c5a236;\nborder:1px solid #c5a236;\n}\n<\/style>\n<article  class='iconbox iconbox_top av-lw4sd1q2-d0169bad9efc0f352a619d7e398bde23  avia-builder-el-7  avia-builder-el-no-sibling  main_color'  itemscope=\"itemscope\" itemtype=\"https:\/\/schema.org\/CreativeWork\" ><div class=\"iconbox_content\"><header class=\"entry-content-header\" aria-label=\"Icon: CONTACTA CON NOSOTROS\"><div class='iconbox_icon heading-color avia-iconfont avia-font-entypo-fontello' data-av_icon='\ue854' data-av_iconfont='entypo-fontello'  ><\/div><h3 class='iconbox_content_title '  itemprop=\"headline\" >CONTACTA CON NOSOTROS<\/h3><\/header><div class='iconbox_content_container '  itemprop=\"text\" ><p style=\"text-align: center;\">Si quiere solicitar una cita pongas en contacto mediante nuestro tel\u00e9fono o el email adjunto:<\/p>\n<p style=\"text-align: center; font-size: 20pt;\"><big><a id=\"ConvCallFooter\" href=\"tel:937908484\">+34 93 790 84 84<\/a><\/big><\/p>\n<p style=\"text-align: center;\"><big><a id=\"ConvMailFooter\" href=\"mailto:info@mediccentermataro.com\">info@mediccentermataro.com<\/a><\/big><\/p>\n<\/div><\/div><footer class=\"entry-footer\"><\/footer><\/article><\/div><\/div><!--close column table wrapper. Autoclose: 1 --><\/p>\n","protected":false},"excerpt":{"rendered":"","protected":false},"author":3,"featured_media":0,"parent":7762,"menu_order":0,"comment_status":"closed","ping_status":"closed","template":"","meta":{"footnotes":""},"class_list":["post-7862","page","type-page","status-publish","hentry"],"yoast_head":"<!-- This site is optimized with the Yoast SEO plugin v27.6 - https:\/\/yoast.com\/product\/yoast-seo-wordpress\/ -->\n<title>Contacta con nosotros - Centre M\u00e8dic Matar\u00f3 - Hospital Cl\u00ednic Maresme<\/title>\n<meta name=\"robots\" content=\"index, follow, max-snippet:-1, max-image-preview:large, max-video-preview:-1\" \/>\n<link rel=\"canonical\" href=\"https:\/\/hospitalclinicmaresme.com\/es\/centre-medic-mataro\/contacta-con-nosotros-centre-medic-mataro\/\" \/>\n<meta property=\"og:locale\" content=\"es_ES\" \/>\n<meta property=\"og:type\" content=\"article\" \/>\n<meta property=\"og:title\" content=\"Contacta con nosotros - Centre M\u00e8dic Matar\u00f3 - Hospital Cl\u00ednic Maresme\" \/>\n<meta property=\"og:url\" content=\"https:\/\/hospitalclinicmaresme.com\/es\/centre-medic-mataro\/contacta-con-nosotros-centre-medic-mataro\/\" \/>\n<meta property=\"og:site_name\" content=\"Hospital Cl\u00ednic Maresme\" \/>\n<meta property=\"article:modified_time\" content=\"2024-06-11T08:55:28+00:00\" \/>\n<meta name=\"twitter:card\" content=\"summary_large_image\" \/>\n<meta name=\"twitter:label1\" content=\"Tiempo de lectura\" \/>\n\t<meta name=\"twitter:data1\" content=\"1 minuto\" \/>\n<script type=\"application\/ld+json\" class=\"yoast-schema-graph\">{\"@context\":\"https:\\\/\\\/schema.org\",\"@graph\":[{\"@type\":\"WebPage\",\"@id\":\"https:\\\/\\\/hospitalclinicmaresme.com\\\/es\\\/centre-medic-mataro\\\/contacta-con-nosotros-centre-medic-mataro\\\/\",\"url\":\"https:\\\/\\\/hospitalclinicmaresme.com\\\/es\\\/centre-medic-mataro\\\/contacta-con-nosotros-centre-medic-mataro\\\/\",\"name\":\"Contacta con nosotros - Centre M\u00e8dic Matar\u00f3 - Hospital Cl\u00ednic Maresme\",\"isPartOf\":{\"@id\":\"https:\\\/\\\/hospitalclinicmaresme.com\\\/es\\\/#website\"},\"datePublished\":\"2024-05-13T09:58:51+00:00\",\"dateModified\":\"2024-06-11T08:55:28+00:00\",\"breadcrumb\":{\"@id\":\"https:\\\/\\\/hospitalclinicmaresme.com\\\/es\\\/centre-medic-mataro\\\/contacta-con-nosotros-centre-medic-mataro\\\/#breadcrumb\"},\"inLanguage\":\"es\",\"potentialAction\":[{\"@type\":\"ReadAction\",\"target\":[\"https:\\\/\\\/hospitalclinicmaresme.com\\\/es\\\/centre-medic-mataro\\\/contacta-con-nosotros-centre-medic-mataro\\\/\"]}]},{\"@type\":\"BreadcrumbList\",\"@id\":\"https:\\\/\\\/hospitalclinicmaresme.com\\\/es\\\/centre-medic-mataro\\\/contacta-con-nosotros-centre-medic-mataro\\\/#breadcrumb\",\"itemListElement\":[{\"@type\":\"ListItem\",\"position\":1,\"name\":\"Inici\",\"item\":\"https:\\\/\\\/hospitalclinicmaresme.com\\\/es\\\/inicio\\\/\"},{\"@type\":\"ListItem\",\"position\":2,\"name\":\"Centre M\u00e8dic Matar\u00f3\",\"item\":\"https:\\\/\\\/hospitalclinicmaresme.com\\\/es\\\/centre-medic-mataro\\\/\"},{\"@type\":\"ListItem\",\"position\":3,\"name\":\"Contacta con nosotros &#8211; Centre M\u00e8dic Matar\u00f3\"}]},{\"@type\":\"WebSite\",\"@id\":\"https:\\\/\\\/hospitalclinicmaresme.com\\\/es\\\/#website\",\"url\":\"https:\\\/\\\/hospitalclinicmaresme.com\\\/es\\\/\",\"name\":\"Hospital Cl\u00ednic Maresme\",\"description\":\"Just another WordPress site\",\"potentialAction\":[{\"@type\":\"SearchAction\",\"target\":{\"@type\":\"EntryPoint\",\"urlTemplate\":\"https:\\\/\\\/hospitalclinicmaresme.com\\\/es\\\/?s={search_term_string}\"},\"query-input\":{\"@type\":\"PropertyValueSpecification\",\"valueRequired\":true,\"valueName\":\"search_term_string\"}}],\"inLanguage\":\"es\"}]}<\/script>\n<!-- \/ Yoast SEO plugin. -->","yoast_head_json":{"title":"Contacta con nosotros - Centre M\u00e8dic Matar\u00f3 - Hospital Cl\u00ednic Maresme","robots":{"index":"index","follow":"follow","max-snippet":"max-snippet:-1","max-image-preview":"max-image-preview:large","max-video-preview":"max-video-preview:-1"},"canonical":"https:\/\/hospitalclinicmaresme.com\/es\/centre-medic-mataro\/contacta-con-nosotros-centre-medic-mataro\/","og_locale":"es_ES","og_type":"article","og_title":"Contacta con nosotros - Centre M\u00e8dic Matar\u00f3 - Hospital Cl\u00ednic Maresme","og_url":"https:\/\/hospitalclinicmaresme.com\/es\/centre-medic-mataro\/contacta-con-nosotros-centre-medic-mataro\/","og_site_name":"Hospital Cl\u00ednic Maresme","article_modified_time":"2024-06-11T08:55:28+00:00","twitter_card":"summary_large_image","twitter_misc":{"Tiempo de lectura":"1 minuto"},"schema":{"@context":"https:\/\/schema.org","@graph":[{"@type":"WebPage","@id":"https:\/\/hospitalclinicmaresme.com\/es\/centre-medic-mataro\/contacta-con-nosotros-centre-medic-mataro\/","url":"https:\/\/hospitalclinicmaresme.com\/es\/centre-medic-mataro\/contacta-con-nosotros-centre-medic-mataro\/","name":"Contacta con nosotros - Centre M\u00e8dic Matar\u00f3 - Hospital Cl\u00ednic Maresme","isPartOf":{"@id":"https:\/\/hospitalclinicmaresme.com\/es\/#website"},"datePublished":"2024-05-13T09:58:51+00:00","dateModified":"2024-06-11T08:55:28+00:00","breadcrumb":{"@id":"https:\/\/hospitalclinicmaresme.com\/es\/centre-medic-mataro\/contacta-con-nosotros-centre-medic-mataro\/#breadcrumb"},"inLanguage":"es","potentialAction":[{"@type":"ReadAction","target":["https:\/\/hospitalclinicmaresme.com\/es\/centre-medic-mataro\/contacta-con-nosotros-centre-medic-mataro\/"]}]},{"@type":"BreadcrumbList","@id":"https:\/\/hospitalclinicmaresme.com\/es\/centre-medic-mataro\/contacta-con-nosotros-centre-medic-mataro\/#breadcrumb","itemListElement":[{"@type":"ListItem","position":1,"name":"Inici","item":"https:\/\/hospitalclinicmaresme.com\/es\/inicio\/"},{"@type":"ListItem","position":2,"name":"Centre M\u00e8dic Matar\u00f3","item":"https:\/\/hospitalclinicmaresme.com\/es\/centre-medic-mataro\/"},{"@type":"ListItem","position":3,"name":"Contacta con nosotros &#8211; Centre M\u00e8dic Matar\u00f3"}]},{"@type":"WebSite","@id":"https:\/\/hospitalclinicmaresme.com\/es\/#website","url":"https:\/\/hospitalclinicmaresme.com\/es\/","name":"Hospital Cl\u00ednic Maresme","description":"Just another WordPress site","potentialAction":[{"@type":"SearchAction","target":{"@type":"EntryPoint","urlTemplate":"https:\/\/hospitalclinicmaresme.com\/es\/?s={search_term_string}"},"query-input":{"@type":"PropertyValueSpecification","valueRequired":true,"valueName":"search_term_string"}}],"inLanguage":"es"}]}},"_links":{"self":[{"href":"https:\/\/hospitalclinicmaresme.com\/es\/wp-json\/wp\/v2\/pages\/7862","targetHints":{"allow":["GET"]}}],"collection":[{"href":"https:\/\/hospitalclinicmaresme.com\/es\/wp-json\/wp\/v2\/pages"}],"about":[{"href":"https:\/\/hospitalclinicmaresme.com\/es\/wp-json\/wp\/v2\/types\/page"}],"author":[{"embeddable":true,"href":"https:\/\/hospitalclinicmaresme.com\/es\/wp-json\/wp\/v2\/users\/3"}],"replies":[{"embeddable":true,"href":"https:\/\/hospitalclinicmaresme.com\/es\/wp-json\/wp\/v2\/comments?post=7862"}],"version-history":[{"count":0,"href":"https:\/\/hospitalclinicmaresme.com\/es\/wp-json\/wp\/v2\/pages\/7862\/revisions"}],"up":[{"embeddable":true,"href":"https:\/\/hospitalclinicmaresme.com\/es\/wp-json\/wp\/v2\/pages\/7762"}],"wp:attachment":[{"href":"https:\/\/hospitalclinicmaresme.com\/es\/wp-json\/wp\/v2\/media?parent=7862"}],"curies":[{"name":"wp","href":"https:\/\/api.w.org\/{rel}","templated":true}]}}