{"id":7770,"date":"2024-04-19T18:38:48","date_gmt":"2024-04-19T18:38:48","guid":{"rendered":"https:\/\/hospitalclinicmaresme.com\/quadre-medic-cerca-centre-medic-mataro\/"},"modified":"2024-06-11T09:11:28","modified_gmt":"2024-06-11T09:11:28","slug":"quadre-medic-cerca-centre-medic-mataro","status":"publish","type":"page","link":"https:\/\/hospitalclinicmaresme.com\/es\/centre-medic-mataro\/quadre-medic-cerca-centre-medic-mataro\/","title":{"rendered":"Quadre m\u00e8dic Centre M\u00e8dic Matar\u00f3"},"content":{"rendered":"<div id='av_section_1'  class='avia-section av-7jco8x-39697a603e4316abe749caaf97d4d2f0 main_color avia-section-default avia-no-border-styling  avia-builder-el-0  el_before_av_section  avia-builder-el-first  avia-bg-style-scroll container_wrap fullsize'  ><div class='container av-section-cont-open' ><main  role=\"main\" itemprop=\"mainContentOfPage\"  class='template-page content  av-content-full alpha units'><div class='post-entry post-entry-type-page post-entry-7770'><div class='entry-content-wrapper clearfix'>\n<div  class='flex_column av-6javkh-98a904b6d735fe203305185c0511efc1 av_one_third  avia-builder-el-1  el_before_av_one_third  avia-builder-el-first  first flex_column_div  '     ><\/div><div  class='flex_column av-4b17sh-a7ca7b2b68dc478d9ca68e4839fa7f69 av_one_third  avia-builder-el-2  el_after_av_one_third  el_before_av_one_third  flex_column_div  '     ><style type=\"text\/css\" data-created_by=\"avia_inline_auto\" id=\"style-css-av-lvkxql5j-0c5df762983d9ba6f54e20d9cab97be8\">\n.avia-image-container.av-lvkxql5j-0c5df762983d9ba6f54e20d9cab97be8 img.avia_image{\nbox-shadow:none;\n}\n.avia-image-container.av-lvkxql5j-0c5df762983d9ba6f54e20d9cab97be8 .av-image-caption-overlay-center{\ncolor:#ffffff;\n}\n<\/style>\n<div  class='avia-image-container av-lvkxql5j-0c5df762983d9ba6f54e20d9cab97be8 av-styling- avia-align-center  avia-builder-el-3  avia-builder-el-no-sibling '   itemprop=\"image\" itemscope=\"itemscope\" itemtype=\"https:\/\/schema.org\/ImageObject\" ><div class=\"avia-image-container-inner\"><div class=\"avia-image-overlay-wrap\"><img decoding=\"async\" fetchpriority=\"high\" class='wp-image-7320 avia-img-lazy-loading-not-7320 avia_image ' src=\"https:\/\/hospitalclinicmaresme.com\/wp-content\/uploads\/2024\/04\/LOGO_CENTRE-MEDIC-MATARO-WEB-1.png\" alt='' title='LOGO_CENTRE-ME\u0300DIC-MATARO\u0301-WEB'  height=\"231\" width=\"600\"  itemprop=\"thumbnailUrl\" srcset=\"https:\/\/hospitalclinicmaresme.com\/wp-content\/uploads\/2024\/04\/LOGO_CENTRE-MEDIC-MATARO-WEB-1.png 600w, https:\/\/hospitalclinicmaresme.com\/wp-content\/uploads\/2024\/04\/LOGO_CENTRE-MEDIC-MATARO-WEB-1-300x116.png 300w, https:\/\/hospitalclinicmaresme.com\/wp-content\/uploads\/2024\/04\/LOGO_CENTRE-MEDIC-MATARO-WEB-1-240x92.png 240w\" sizes=\"(max-width: 600px) 100vw, 600px\" \/><\/div><\/div><\/div><\/div><div  class='flex_column av-2j4jpt-147a500332001bc8dbe0880146865df2 av_one_third  avia-builder-el-4  el_after_av_one_third  avia-builder-el-last  flex_column_div  '     ><\/div>\n\n<\/div><\/div><\/main><!-- close content main element --><\/div><\/div>\n<style type=\"text\/css\" data-created_by=\"avia_inline_auto\" id=\"style-css-av-b9skcx-d00c7846a32839f0808c01097eeeccc6\">\n.avia-section.av-b9skcx-d00c7846a32839f0808c01097eeeccc6{\nbackground-color:#c6a336;\nbackground-image:unset;\n}\n<\/style>\n<div id='caixa_resultats_gran'  class='avia-section av-b9skcx-d00c7846a32839f0808c01097eeeccc6 main_color avia-section-default avia-no-border-styling  avia-builder-el-5  el_after_av_section  el_before_av_section  avia-bg-style-scroll container_wrap fullsize'  ><div class='container av-section-cont-open' ><div class='template-page content  av-content-full alpha units'><div class='post-entry post-entry-type-page post-entry-7770'><div class='entry-content-wrapper clearfix'>\n\n<style type=\"text\/css\" data-created_by=\"avia_inline_auto\" id=\"style-css-av-9vqv8x-fc830b2a172db86b1526cfb3299f8d3a\">\n#top .av_textblock_section.av-9vqv8x-fc830b2a172db86b1526cfb3299f8d3a .avia_textblock{\ncolor:#ffffff;\n}\n<\/style>\n<section  class='av_textblock_section av-9vqv8x-fc830b2a172db86b1526cfb3299f8d3a '   itemscope=\"itemscope\" itemtype=\"https:\/\/schema.org\/CreativeWork\" ><div class='avia_textblock av_inherit_color'  itemprop=\"text\" ><h1 style=\"text-align: center;\">CUADRO M\u00c9DICO<br \/>\nCENTRE M\u00c8DIC MATAR\u00d3<\/h1>\n<\/div><\/section>\n\n<style type=\"text\/css\" data-created_by=\"avia_inline_auto\" id=\"style-css-av-7l2twh-7d326b2a38d04c7a8b5610b2bd1fb0a7\">\n#top .hr.av-7l2twh-7d326b2a38d04c7a8b5610b2bd1fb0a7{\nmargin-top:-10px;\nmargin-bottom:30px;\n}\n.hr.av-7l2twh-7d326b2a38d04c7a8b5610b2bd1fb0a7 .hr-inner{\nwidth:50px;\nborder-color:#ffffff;\n}\n<\/style>\n<div  class='hr av-7l2twh-7d326b2a38d04c7a8b5610b2bd1fb0a7 hr-custom  avia-builder-el-7  el_after_av_textblock  el_before_av_textblock  hr-center hr-icon-no'><span class='hr-inner inner-border-av-border-fat'><span class=\"hr-inner-style\"><\/span><\/span><\/div>\n<section  class='av_textblock_section av-lv70kkpv-bf9970d7a6341645012e7a1d44e8c393 '   itemscope=\"itemscope\" itemtype=\"https:\/\/schema.org\/CreativeWork\" ><div class='avia_textblock'  itemprop=\"text\" >\n<div id=\"gtx-trans\" style=\"position: absolute; left: 307px; top: 45.5938px;\">\n<div class=\"gtx-trans-icon\"><\/div>\n<\/div>\n<\/div><\/section>\n<\/div><\/div><\/div><!-- close content main div --><\/div><\/div><div id='av_section_3'  class='avia-section av-5d1qrl-cb17f2348301114101407799868a3893 main_color avia-section-default avia-no-border-styling  avia-builder-el-9  el_after_av_section  avia-builder-el-last  especialitats_llistat avia-bg-style-scroll container_wrap fullsize'  ><div class='container av-section-cont-open' ><div class='template-page content  av-content-full alpha units'><div class='post-entry post-entry-type-page post-entry-7770'><div class='entry-content-wrapper clearfix'>\n\n<style type=\"text\/css\" data-created_by=\"avia_inline_auto\" id=\"style-css-av-3k0s2p-5d1b2baa9692de1b0b415bb96746442b\">\n#top .av_textblock_section.av-3k0s2p-5d1b2baa9692de1b0b415bb96746442b .avia_textblock{\ncolor:#9b9c9e;\n}\n<\/style>\n<section  class='av_textblock_section av-3k0s2p-5d1b2baa9692de1b0b415bb96746442b '   itemscope=\"itemscope\" itemtype=\"https:\/\/schema.org\/CreativeWork\" ><div class='avia_textblock av_inherit_color'  itemprop=\"text\" ><h3 style=\"text-align: center;\">NUESTRAS ESPECIALIDADES<\/h3>\n<\/div><\/section>\n\n<style type=\"text\/css\" data-created_by=\"avia_inline_auto\" id=\"style-css-av-335csh-aa422e05c13235fb4ecf1017d2f59f4a\">\n#top .hr.av-335csh-aa422e05c13235fb4ecf1017d2f59f4a{\nmargin-top:-10px;\nmargin-bottom:30px;\n}\n.hr.av-335csh-aa422e05c13235fb4ecf1017d2f59f4a .hr-inner{\nwidth:50px;\nborder-color:#c6a336;\n}\n<\/style>\n<div  class='hr av-335csh-aa422e05c13235fb4ecf1017d2f59f4a hr-custom  avia-builder-el-11  el_after_av_textblock  el_before_av_textblock  hr-center hr-icon-no'><span class='hr-inner inner-border-av-border-fat'><span class=\"hr-inner-style\"><\/span><\/span><\/div>\n<section  class='av_textblock_section av-lv70koz7-fd3db694cadfd01ef183bfb85de11d13 '   itemscope=\"itemscope\" itemtype=\"https:\/\/schema.org\/CreativeWork\" ><div class='avia_textblock'  itemprop=\"text\" >\n<div id=\"gtx-trans\" style=\"position: absolute; left: 302px; top: -2.40625px;\">\n<div class=\"gtx-trans-icon\"><\/div>\n<\/div>\n<\/div><\/section>\n<\/p>\n","protected":false},"excerpt":{"rendered":"","protected":false},"author":1,"featured_media":0,"parent":7762,"menu_order":0,"comment_status":"closed","ping_status":"closed","template":"","meta":{"footnotes":""},"class_list":["post-7770","page","type-page","status-publish","hentry"],"yoast_head":"<!-- This site is optimized with the Yoast SEO plugin v27.5 - https:\/\/yoast.com\/product\/yoast-seo-wordpress\/ -->\n<title>Quadre m\u00e8dic Centre M\u00e8dic Matar\u00f3 - Hospital Cl\u00ednic Maresme<\/title>\n<meta name=\"robots\" content=\"index, follow, max-snippet:-1, max-image-preview:large, max-video-preview:-1\" \/>\n<link rel=\"canonical\" href=\"https:\/\/hospitalclinicmaresme.com\/es\/centre-medic-mataro\/quadre-medic-cerca-centre-medic-mataro\/\" \/>\n<meta property=\"og:locale\" content=\"es_ES\" \/>\n<meta property=\"og:type\" content=\"article\" \/>\n<meta property=\"og:title\" content=\"Quadre m\u00e8dic Centre M\u00e8dic Matar\u00f3 - Hospital Cl\u00ednic Maresme\" \/>\n<meta property=\"og:url\" content=\"https:\/\/hospitalclinicmaresme.com\/es\/centre-medic-mataro\/quadre-medic-cerca-centre-medic-mataro\/\" \/>\n<meta property=\"og:site_name\" content=\"Hospital Cl\u00ednic Maresme\" \/>\n<meta property=\"article:modified_time\" content=\"2024-06-11T09:11:28+00:00\" \/>\n<meta name=\"twitter:card\" content=\"summary_large_image\" \/>\n<meta name=\"twitter:label1\" content=\"Tiempo de lectura\" \/>\n\t<meta name=\"twitter:data1\" content=\"1 minuto\" \/>\n<script type=\"application\/ld+json\" class=\"yoast-schema-graph\">{\"@context\":\"https:\\\/\\\/schema.org\",\"@graph\":[{\"@type\":\"WebPage\",\"@id\":\"https:\\\/\\\/hospitalclinicmaresme.com\\\/es\\\/centre-medic-mataro\\\/quadre-medic-cerca-centre-medic-mataro\\\/\",\"url\":\"https:\\\/\\\/hospitalclinicmaresme.com\\\/es\\\/centre-medic-mataro\\\/quadre-medic-cerca-centre-medic-mataro\\\/\",\"name\":\"Quadre m\u00e8dic Centre M\u00e8dic Matar\u00f3 - Hospital Cl\u00ednic Maresme\",\"isPartOf\":{\"@id\":\"https:\\\/\\\/hospitalclinicmaresme.com\\\/es\\\/#website\"},\"datePublished\":\"2024-04-19T18:38:48+00:00\",\"dateModified\":\"2024-06-11T09:11:28+00:00\",\"breadcrumb\":{\"@id\":\"https:\\\/\\\/hospitalclinicmaresme.com\\\/es\\\/centre-medic-mataro\\\/quadre-medic-cerca-centre-medic-mataro\\\/#breadcrumb\"},\"inLanguage\":\"es\",\"potentialAction\":[{\"@type\":\"ReadAction\",\"target\":[\"https:\\\/\\\/hospitalclinicmaresme.com\\\/es\\\/centre-medic-mataro\\\/quadre-medic-cerca-centre-medic-mataro\\\/\"]}]},{\"@type\":\"BreadcrumbList\",\"@id\":\"https:\\\/\\\/hospitalclinicmaresme.com\\\/es\\\/centre-medic-mataro\\\/quadre-medic-cerca-centre-medic-mataro\\\/#breadcrumb\",\"itemListElement\":[{\"@type\":\"ListItem\",\"position\":1,\"name\":\"Inici\",\"item\":\"https:\\\/\\\/hospitalclinicmaresme.com\\\/es\\\/inicio\\\/\"},{\"@type\":\"ListItem\",\"position\":2,\"name\":\"Centre M\u00e8dic Matar\u00f3\",\"item\":\"https:\\\/\\\/hospitalclinicmaresme.com\\\/es\\\/centre-medic-mataro\\\/\"},{\"@type\":\"ListItem\",\"position\":3,\"name\":\"Quadre m\u00e8dic Centre M\u00e8dic Matar\u00f3\"}]},{\"@type\":\"WebSite\",\"@id\":\"https:\\\/\\\/hospitalclinicmaresme.com\\\/es\\\/#website\",\"url\":\"https:\\\/\\\/hospitalclinicmaresme.com\\\/es\\\/\",\"name\":\"Hospital Cl\u00ednic Maresme\",\"description\":\"Just another WordPress site\",\"potentialAction\":[{\"@type\":\"SearchAction\",\"target\":{\"@type\":\"EntryPoint\",\"urlTemplate\":\"https:\\\/\\\/hospitalclinicmaresme.com\\\/es\\\/?s={search_term_string}\"},\"query-input\":{\"@type\":\"PropertyValueSpecification\",\"valueRequired\":true,\"valueName\":\"search_term_string\"}}],\"inLanguage\":\"es\"}]}<\/script>\n<!-- \/ Yoast SEO plugin. -->","yoast_head_json":{"title":"Quadre m\u00e8dic Centre M\u00e8dic Matar\u00f3 - Hospital Cl\u00ednic Maresme","robots":{"index":"index","follow":"follow","max-snippet":"max-snippet:-1","max-image-preview":"max-image-preview:large","max-video-preview":"max-video-preview:-1"},"canonical":"https:\/\/hospitalclinicmaresme.com\/es\/centre-medic-mataro\/quadre-medic-cerca-centre-medic-mataro\/","og_locale":"es_ES","og_type":"article","og_title":"Quadre m\u00e8dic Centre M\u00e8dic Matar\u00f3 - Hospital Cl\u00ednic Maresme","og_url":"https:\/\/hospitalclinicmaresme.com\/es\/centre-medic-mataro\/quadre-medic-cerca-centre-medic-mataro\/","og_site_name":"Hospital Cl\u00ednic Maresme","article_modified_time":"2024-06-11T09:11:28+00:00","twitter_card":"summary_large_image","twitter_misc":{"Tiempo de lectura":"1 minuto"},"schema":{"@context":"https:\/\/schema.org","@graph":[{"@type":"WebPage","@id":"https:\/\/hospitalclinicmaresme.com\/es\/centre-medic-mataro\/quadre-medic-cerca-centre-medic-mataro\/","url":"https:\/\/hospitalclinicmaresme.com\/es\/centre-medic-mataro\/quadre-medic-cerca-centre-medic-mataro\/","name":"Quadre m\u00e8dic Centre M\u00e8dic Matar\u00f3 - Hospital Cl\u00ednic Maresme","isPartOf":{"@id":"https:\/\/hospitalclinicmaresme.com\/es\/#website"},"datePublished":"2024-04-19T18:38:48+00:00","dateModified":"2024-06-11T09:11:28+00:00","breadcrumb":{"@id":"https:\/\/hospitalclinicmaresme.com\/es\/centre-medic-mataro\/quadre-medic-cerca-centre-medic-mataro\/#breadcrumb"},"inLanguage":"es","potentialAction":[{"@type":"ReadAction","target":["https:\/\/hospitalclinicmaresme.com\/es\/centre-medic-mataro\/quadre-medic-cerca-centre-medic-mataro\/"]}]},{"@type":"BreadcrumbList","@id":"https:\/\/hospitalclinicmaresme.com\/es\/centre-medic-mataro\/quadre-medic-cerca-centre-medic-mataro\/#breadcrumb","itemListElement":[{"@type":"ListItem","position":1,"name":"Inici","item":"https:\/\/hospitalclinicmaresme.com\/es\/inicio\/"},{"@type":"ListItem","position":2,"name":"Centre M\u00e8dic Matar\u00f3","item":"https:\/\/hospitalclinicmaresme.com\/es\/centre-medic-mataro\/"},{"@type":"ListItem","position":3,"name":"Quadre m\u00e8dic Centre M\u00e8dic Matar\u00f3"}]},{"@type":"WebSite","@id":"https:\/\/hospitalclinicmaresme.com\/es\/#website","url":"https:\/\/hospitalclinicmaresme.com\/es\/","name":"Hospital Cl\u00ednic Maresme","description":"Just another WordPress site","potentialAction":[{"@type":"SearchAction","target":{"@type":"EntryPoint","urlTemplate":"https:\/\/hospitalclinicmaresme.com\/es\/?s={search_term_string}"},"query-input":{"@type":"PropertyValueSpecification","valueRequired":true,"valueName":"search_term_string"}}],"inLanguage":"es"}]}},"_links":{"self":[{"href":"https:\/\/hospitalclinicmaresme.com\/es\/wp-json\/wp\/v2\/pages\/7770","targetHints":{"allow":["GET"]}}],"collection":[{"href":"https:\/\/hospitalclinicmaresme.com\/es\/wp-json\/wp\/v2\/pages"}],"about":[{"href":"https:\/\/hospitalclinicmaresme.com\/es\/wp-json\/wp\/v2\/types\/page"}],"author":[{"embeddable":true,"href":"https:\/\/hospitalclinicmaresme.com\/es\/wp-json\/wp\/v2\/users\/1"}],"replies":[{"embeddable":true,"href":"https:\/\/hospitalclinicmaresme.com\/es\/wp-json\/wp\/v2\/comments?post=7770"}],"version-history":[{"count":0,"href":"https:\/\/hospitalclinicmaresme.com\/es\/wp-json\/wp\/v2\/pages\/7770\/revisions"}],"up":[{"embeddable":true,"href":"https:\/\/hospitalclinicmaresme.com\/es\/wp-json\/wp\/v2\/pages\/7762"}],"wp:attachment":[{"href":"https:\/\/hospitalclinicmaresme.com\/es\/wp-json\/wp\/v2\/media?parent=7770"}],"curies":[{"name":"wp","href":"https:\/\/api.w.org\/{rel}","templated":true}]}}