{"id":6759,"date":"2023-11-14T09:43:07","date_gmt":"2023-11-14T09:43:07","guid":{"rendered":"https:\/\/hospitalclinicmaresme.com\/canal-etic\/"},"modified":"2023-11-30T08:43:56","modified_gmt":"2023-11-30T08:43:56","slug":"canal-etico","status":"publish","type":"page","link":"https:\/\/hospitalclinicmaresme.com\/es\/canal-etico\/","title":{"rendered":"Canal \u00e9tico"},"content":{"rendered":"<div id='av_section_1'  class='avia-section av-sfdx6k-add9dfb7b54c09f33dfcaf758bf460d1 main_color avia-section-default avia-no-border-styling  avia-builder-el-0  el_before_av_section  avia-builder-el-first  avia-bg-style-scroll container_wrap fullsize'  ><div class='container av-section-cont-open' ><main  role=\"main\" itemprop=\"mainContentOfPage\"  class='template-page content  av-content-full alpha units'><div class='post-entry post-entry-type-page post-entry-6759'><div class='entry-content-wrapper clearfix'>\n<div  class='flex_column av-ri0d0c-1f8df49cac3d549e78deb31f60bb677d av_one_full  avia-builder-el-1  avia-builder-el-no-sibling  first flex_column_div  '     ><style type=\"text\/css\" data-created_by=\"avia_inline_auto\" id=\"style-css-av-loy2osa7-d42fe1bf37b6ac8a492e9d9c95d3e6dd\">\n#top .av_textblock_section.av-loy2osa7-d42fe1bf37b6ac8a492e9d9c95d3e6dd .avia_textblock{\ncolor:#017c95;\n}\n<\/style>\n<section  class='av_textblock_section av-loy2osa7-d42fe1bf37b6ac8a492e9d9c95d3e6dd '   itemscope=\"itemscope\" itemtype=\"https:\/\/schema.org\/CreativeWork\" ><div class='avia_textblock av_inherit_color'  itemprop=\"text\" ><h1 style=\"text-align: center;\">CANAL \u00c9TICO<\/h1>\n<\/div><\/section><br \/>\n\n<style type=\"text\/css\" data-created_by=\"avia_inline_auto\" id=\"style-css-av-qgcwpo-c739f33e24b5fe8519bee47d4ca2ca68\">\n#top .hr.av-qgcwpo-c739f33e24b5fe8519bee47d4ca2ca68{\nmargin-top:0px;\nmargin-bottom:20px;\n}\n.hr.av-qgcwpo-c739f33e24b5fe8519bee47d4ca2ca68 .hr-inner{\nwidth:50px;\nborder-color:#017c95;\n}\n<\/style>\n<div  class='hr av-qgcwpo-c739f33e24b5fe8519bee47d4ca2ca68 hr-custom  avia-builder-el-3  el_after_av_textblock  el_before_av_textblock  hr-center hr-icon-no'><span class='hr-inner inner-border-av-border-fat'><span class=\"hr-inner-style\"><\/span><\/span><\/div><br \/>\n<section  class='av_textblock_section av-loy32ymf-f29be21f889e71a0d2f2650a657e98b7 '   itemscope=\"itemscope\" itemtype=\"https:\/\/schema.org\/CreativeWork\" ><div class='avia_textblock'  itemprop=\"text\" ><p style=\"text-align: center;\">El <strong>Grupo Creu Groga<\/strong> se basa en el fomento de un entorno seguro, responsable, \u00e9tico, transparente, de igualdad y de confianza para todos nuestros empleados, usuarios y proveedores. Adem\u00e1s, uno de nuestros fundamentos es cuidar el medio ambiente y el entorno social.<\/p>\n<p style=\"text-align: center;\">Sin embargo, el grupo se basa en un C\u00f3digo \u00c9tico que define la hoja de ruta y el marco normativo que contempla, adem\u00e1s, los valores, la misi\u00f3n y la visi\u00f3n del Grupo Creu Groga.<\/p>\n<\/div><\/section><br \/>\n\n<style type=\"text\/css\" data-created_by=\"avia_inline_auto\" id=\"style-css-av-loy36gbu-0a728528c25b1dc49fc54923e51859ae\">\n#top .hr.hr-invisible.av-loy36gbu-0a728528c25b1dc49fc54923e51859ae{\nheight:20px;\n}\n<\/style>\n<div  class='hr av-loy36gbu-0a728528c25b1dc49fc54923e51859ae hr-invisible  avia-builder-el-5  el_after_av_textblock  avia-builder-el-last '><span class='hr-inner '><span class=\"hr-inner-style\"><\/span><\/span><\/div><\/p><\/div>\n\n<\/div><\/div><\/main><!-- close content main element --><\/div><\/div>\n<style type=\"text\/css\" data-created_by=\"avia_inline_auto\" id=\"style-css-av-loy3f0x4-2b582d05c271fb116f5b503c6022228d\">\n.avia-section.av-loy3f0x4-2b582d05c271fb116f5b503c6022228d{\nbackground-color:#017c95;\nbackground-image:unset;\nmargin-top:-50px;\nmargin-bottom:0px;\n}\n<\/style>\n<div id='av_section_2'  class='avia-section av-loy3f0x4-2b582d05c271fb116f5b503c6022228d main_color avia-section-small avia-no-border-styling  avia-builder-el-6  el_after_av_section  el_before_av_section  avia-bg-style-scroll container_wrap fullsize'  ><div class='container av-section-cont-open' ><div class='template-page content  av-content-full alpha units'><div class='post-entry post-entry-type-page post-entry-6759'><div class='entry-content-wrapper clearfix'>\n<div  class='avia-button-wrap av-loy3648n-7098acfd33255ab872c87c2a31e2e0b3-wrap avia-button-center  avia-builder-el-7  avia-builder-el-no-sibling '><a href='https:\/\/hospitalclinicmaresme.com\/wp-content\/uploads\/2023\/11\/CODIGO-ETICO-Y-CONDUCTA-GRUPO-CREU-GROGA-1.pdf'  class='avia-button av-loy3648n-7098acfd33255ab872c87c2a31e2e0b3 av-link-btn avia-icon_select-no avia-size-x-large avia-position-center avia-color-light'  target=\"_blank\"  rel=\"noopener noreferrer\"  aria-label=\"C\u00d3DIGO \u00c9TICO\"><span class='avia_iconbox_title' >C\u00d3DIGO \u00c9TICO<\/span><\/a><\/div>\n\n<\/div><\/div><\/div><!-- close content main div --><\/div><\/div>\n<style type=\"text\/css\" data-created_by=\"avia_inline_auto\" id=\"style-css-av-loy4wvgi-fa9beb7d54ebd4bcd6947e39792c8bbe\">\n.avia-section.av-loy4wvgi-fa9beb7d54ebd4bcd6947e39792c8bbe{\nmargin-top:0px;\nmargin-bottom:-50px;\n}\n<\/style>\n<div id='av_section_3'  class='avia-section av-loy4wvgi-fa9beb7d54ebd4bcd6947e39792c8bbe main_color avia-section-default avia-no-border-styling  avia-builder-el-8  el_after_av_section  el_before_av_layout_row  avia-bg-style-scroll container_wrap fullsize'  ><div class='container av-section-cont-open' ><div class='template-page content  av-content-full alpha units'><div class='post-entry post-entry-type-page post-entry-6759'><div class='entry-content-wrapper clearfix'>\n<div  class='flex_column av-ntwpb0-db87587ab161ac0b74004dadd2405690 av_one_half  avia-builder-el-9  el_before_av_one_half  avia-builder-el-first  first flex_column_div  '     ><style type=\"text\/css\" data-created_by=\"avia_inline_auto\" id=\"style-css-av-mtjjoc-598ef9c687f4117c55e5c3b9c7427727\">\n#top .av_textblock_section.av-mtjjoc-598ef9c687f4117c55e5c3b9c7427727 .avia_textblock{\ncolor:#017c95;\n}\n<\/style>\n<section  class='av_textblock_section av-mtjjoc-598ef9c687f4117c55e5c3b9c7427727 '   itemscope=\"itemscope\" itemtype=\"https:\/\/schema.org\/CreativeWork\" ><div class='avia_textblock av_inherit_color'  itemprop=\"text\" ><h3 class=\"elementor-heading-title elementor-size-default\">Cumplimiento de la normativa vigente<\/h3>\n<\/div><\/section><br \/>\n<section  class='av_textblock_section av-km31a4-f8309baced46a8f9d72ca3667add1881 '   itemscope=\"itemscope\" itemtype=\"https:\/\/schema.org\/CreativeWork\" ><div class='avia_textblock'  itemprop=\"text\" ><p>Estamos comprometidos en el cumplimiento de la normativa vigente y del C\u00f3digo \u00c9tico, as\u00ed como en la detecci\u00f3n y prevenci\u00f3n de comportamientos irregulares en el centro.<\/p>\n<p>Por todos estos motivos, hemos implementado un Canal \u00c9tico que permite a cualquier persona reportar posibles conductas indebidas o violaciones \u00e9ticas detectadas en nuestra instituci\u00f3n.<\/p>\n<\/div><\/section><br \/>\n\n<style type=\"text\/css\" data-created_by=\"avia_inline_auto\" id=\"style-css-av-loy4ggid-3f9768b837302afc64823ac078764490\">\n#top .av_textblock_section.av-loy4ggid-3f9768b837302afc64823ac078764490 .avia_textblock{\ncolor:#017c95;\n}\n<\/style>\n<section  class='av_textblock_section av-loy4ggid-3f9768b837302afc64823ac078764490 '   itemscope=\"itemscope\" itemtype=\"https:\/\/schema.org\/CreativeWork\" ><div class='avia_textblock av_inherit_color'  itemprop=\"text\" ><h3 class=\"elementor-heading-title elementor-size-default\">\u00a1Importante!<\/h3>\n<\/div><\/section><br \/>\n<section  class='av_textblock_section av-loy4g9u4-23ca0492cdf382af1f58871b33d85ad5 '   itemscope=\"itemscope\" itemtype=\"https:\/\/schema.org\/CreativeWork\" ><div class='avia_textblock'  itemprop=\"text\" ><p>Este Canal \u00c9tico no es un servicio de emergencias. No debe utilizarse para informar sobre situaciones que comporten una amenaza inmediata. Si necesita asistencia en una situaci\u00f3n de este tipo, por favor contacte con sus autoridades locales y utilice los canales definidos al efecto.<\/p>\n<\/div><\/section><\/p><\/div><div  class='flex_column av-jk0d58-d126cb0ede02c593be26f141530ff667 av_one_half  avia-builder-el-14  el_after_av_one_half  el_before_av_one_full  flex_column_div  '     ><style type=\"text\/css\" data-created_by=\"avia_inline_auto\" id=\"style-css-av-loy3ai3i-81ce966d6a63b2d4d7b188d464029bb6\">\n#top .av_textblock_section.av-loy3ai3i-81ce966d6a63b2d4d7b188d464029bb6 .avia_textblock{\ncolor:#017c95;\n}\n<\/style>\n<section  class='av_textblock_section av-loy3ai3i-81ce966d6a63b2d4d7b188d464029bb6 '   itemscope=\"itemscope\" itemtype=\"https:\/\/schema.org\/CreativeWork\" ><div class='avia_textblock av_inherit_color'  itemprop=\"text\" ><h3 class=\"elementor-heading-title elementor-size-default\">\u00bfQu\u00e9 hechos se pueden notificar?<\/h3>\n<\/div><\/section><br \/>\n<section  class='av_textblock_section av-loy3cmbe-4971df68679bb33e4e75e0e5d81c6ca6 '   itemscope=\"itemscope\" itemtype=\"https:\/\/schema.org\/CreativeWork\" ><div class='avia_textblock'  itemprop=\"text\" ><p>Puedes informar a trav\u00e9s del Canal \u00c9tico de los hechos que consideres puedan suponer un incumplimiento de la normativa legal, del C\u00f3digo \u00c9tico o de cualquier normativa interna vigente, como:<\/p>\n<ul class=\"elementor-icon-list-items\">\n<li class=\"elementor-icon-list-item\"><span class=\"elementor-icon-list-text\">Conductas relativas al fraude y corrupci\u00f3n.<\/span><\/li>\n<li class=\"elementor-icon-list-item\"><i class=\"fas fa-chevron-circle-right\" aria-hidden=\"true\"><\/i><span class=\"elementor-icon-list-text\">Conductas relativas a la Seguridad, salud e higiene en el trabajo.<\/span><\/li>\n<li class=\"elementor-icon-list-item\"><i class=\"fas fa-chevron-circle-right\" aria-hidden=\"true\"><\/i><span class=\"elementor-icon-list-text\">Discriminaci\u00f3n y acoso en el puesto de trabajo.<\/span><\/li>\n<li class=\"elementor-icon-list-item\"><i class=\"fas fa-chevron-circle-right\" aria-hidden=\"true\"><\/i><span class=\"elementor-icon-list-text\">Conductas relativas a la seguridad de la informaci\u00f3n, protecci\u00f3n de datos y mercados de valores.<\/span><\/li>\n<li class=\"elementor-icon-list-item\"><i class=\"fas fa-chevron-circle-right\" aria-hidden=\"true\"><\/i><span class=\"elementor-icon-list-text\">Pr\u00e1cticas anticonceptivas<\/span><\/li>\n<li class=\"elementor-icon-list-item\"><i class=\"fas fa-chevron-circle-right\" aria-hidden=\"true\"><\/i><span class=\"elementor-icon-list-text\">Conductas contrarias a los derechos humanos o da\u00f1os en el medio ambiente.<\/span><\/li>\n<li class=\"elementor-icon-list-item\"><i class=\"fas fa-chevron-circle-right\" aria-hidden=\"true\"><\/i><span class=\"elementor-icon-list-text\">Otras posibles infracciones penales o administrativas.<\/span><\/li>\n<\/ul>\n<\/div><\/section><\/p><\/div><div  class='flex_column av-hwiy3g-6bc6db6740070d943395f065f171e112 av_one_full  avia-builder-el-17  el_after_av_one_half  avia-builder-el-last  first flex_column_div  column-top-margin'     ><style type=\"text\/css\" data-created_by=\"avia_inline_auto\" id=\"style-css-av-loy4qr3y-666e57c66f601115dde8c8fcfa2dc74c\">\n#top .av_textblock_section.av-loy4qr3y-666e57c66f601115dde8c8fcfa2dc74c .avia_textblock{\ncolor:#017c95;\n}\n<\/style>\n<section  class='av_textblock_section av-loy4qr3y-666e57c66f601115dde8c8fcfa2dc74c '   itemscope=\"itemscope\" itemtype=\"https:\/\/schema.org\/CreativeWork\" ><div class='avia_textblock av_inherit_color'  itemprop=\"text\" ><h3 class=\"elementor-heading-title elementor-size-default\" style=\"text-align: center;\">Caracter\u00edsticas principales<\/h3>\n<\/div><\/section><\/div>\n\n<\/div><\/div><\/div><!-- close content main div --><\/div><\/div><div id='av-layout-grid-1'  class='av-layout-grid-container av-1mb4fw-1ff2e28f5ffda38d809f0a6f6ee53e7c entry-content-wrapper main_color av-flex-cells  avia-builder-el-19  el_after_av_section  el_before_av_section  grid-row-not-first  container_wrap fullsize'  >\n<div class='flex_cell av-dtjg9o-c30f98b37e6a700d7310f178fc81283a av-gridrow-cell av_one_fourth no_margin  avia-builder-el-20  el_before_av_cell_one_fourth  avia-builder-el-first '  ><div class='flex_cell_inner'><div  class='avia-button-wrap av-loy4tumk-37e77fb0029d672eb589221dcc8d816a-wrap avia-button-center  avia-builder-el-21  avia-builder-el-no-sibling '><a href=''  class='avia-button av-loy4tumk-37e77fb0029d672eb589221dcc8d816a av-link-btn avia-icon_select-no avia-size-x-large avia-position-center avia-color-theme-color'   aria-label=\"CONFIDENCIALIDAD\"><span class='avia_iconbox_title' >CONFIDENCIALIDAD<\/span><\/a><\/div>\n<\/div><\/div><div class='flex_cell av-cn8lqk-a162546446b549e28dae7cf0d186b528 av-gridrow-cell av_one_fourth no_margin  avia-builder-el-22  el_after_av_cell_one_fourth  el_before_av_cell_one_fourth '  ><div class='flex_cell_inner'><div  class='avia-button-wrap av-loy4ucc0-336abcb16c7f1920ba6edcec3e058dd0-wrap avia-button-center  avia-builder-el-23  avia-builder-el-no-sibling '><a href=''  class='avia-button av-loy4ucc0-336abcb16c7f1920ba6edcec3e058dd0 av-link-btn avia-icon_select-no avia-size-x-large avia-position-center avia-color-theme-color'   aria-label=\"PROCESO DE INVESTIGACI\u00d3N IMPARCIAL\"><span class='avia_iconbox_title' >PROCESO DE INVESTIGACI\u00d3N IMPARCIAL<\/span><\/a><\/div>\n<\/div><\/div>\n<style type=\"text\/css\" data-created_by=\"avia_inline_auto\" id=\"style-css-av-adofks-e57d66cd3e4421877fa057747b0f4641\">\n.flex_cell.av-adofks-e57d66cd3e4421877fa057747b0f4641{\nvertical-align:top;\n}\n<\/style>\n<div class='flex_cell av-adofks-e57d66cd3e4421877fa057747b0f4641 av-gridrow-cell av_one_fourth no_margin  avia-builder-el-24  el_after_av_cell_one_fourth  el_before_av_cell_one_fourth  content-align-top'  ><div class='flex_cell_inner'><div  class='avia-button-wrap av-loy4uoce-7d73ec7d8d8130c86b7c88c805d5d397-wrap avia-button-center  avia-builder-el-25  avia-builder-el-no-sibling '><a href=''  class='avia-button av-loy4uoce-7d73ec7d8d8130c86b7c88c805d5d397 av-link-btn avia-icon_select-no avia-size-x-large avia-position-center avia-color-theme-color'   aria-label=\" RESOLUCI\u00d3N Y SEGUIMIENTO\"><span class='avia_iconbox_title' > RESOLUCI\u00d3N Y SEGUIMIENTO<\/span><\/a><\/div>\n<\/div><\/div>\n<style type=\"text\/css\" data-created_by=\"avia_inline_auto\" id=\"style-css-av-8mik0c-91bb654bdc9853eff1b9b982910f096e\">\n.flex_cell.av-8mik0c-91bb654bdc9853eff1b9b982910f096e{\nvertical-align:top;\n}\n<\/style>\n<div class='flex_cell av-8mik0c-91bb654bdc9853eff1b9b982910f096e av-gridrow-cell av_one_fourth no_margin  avia-builder-el-26  el_after_av_cell_one_fourth  avia-builder-el-last  content-align-top'  ><div class='flex_cell_inner'><div  class='avia-button-wrap av-loy4uxkc-6c71df8fc1d70e38fb873ae003d4848a-wrap avia-button-center  avia-builder-el-27  avia-builder-el-no-sibling '><a href=''  class='avia-button av-loy4uxkc-6c71df8fc1d70e38fb873ae003d4848a av-link-btn avia-icon_select-no avia-size-x-large avia-position-center avia-color-theme-color'   aria-label=\"PROTECCI\u00d3N CONTRA REPRESALIA\"><span class='avia_iconbox_title' >PROTECCI\u00d3N CONTRA REPRESALIA<\/span><\/a><\/div>\n<\/div><\/div>\n<\/div>\n<div id='av_section_4'  class='avia-section av-7xfs0c-de53eee089f1df78c35d387508f3da01 main_color avia-section-default avia-no-border-styling  avia-builder-el-28  el_after_av_layout_row  el_before_av_section  avia-bg-style-scroll container_wrap fullsize'  ><div class='container av-section-cont-open' ><div class='template-page content  av-content-full alpha units'><div class='post-entry post-entry-type-page post-entry-6759'><div class='entry-content-wrapper clearfix'>\n<div  class='flex_column av-6j5i98-5361104ca4a6dd364cede276b69cb2b0 av_one_full  avia-builder-el-29  avia-builder-el-no-sibling  first flex_column_div  '     ><style type=\"text\/css\" data-created_by=\"avia_inline_auto\" id=\"style-css-av-loy4y984-4c6ea7a1057d11bc25b3e8f86731ad0b\">\n#top .av_textblock_section.av-loy4y984-4c6ea7a1057d11bc25b3e8f86731ad0b .avia_textblock{\ncolor:#017c95;\n}\n<\/style>\n<section  class='av_textblock_section av-loy4y984-4c6ea7a1057d11bc25b3e8f86731ad0b '   itemscope=\"itemscope\" itemtype=\"https:\/\/schema.org\/CreativeWork\" ><div class='avia_textblock av_inherit_color'  itemprop=\"text\" ><h2 class=\"elementor-heading-title elementor-size-default\" style=\"text-align: center;\">\u00bfC\u00d3MO SE PUEDE ENVIAR UNA COMUNICACI\u00d3N?<\/h2>\n<\/div><\/section><br \/>\n<section  class='av_textblock_section av-loy50n1p-86b2eaf7129a0ae7f716c2e8ac66a298 '   itemscope=\"itemscope\" itemtype=\"https:\/\/schema.org\/CreativeWork\" ><div class='avia_textblock'  itemprop=\"text\" ><p style=\"text-align: center;\">Puedes enviar la comunicaci\u00f3n a trav\u00e9s del siguiente enlace. Tambi\u00e9n adjuntamos un manual del procedimiento a seguir para realizar un comunicado.<\/p>\n<\/div><\/section><\/p><\/div>\n\n<\/div><\/div><\/div><!-- close content main div --><\/div><\/div>\n<style type=\"text\/css\" data-created_by=\"avia_inline_auto\" id=\"style-css-av-loy57lpn-76f62572afa6c85f4e5a5a509b71a46b\">\n.avia-section.av-loy57lpn-76f62572afa6c85f4e5a5a509b71a46b{\nbackground-color:#017c95;\nbackground-image:unset;\nmargin-top:-30px;\nmargin-bottom:30px;\n}\n<\/style>\n<div id='av_section_5'  class='avia-section av-loy57lpn-76f62572afa6c85f4e5a5a509b71a46b main_color avia-section-small avia-no-border-styling  avia-builder-el-32  el_after_av_section  avia-builder-el-last  avia-bg-style-scroll container_wrap fullsize'  ><div class='container av-section-cont-open' ><div class='template-page content  av-content-full alpha units'><div class='post-entry post-entry-type-page post-entry-6759'><div class='entry-content-wrapper clearfix'>\n<div  class='flex_column av-4co5ak-99c160a994697cf8ed8c993eef22c2dc av_one_half  avia-builder-el-33  el_before_av_one_half  avia-builder-el-first  first flex_column_div  '     ><div  class='avia-button-wrap av-loy55a8h-bd0b31d79ed2d372415c7a0ba84a837d-wrap avia-button-center  avia-builder-el-34  avia-builder-el-no-sibling '><a href='https:\/\/www.ovetauki.com\/index.php?route=login\/complaint&amp;c_key=yUnKDUhSrbdYscLQfmtYFfRrNAjgcCXkEnGT'  class='avia-button av-loy55a8h-bd0b31d79ed2d372415c7a0ba84a837d av-link-btn avia-icon_select-no avia-size-x-large avia-position-center avia-color-light'  target=\"_blank\"  rel=\"noopener noreferrer\"  aria-label=\"CANAL \u00c9TICO\"><span class='avia_iconbox_title' >CANAL \u00c9TICO<\/span><\/a><\/div><\/div><div  class='flex_column av-36zsy4-cbd846de4b6511f562502f5548a1610a av_one_half  avia-builder-el-35  el_after_av_one_half  avia-builder-el-last  flex_column_div  '     ><div  class='avia-button-wrap av-loy56pxm-4fb38ee717e9ba7799496fdfb2ffbc33-wrap avia-button-center  avia-builder-el-36  avia-builder-el-no-sibling '><a href='https:\/\/www.ovetauki.com\/index.php?route=login\/complaint&amp;c_key=yUnKDUhSrbdYscLQfmtYFfRrNAjgcCXkEnGT'  class='avia-button av-loy56pxm-4fb38ee717e9ba7799496fdfb2ffbc33 av-link-btn avia-icon_select-no avia-size-x-large avia-position-center avia-color-light'  target=\"_blank\"  rel=\"noopener noreferrer\"  aria-label=\"MANUAL DE PROCEDIMIENTO\"><span class='avia_iconbox_title' >MANUAL DE PROCEDIMIENTO<\/span><\/a><\/div><\/div>\n","protected":false},"excerpt":{"rendered":"","protected":false},"author":3,"featured_media":0,"parent":0,"menu_order":0,"comment_status":"closed","ping_status":"closed","template":"","meta":{"footnotes":""},"class_list":["post-6759","page","type-page","status-publish","hentry"],"yoast_head":"<!-- This site is optimized with the Yoast SEO plugin v27.5 - https:\/\/yoast.com\/product\/yoast-seo-wordpress\/ -->\n<title>Canal \u00e9tico - Hospital Cl\u00ednic Maresme<\/title>\n<meta name=\"robots\" content=\"index, follow, max-snippet:-1, max-image-preview:large, max-video-preview:-1\" \/>\n<link rel=\"canonical\" href=\"https:\/\/hospitalclinicmaresme.com\/es\/canal-etico\/\" \/>\n<meta property=\"og:locale\" content=\"es_ES\" \/>\n<meta property=\"og:type\" content=\"article\" \/>\n<meta property=\"og:title\" content=\"Canal \u00e9tico - Hospital Cl\u00ednic Maresme\" \/>\n<meta property=\"og:url\" content=\"https:\/\/hospitalclinicmaresme.com\/es\/canal-etico\/\" \/>\n<meta property=\"og:site_name\" content=\"Hospital Cl\u00ednic Maresme\" \/>\n<meta property=\"article:modified_time\" content=\"2023-11-30T08:43:56+00:00\" \/>\n<meta name=\"twitter:card\" content=\"summary_large_image\" \/>\n<meta name=\"twitter:label1\" content=\"Tiempo de lectura\" \/>\n\t<meta name=\"twitter:data1\" content=\"16 minutos\" \/>\n<script type=\"application\/ld+json\" class=\"yoast-schema-graph\">{\"@context\":\"https:\\\/\\\/schema.org\",\"@graph\":[{\"@type\":\"WebPage\",\"@id\":\"https:\\\/\\\/hospitalclinicmaresme.com\\\/es\\\/canal-etico\\\/\",\"url\":\"https:\\\/\\\/hospitalclinicmaresme.com\\\/es\\\/canal-etico\\\/\",\"name\":\"Canal \u00e9tico - Hospital Cl\u00ednic Maresme\",\"isPartOf\":{\"@id\":\"https:\\\/\\\/hospitalclinicmaresme.com\\\/es\\\/#website\"},\"datePublished\":\"2023-11-14T09:43:07+00:00\",\"dateModified\":\"2023-11-30T08:43:56+00:00\",\"breadcrumb\":{\"@id\":\"https:\\\/\\\/hospitalclinicmaresme.com\\\/es\\\/canal-etico\\\/#breadcrumb\"},\"inLanguage\":\"es\",\"potentialAction\":[{\"@type\":\"ReadAction\",\"target\":[\"https:\\\/\\\/hospitalclinicmaresme.com\\\/es\\\/canal-etico\\\/\"]}]},{\"@type\":\"BreadcrumbList\",\"@id\":\"https:\\\/\\\/hospitalclinicmaresme.com\\\/es\\\/canal-etico\\\/#breadcrumb\",\"itemListElement\":[{\"@type\":\"ListItem\",\"position\":1,\"name\":\"Inici\",\"item\":\"https:\\\/\\\/hospitalclinicmaresme.com\\\/es\\\/inicio\\\/\"},{\"@type\":\"ListItem\",\"position\":2,\"name\":\"Canal \u00e9tico\"}]},{\"@type\":\"WebSite\",\"@id\":\"https:\\\/\\\/hospitalclinicmaresme.com\\\/es\\\/#website\",\"url\":\"https:\\\/\\\/hospitalclinicmaresme.com\\\/es\\\/\",\"name\":\"Hospital Cl\u00ednic Maresme\",\"description\":\"Just another WordPress site\",\"potentialAction\":[{\"@type\":\"SearchAction\",\"target\":{\"@type\":\"EntryPoint\",\"urlTemplate\":\"https:\\\/\\\/hospitalclinicmaresme.com\\\/es\\\/?s={search_term_string}\"},\"query-input\":{\"@type\":\"PropertyValueSpecification\",\"valueRequired\":true,\"valueName\":\"search_term_string\"}}],\"inLanguage\":\"es\"}]}<\/script>\n<!-- \/ Yoast SEO plugin. -->","yoast_head_json":{"title":"Canal \u00e9tico - Hospital Cl\u00ednic Maresme","robots":{"index":"index","follow":"follow","max-snippet":"max-snippet:-1","max-image-preview":"max-image-preview:large","max-video-preview":"max-video-preview:-1"},"canonical":"https:\/\/hospitalclinicmaresme.com\/es\/canal-etico\/","og_locale":"es_ES","og_type":"article","og_title":"Canal \u00e9tico - Hospital Cl\u00ednic Maresme","og_url":"https:\/\/hospitalclinicmaresme.com\/es\/canal-etico\/","og_site_name":"Hospital Cl\u00ednic Maresme","article_modified_time":"2023-11-30T08:43:56+00:00","twitter_card":"summary_large_image","twitter_misc":{"Tiempo de lectura":"16 minutos"},"schema":{"@context":"https:\/\/schema.org","@graph":[{"@type":"WebPage","@id":"https:\/\/hospitalclinicmaresme.com\/es\/canal-etico\/","url":"https:\/\/hospitalclinicmaresme.com\/es\/canal-etico\/","name":"Canal \u00e9tico - Hospital Cl\u00ednic Maresme","isPartOf":{"@id":"https:\/\/hospitalclinicmaresme.com\/es\/#website"},"datePublished":"2023-11-14T09:43:07+00:00","dateModified":"2023-11-30T08:43:56+00:00","breadcrumb":{"@id":"https:\/\/hospitalclinicmaresme.com\/es\/canal-etico\/#breadcrumb"},"inLanguage":"es","potentialAction":[{"@type":"ReadAction","target":["https:\/\/hospitalclinicmaresme.com\/es\/canal-etico\/"]}]},{"@type":"BreadcrumbList","@id":"https:\/\/hospitalclinicmaresme.com\/es\/canal-etico\/#breadcrumb","itemListElement":[{"@type":"ListItem","position":1,"name":"Inici","item":"https:\/\/hospitalclinicmaresme.com\/es\/inicio\/"},{"@type":"ListItem","position":2,"name":"Canal \u00e9tico"}]},{"@type":"WebSite","@id":"https:\/\/hospitalclinicmaresme.com\/es\/#website","url":"https:\/\/hospitalclinicmaresme.com\/es\/","name":"Hospital Cl\u00ednic Maresme","description":"Just another WordPress site","potentialAction":[{"@type":"SearchAction","target":{"@type":"EntryPoint","urlTemplate":"https:\/\/hospitalclinicmaresme.com\/es\/?s={search_term_string}"},"query-input":{"@type":"PropertyValueSpecification","valueRequired":true,"valueName":"search_term_string"}}],"inLanguage":"es"}]}},"_links":{"self":[{"href":"https:\/\/hospitalclinicmaresme.com\/es\/wp-json\/wp\/v2\/pages\/6759","targetHints":{"allow":["GET"]}}],"collection":[{"href":"https:\/\/hospitalclinicmaresme.com\/es\/wp-json\/wp\/v2\/pages"}],"about":[{"href":"https:\/\/hospitalclinicmaresme.com\/es\/wp-json\/wp\/v2\/types\/page"}],"author":[{"embeddable":true,"href":"https:\/\/hospitalclinicmaresme.com\/es\/wp-json\/wp\/v2\/users\/3"}],"replies":[{"embeddable":true,"href":"https:\/\/hospitalclinicmaresme.com\/es\/wp-json\/wp\/v2\/comments?post=6759"}],"version-history":[{"count":0,"href":"https:\/\/hospitalclinicmaresme.com\/es\/wp-json\/wp\/v2\/pages\/6759\/revisions"}],"wp:attachment":[{"href":"https:\/\/hospitalclinicmaresme.com\/es\/wp-json\/wp\/v2\/media?parent=6759"}],"curies":[{"name":"wp","href":"https:\/\/api.w.org\/{rel}","templated":true}]}}