{"id":2209,"date":"2020-06-23T13:01:34","date_gmt":"2020-06-23T13:01:34","guid":{"rendered":"https:\/\/hospitalclinicmaresme.com\/hospital-clinic-maresme\/"},"modified":"2021-01-18T12:37:12","modified_gmt":"2021-01-18T12:37:12","slug":"hospital-clinic-maresme","status":"publish","type":"page","link":"https:\/\/hospitalclinicmaresme.com\/es\/quienes-somos\/hospital-clinic-maresme\/","title":{"rendered":"Hospital Cl\u00ednic Maresme"},"content":{"rendered":"<div id='full_slider_1'  class='avia-fullwidth-slider main_color avia-shadow   avia-builder-el-0  el_before_av_section  avia-builder-el-first   container_wrap fullsize'  ><div  class='avia-slideshow av-kbrwxcu7-b1a15f8ea6ee8f2ace0ec0db6b26b7f1 avia-slideshow-featured av_slideshow_full avia-slide-slider av-slideshow-ui av-control-default av-slideshow-manual av-loop-once av-loop-manual-endless av-default-height-applied   avia-slideshow-1' data-slideshow-options=\"{&quot;animation&quot;:&quot;slide&quot;,&quot;autoplay&quot;:false,&quot;loop_autoplay&quot;:&quot;once&quot;,&quot;interval&quot;:5,&quot;loop_manual&quot;:&quot;manual-endless&quot;,&quot;autoplay_stopper&quot;:false,&quot;noNavigation&quot;:false,&quot;bg_slider&quot;:false,&quot;keep_padding&quot;:false,&quot;hoverpause&quot;:false,&quot;show_slide_delay&quot;:0}\"  itemprop=\"image\" itemscope=\"itemscope\" itemtype=\"https:\/\/schema.org\/ImageObject\" ><ul class='avia-slideshow-inner ' style='padding-bottom: 28.666666666667%;'><li  class='avia-slideshow-slide av-kbrwxcu7-b1a15f8ea6ee8f2ace0ec0db6b26b7f1__0  av-single-slide slide-1 slide-odd'><div data-rel='slideshow-1' class='avia-slide-wrap '   ><img decoding=\"async\" fetchpriority=\"high\" class=\"wp-image-674 avia-img-lazy-loading-not-674\"  src=\"https:\/\/hospitalclinicmaresme.com\/wp-content\/uploads\/2020\/06\/FotoQuiSomHospitalCl\u00ednic-HospitalClinicMatar\u00f3-1500x430.png\" width=\"1500\" height=\"430\" title='' alt=''  itemprop=\"thumbnailUrl\" srcset=\"https:\/\/hospitalclinicmaresme.com\/wp-content\/uploads\/2020\/06\/FotoQuiSomHospitalCl\u00ednic-HospitalClinicMatar\u00f3.png 1500w, https:\/\/hospitalclinicmaresme.com\/wp-content\/uploads\/2020\/06\/FotoQuiSomHospitalCl\u00ednic-HospitalClinicMatar\u00f3-300x86.png 300w, https:\/\/hospitalclinicmaresme.com\/wp-content\/uploads\/2020\/06\/FotoQuiSomHospitalCl\u00ednic-HospitalClinicMatar\u00f3-1030x295.png 1030w, https:\/\/hospitalclinicmaresme.com\/wp-content\/uploads\/2020\/06\/FotoQuiSomHospitalCl\u00ednic-HospitalClinicMatar\u00f3-768x220.png 768w, https:\/\/hospitalclinicmaresme.com\/wp-content\/uploads\/2020\/06\/FotoQuiSomHospitalCl\u00ednic-HospitalClinicMatar\u00f3-705x202.png 705w, https:\/\/hospitalclinicmaresme.com\/wp-content\/uploads\/2020\/06\/FotoQuiSomHospitalCl\u00ednic-HospitalClinicMatar\u00f3-240x69.png 240w\" sizes=\"(max-width: 1500px) 100vw, 1500px\" \/><\/div><\/li><\/ul><\/div><\/div>\n\n<style type=\"text\/css\" data-created_by=\"avia_inline_auto\" id=\"style-css-av-kbrxabh2-af33955b23d3b3b69aa7a1587b45bc02\">\n.avia-section.av-kbrxabh2-af33955b23d3b3b69aa7a1587b45bc02{\nbackground-color:#8bbfc6;\nbackground-image:unset;\n}\n<\/style>\n<div id='av_section_1'  class='avia-section av-kbrxabh2-af33955b23d3b3b69aa7a1587b45bc02 main_color avia-section-small avia-no-border-styling  avia-builder-el-1  el_after_av_slideshow_full  el_before_av_section  avia-bg-style-scroll container_wrap fullsize'  ><div class='container av-section-cont-open' ><div class='template-page content  av-content-full alpha units'><div class='post-entry post-entry-type-page post-entry-2209'><div class='entry-content-wrapper clearfix'>\n\n<style type=\"text\/css\" data-created_by=\"avia_inline_auto\" id=\"style-css-av-1pedm-1e36d66e3eb841f4cfbd922db45f3bd7\">\n.flex_column.av-1pedm-1e36d66e3eb841f4cfbd922db45f3bd7{\nborder-radius:0px 0px 0px 0px;\npadding:0px 0px 0px 0px;\n}\n<\/style>\n<div  class='flex_column av-1pedm-1e36d66e3eb841f4cfbd922db45f3bd7 av_one_full  avia-builder-el-2  avia-builder-el-no-sibling  first flex_column_div av-zero-column-padding  '     ><style type=\"text\/css\" data-created_by=\"avia_inline_auto\" id=\"style-css-av-kbrx37z5-b003b81a5bc6fd01d3b3cde1a879cffc\">\n#top .av_textblock_section.av-kbrx37z5-b003b81a5bc6fd01d3b3cde1a879cffc .avia_textblock{\ncolor:#007c95;\n}\n<\/style>\n<section  class='av_textblock_section av-kbrx37z5-b003b81a5bc6fd01d3b3cde1a879cffc '   itemscope=\"itemscope\" itemtype=\"https:\/\/schema.org\/CreativeWork\" ><div class='avia_textblock av_inherit_color'  itemprop=\"text\" ><h1 style=\"text-align: center;\">HOSPITAL CL\u00cdNIC MARESME<\/h1>\n<\/div><\/section><br \/>\n\n<style type=\"text\/css\" data-created_by=\"avia_inline_auto\" id=\"style-css-av-kbrx3xmw-9ded615021c740991f94af75c82e7dbf\">\n#top .hr.av-kbrx3xmw-9ded615021c740991f94af75c82e7dbf{\nmargin-top:-10px;\nmargin-bottom:-10px;\n}\n.hr.av-kbrx3xmw-9ded615021c740991f94af75c82e7dbf .hr-inner{\nwidth:50px;\nborder-color:#007c95;\n}\n<\/style>\n<div  class='hr av-kbrx3xmw-9ded615021c740991f94af75c82e7dbf hr-custom  avia-builder-el-4  el_after_av_textblock  avia-builder-el-last  hr-center hr-icon-no'><span class='hr-inner inner-border-av-border-fat'><span class=\"hr-inner-style\"><\/span><\/span><\/div><\/p><\/div>\n\n<\/div><\/div><\/div><!-- close content main div --><\/div><\/div><div id='av_section_2'  class='avia-section av-7bfiy-2c081d92614344c192de1acc0915e776 main_color avia-section-default avia-no-border-styling  avia-builder-el-5  el_after_av_section  avia-builder-el-last  avia-bg-style-scroll container_wrap fullsize'  ><div class='container av-section-cont-open' ><div class='template-page content  av-content-full alpha units'><div class='post-entry post-entry-type-page post-entry-2209'><div class='entry-content-wrapper clearfix'>\n\n<style type=\"text\/css\" data-created_by=\"avia_inline_auto\" id=\"style-css-av-v43m-3914ff9df980ad66fe8c5459b8e7e3c0\">\n.flex_column.av-v43m-3914ff9df980ad66fe8c5459b8e7e3c0{\nborder-radius:0px 0px 0px 0px;\npadding:0px 0px 0px 0px;\n}\n<\/style>\n<div  class='flex_column av-v43m-3914ff9df980ad66fe8c5459b8e7e3c0 av_one_full  avia-builder-el-6  el_before_av_one_half  avia-builder-el-first  first flex_column_div av-zero-column-padding  '     ><section  class='av_textblock_section av-kbrx1uei-b3902d7df5784970cd76f7ee305c9837 '   itemscope=\"itemscope\" itemtype=\"https:\/\/schema.org\/CreativeWork\" ><div class='avia_textblock'  itemprop=\"text\" ><p>Se trata de un nuevo concepto de Hospital privado situado em Matar\u00f3 que da servicio al \u00e1rea geogr\u00e1fica del Maresme. Con la garant\u00eda profesional del Grupo Creu Groga, es una referencia en cirug\u00eda sin ingreso y en urgencias pedi\u00e1tricas.<\/p>\n<p>\u00danicamente el 10% de los pacientes requieren su ingreso en nuestra Unidad de Hospitalizaci\u00f3n de corta estancia despu\u00e9s de una intervenci\u00f3n quir\u00fargica, generalmente para un control del dolor de la fase inicial y cuando no es posible controlarlo \u00fanicamente con medicaci\u00f3n oral. En general, el alta se produce entre las 24 y las 48 horas posteriores, como media.<\/p>\n<p>El Hospital Cl\u00ednic Maresme, se encuentra situado en el centro de la ciudad de Matar\u00f3, y a 300 metros de distancia de la Estaci\u00f3n de Renfe, la playa, la Avenida del Maresme, y la Nacional II. Nuestras instalaciones ocupan una superficie de 3.500 m\u00b2 y est\u00e1n equipadas con la m\u00e1s actual tecnolog\u00eda.<\/p>\n<p>Somos una organizaci\u00f3n orientada a la satisfacci\u00f3n del paciente, y centrada en la calidad y la seguridad. Nuestro equipo m\u00e9dico multidisciplinario y nuestros quir\u00f3fanos equipados con las \u00faltimas tecnolog\u00edas nos permiten ofrecer amplios servicios y especialidades m\u00e9dicas.<\/p>\n<p>Nuestro centro tiene concierto con las principales aseguradoras y tambi\u00e9n pone a disposici\u00f3n de los pacientes privados al mejor Cuadro M\u00e9dico de profesionales con el claro compromiso de mejorar su salud.<\/p>\n<p>El equipo del Hospital est\u00e1 centrado en conseguir la mejor experiencia para el paciente. La vocaci\u00f3n de servicio de todos nuestros profesionales en un entorno seguro, c\u00f3modo y equipado con la m\u00e1s actual tecnolog\u00eda, ofrece la mejor experiencia posible a nuestros pacientes. Nuestro objetivo, en primer lugar, es recuperar su nivel \u00f3ptimo de salud lo antes posible, en un proceso r\u00e1pido, seguro, informado y participativo.<\/p>\n<\/div><\/section><\/div>\n<style type=\"text\/css\" data-created_by=\"avia_inline_auto\" id=\"style-css-av-qzgqo-db99998f55e6c55c809977aea3ee2ddd\">\n.flex_column.av-qzgqo-db99998f55e6c55c809977aea3ee2ddd{\nborder-radius:0px 0px 0px 0px;\npadding:0px 0px 0px 0px;\n}\n<\/style>\n<div  class='flex_column av-qzgqo-db99998f55e6c55c809977aea3ee2ddd av_one_half  avia-builder-el-8  el_after_av_one_full  el_before_av_one_half  first flex_column_div av-zero-column-padding  column-top-margin'     ><div  class='avia-icon-list-container av-kb99u3tm-5efe210333887205b90d71368776d272  avia-builder-el-9  avia-builder-el-no-sibling '><ul class='avia-icon-list avia_animate_when_almost_visible avia-icon-list-left av-iconlist-small av-kb99u3tm-5efe210333887205b90d71368776d272 avia-iconlist-animate'>\n<li><div class='iconlist_icon av-av_iconlist_item-b19ba0ef8a48118053bb25e61634d8fb avia-font-entypo-fontello avia-iconfont avia-font-entypo-fontello'><span class='av-icon-char' data-av_icon='\ue879' data-av_iconfont='entypo-fontello' aria-hidden=\"true\"><\/span><\/div><article class=\"article-icon-entry av-iconlist-empty\"  itemscope=\"itemscope\" itemtype=\"https:\/\/schema.org\/CreativeWork\" ><div class=\"iconlist_content_wrap\"><header class=\"entry-content-header\" aria-label=\"Icon: T\u00e9cnicas anest\u00e9sicas avanzadas\"><div class='av_iconlist_title iconlist_title_small  '  itemprop=\"headline\" >T\u00e9cnicas anest\u00e9sicas avanzadas<\/div><\/header><div class='iconlist_content '  itemprop=\"text\" ><\/div><\/div><footer class=\"entry-footer\"><\/footer><\/article><div class=\"iconlist-timeline\"><\/div><\/li>\n<li><div class='iconlist_icon av-av_iconlist_item-70a2029eedafe236de140fcde7f17b6a avia-font-entypo-fontello avia-iconfont avia-font-entypo-fontello'><span class='av-icon-char' data-av_icon='\ue879' data-av_iconfont='entypo-fontello' aria-hidden=\"true\"><\/span><\/div><article class=\"article-icon-entry av-iconlist-empty\"  itemscope=\"itemscope\" itemtype=\"https:\/\/schema.org\/CreativeWork\" ><div class=\"iconlist_content_wrap\"><header class=\"entry-content-header\" aria-label=\"Icon: Acceso r\u00e1pido a la asistencia m\u00e9dica y quir\u00fargica\"><div class='av_iconlist_title iconlist_title_small  '  itemprop=\"headline\" >Acceso r\u00e1pido a la asistencia m\u00e9dica y quir\u00fargica<\/div><\/header><div class='iconlist_content '  itemprop=\"text\" ><\/div><\/div><footer class=\"entry-footer\"><\/footer><\/article><div class=\"iconlist-timeline\"><\/div><\/li>\n<li><div class='iconlist_icon av-av_iconlist_item-0662aaa4b04aebdf6cbf86247cc1906a avia-font-entypo-fontello avia-iconfont avia-font-entypo-fontello'><span class='av-icon-char' data-av_icon='\ue879' data-av_iconfont='entypo-fontello' aria-hidden=\"true\"><\/span><\/div><article class=\"article-icon-entry av-iconlist-empty\"  itemscope=\"itemscope\" itemtype=\"https:\/\/schema.org\/CreativeWork\" ><div class=\"iconlist_content_wrap\"><header class=\"entry-content-header\" aria-label=\"Icon: Planes de financiaci\u00f3n adaptados a sus necesidades\"><div class='av_iconlist_title iconlist_title_small  '  itemprop=\"headline\" >Planes de financiaci\u00f3n adaptados a sus necesidades<\/div><\/header><div class='iconlist_content '  itemprop=\"text\" ><\/div><\/div><footer class=\"entry-footer\"><\/footer><\/article><div class=\"iconlist-timeline\"><\/div><\/li>\n<\/ul><\/div><\/div>\n<style type=\"text\/css\" data-created_by=\"avia_inline_auto\" id=\"style-css-av-1fgcxk-34aa2ec313556b6c9a3da122feeb9cec\">\n.flex_column.av-1fgcxk-34aa2ec313556b6c9a3da122feeb9cec{\nborder-radius:0px 0px 0px 0px;\npadding:0px 0px 0px 0px;\n}\n<\/style>\n<div  class='flex_column av-1fgcxk-34aa2ec313556b6c9a3da122feeb9cec av_one_half  avia-builder-el-10  el_after_av_one_half  avia-builder-el-last  flex_column_div av-zero-column-padding  column-top-margin'     ><div  class='avia-icon-list-container av-kb99u3tm-5efe210333887205b90d71368776d272  avia-builder-el-11  avia-builder-el-no-sibling '><ul class='avia-icon-list avia_animate_when_almost_visible avia-icon-list-left av-iconlist-small av-kb99u3tm-5efe210333887205b90d71368776d272 avia-iconlist-animate'>\n<li><div class='iconlist_icon av-av_iconlist_item-0d38bd2a87285452383ec8f5ccd09273 avia-font-entypo-fontello avia-iconfont avia-font-entypo-fontello'><span class='av-icon-char' data-av_icon='\ue879' data-av_iconfont='entypo-fontello' aria-hidden=\"true\"><\/span><\/div><article class=\"article-icon-entry av-iconlist-empty\"  itemscope=\"itemscope\" itemtype=\"https:\/\/schema.org\/CreativeWork\" ><div class=\"iconlist_content_wrap\"><header class=\"entry-content-header\" aria-label=\"Icon: Amplio Cuadro M\u00e9dico para atender urgencias pedi\u00e1tricas, m\u00e9dicas y traumatol\u00f3gicas\"><div class='av_iconlist_title iconlist_title_small  '  itemprop=\"headline\" >Amplio Cuadro M\u00e9dico para atender urgencias pedi\u00e1tricas, m\u00e9dicas y traumatol\u00f3gicas<\/div><\/header><div class='iconlist_content '  itemprop=\"text\" ><\/div><\/div><footer class=\"entry-footer\"><\/footer><\/article><div class=\"iconlist-timeline\"><\/div><\/li>\n<li><div class='iconlist_icon av-av_iconlist_item-51db3804899d48bdea7fa5d3f3644fbc avia-font-entypo-fontello avia-iconfont avia-font-entypo-fontello'><span class='av-icon-char' data-av_icon='\ue879' data-av_iconfont='entypo-fontello' aria-hidden=\"true\"><\/span><\/div><article class=\"article-icon-entry av-iconlist-empty\"  itemscope=\"itemscope\" itemtype=\"https:\/\/schema.org\/CreativeWork\" ><div class=\"iconlist_content_wrap\"><header class=\"entry-content-header\" aria-label=\"Icon: Expertos en cirug\u00eda m\u00ednimamente invasiva\"><div class='av_iconlist_title iconlist_title_small  '  itemprop=\"headline\" >Expertos en cirug\u00eda m\u00ednimamente invasiva<\/div><\/header><div class='iconlist_content '  itemprop=\"text\" ><\/div><\/div><footer class=\"entry-footer\"><\/footer><\/article><div class=\"iconlist-timeline\"><\/div><\/li>\n<li><div class='iconlist_icon av-av_iconlist_item-a4edd3b131f9b0b1d8f14eabc9beb294 avia-font-entypo-fontello avia-iconfont avia-font-entypo-fontello'><span class='av-icon-char' data-av_icon='\ue879' data-av_iconfont='entypo-fontello' aria-hidden=\"true\"><\/span><\/div><article class=\"article-icon-entry av-iconlist-empty\"  itemscope=\"itemscope\" itemtype=\"https:\/\/schema.org\/CreativeWork\" ><div class=\"iconlist_content_wrap\"><header class=\"entry-content-header\" aria-label=\"Icon: Expertos en manejo y control del dolor\"><div class='av_iconlist_title iconlist_title_small  '  itemprop=\"headline\" >Expertos en manejo y control del dolor<\/div><\/header><div class='iconlist_content '  itemprop=\"text\" ><\/div><\/div><footer class=\"entry-footer\"><\/footer><\/article><div class=\"iconlist-timeline\"><\/div><\/li>\n<\/ul><\/div><\/div>\n","protected":false},"excerpt":{"rendered":"","protected":false},"author":3,"featured_media":0,"parent":2213,"menu_order":0,"comment_status":"closed","ping_status":"closed","template":"","meta":{"footnotes":""},"class_list":["post-2209","page","type-page","status-publish","hentry"],"yoast_head":"<!-- This site is optimized with the Yoast SEO plugin v27.5 - https:\/\/yoast.com\/product\/yoast-seo-wordpress\/ -->\n<title>Hospital Cl\u00ednic Maresme - Hospital Cl\u00ednic Maresme<\/title>\n<meta name=\"robots\" content=\"index, follow, max-snippet:-1, max-image-preview:large, max-video-preview:-1\" \/>\n<link rel=\"canonical\" href=\"https:\/\/hospitalclinicmaresme.com\/es\/quienes-somos\/hospital-clinic-maresme\/\" \/>\n<meta property=\"og:locale\" content=\"es_ES\" \/>\n<meta property=\"og:type\" content=\"article\" \/>\n<meta property=\"og:title\" content=\"Hospital Cl\u00ednic Maresme - Hospital Cl\u00ednic Maresme\" \/>\n<meta property=\"og:url\" content=\"https:\/\/hospitalclinicmaresme.com\/es\/quienes-somos\/hospital-clinic-maresme\/\" \/>\n<meta property=\"og:site_name\" content=\"Hospital Cl\u00ednic Maresme\" \/>\n<meta property=\"article:modified_time\" content=\"2021-01-18T12:37:12+00:00\" \/>\n<meta name=\"twitter:card\" content=\"summary_large_image\" \/>\n<meta name=\"twitter:label1\" content=\"Tiempo de lectura\" \/>\n\t<meta name=\"twitter:data1\" content=\"4 minutos\" \/>\n<script type=\"application\/ld+json\" class=\"yoast-schema-graph\">{\"@context\":\"https:\\\/\\\/schema.org\",\"@graph\":[{\"@type\":\"WebPage\",\"@id\":\"https:\\\/\\\/hospitalclinicmaresme.com\\\/es\\\/quienes-somos\\\/hospital-clinic-maresme\\\/\",\"url\":\"https:\\\/\\\/hospitalclinicmaresme.com\\\/es\\\/quienes-somos\\\/hospital-clinic-maresme\\\/\",\"name\":\"Hospital Cl\u00ednic Maresme - Hospital Cl\u00ednic Maresme\",\"isPartOf\":{\"@id\":\"https:\\\/\\\/hospitalclinicmaresme.com\\\/es\\\/#website\"},\"datePublished\":\"2020-06-23T13:01:34+00:00\",\"dateModified\":\"2021-01-18T12:37:12+00:00\",\"breadcrumb\":{\"@id\":\"https:\\\/\\\/hospitalclinicmaresme.com\\\/es\\\/quienes-somos\\\/hospital-clinic-maresme\\\/#breadcrumb\"},\"inLanguage\":\"es\",\"potentialAction\":[{\"@type\":\"ReadAction\",\"target\":[\"https:\\\/\\\/hospitalclinicmaresme.com\\\/es\\\/quienes-somos\\\/hospital-clinic-maresme\\\/\"]}]},{\"@type\":\"BreadcrumbList\",\"@id\":\"https:\\\/\\\/hospitalclinicmaresme.com\\\/es\\\/quienes-somos\\\/hospital-clinic-maresme\\\/#breadcrumb\",\"itemListElement\":[{\"@type\":\"ListItem\",\"position\":1,\"name\":\"Inici\",\"item\":\"https:\\\/\\\/hospitalclinicmaresme.com\\\/es\\\/inicio\\\/\"},{\"@type\":\"ListItem\",\"position\":2,\"name\":\"Quienes Somos\",\"item\":\"https:\\\/\\\/hospitalclinicmaresme.com\\\/es\\\/quienes-somos\\\/\"},{\"@type\":\"ListItem\",\"position\":3,\"name\":\"Hospital Cl\u00ednic Maresme\"}]},{\"@type\":\"WebSite\",\"@id\":\"https:\\\/\\\/hospitalclinicmaresme.com\\\/es\\\/#website\",\"url\":\"https:\\\/\\\/hospitalclinicmaresme.com\\\/es\\\/\",\"name\":\"Hospital Cl\u00ednic Maresme\",\"description\":\"Just another WordPress site\",\"potentialAction\":[{\"@type\":\"SearchAction\",\"target\":{\"@type\":\"EntryPoint\",\"urlTemplate\":\"https:\\\/\\\/hospitalclinicmaresme.com\\\/es\\\/?s={search_term_string}\"},\"query-input\":{\"@type\":\"PropertyValueSpecification\",\"valueRequired\":true,\"valueName\":\"search_term_string\"}}],\"inLanguage\":\"es\"}]}<\/script>\n<!-- \/ Yoast SEO plugin. -->","yoast_head_json":{"title":"Hospital Cl\u00ednic Maresme - Hospital Cl\u00ednic Maresme","robots":{"index":"index","follow":"follow","max-snippet":"max-snippet:-1","max-image-preview":"max-image-preview:large","max-video-preview":"max-video-preview:-1"},"canonical":"https:\/\/hospitalclinicmaresme.com\/es\/quienes-somos\/hospital-clinic-maresme\/","og_locale":"es_ES","og_type":"article","og_title":"Hospital Cl\u00ednic Maresme - Hospital Cl\u00ednic Maresme","og_url":"https:\/\/hospitalclinicmaresme.com\/es\/quienes-somos\/hospital-clinic-maresme\/","og_site_name":"Hospital Cl\u00ednic Maresme","article_modified_time":"2021-01-18T12:37:12+00:00","twitter_card":"summary_large_image","twitter_misc":{"Tiempo de lectura":"4 minutos"},"schema":{"@context":"https:\/\/schema.org","@graph":[{"@type":"WebPage","@id":"https:\/\/hospitalclinicmaresme.com\/es\/quienes-somos\/hospital-clinic-maresme\/","url":"https:\/\/hospitalclinicmaresme.com\/es\/quienes-somos\/hospital-clinic-maresme\/","name":"Hospital Cl\u00ednic Maresme - Hospital Cl\u00ednic Maresme","isPartOf":{"@id":"https:\/\/hospitalclinicmaresme.com\/es\/#website"},"datePublished":"2020-06-23T13:01:34+00:00","dateModified":"2021-01-18T12:37:12+00:00","breadcrumb":{"@id":"https:\/\/hospitalclinicmaresme.com\/es\/quienes-somos\/hospital-clinic-maresme\/#breadcrumb"},"inLanguage":"es","potentialAction":[{"@type":"ReadAction","target":["https:\/\/hospitalclinicmaresme.com\/es\/quienes-somos\/hospital-clinic-maresme\/"]}]},{"@type":"BreadcrumbList","@id":"https:\/\/hospitalclinicmaresme.com\/es\/quienes-somos\/hospital-clinic-maresme\/#breadcrumb","itemListElement":[{"@type":"ListItem","position":1,"name":"Inici","item":"https:\/\/hospitalclinicmaresme.com\/es\/inicio\/"},{"@type":"ListItem","position":2,"name":"Quienes Somos","item":"https:\/\/hospitalclinicmaresme.com\/es\/quienes-somos\/"},{"@type":"ListItem","position":3,"name":"Hospital Cl\u00ednic Maresme"}]},{"@type":"WebSite","@id":"https:\/\/hospitalclinicmaresme.com\/es\/#website","url":"https:\/\/hospitalclinicmaresme.com\/es\/","name":"Hospital Cl\u00ednic Maresme","description":"Just another WordPress site","potentialAction":[{"@type":"SearchAction","target":{"@type":"EntryPoint","urlTemplate":"https:\/\/hospitalclinicmaresme.com\/es\/?s={search_term_string}"},"query-input":{"@type":"PropertyValueSpecification","valueRequired":true,"valueName":"search_term_string"}}],"inLanguage":"es"}]}},"_links":{"self":[{"href":"https:\/\/hospitalclinicmaresme.com\/es\/wp-json\/wp\/v2\/pages\/2209","targetHints":{"allow":["GET"]}}],"collection":[{"href":"https:\/\/hospitalclinicmaresme.com\/es\/wp-json\/wp\/v2\/pages"}],"about":[{"href":"https:\/\/hospitalclinicmaresme.com\/es\/wp-json\/wp\/v2\/types\/page"}],"author":[{"embeddable":true,"href":"https:\/\/hospitalclinicmaresme.com\/es\/wp-json\/wp\/v2\/users\/3"}],"replies":[{"embeddable":true,"href":"https:\/\/hospitalclinicmaresme.com\/es\/wp-json\/wp\/v2\/comments?post=2209"}],"version-history":[{"count":0,"href":"https:\/\/hospitalclinicmaresme.com\/es\/wp-json\/wp\/v2\/pages\/2209\/revisions"}],"up":[{"embeddable":true,"href":"https:\/\/hospitalclinicmaresme.com\/es\/wp-json\/wp\/v2\/pages\/2213"}],"wp:attachment":[{"href":"https:\/\/hospitalclinicmaresme.com\/es\/wp-json\/wp\/v2\/media?parent=2209"}],"curies":[{"name":"wp","href":"https:\/\/api.w.org\/{rel}","templated":true}]}}