{"id":2152,"date":"2020-06-30T10:36:09","date_gmt":"2020-06-30T10:36:09","guid":{"rendered":"https:\/\/hospitalclinicmaresme.com\/contacta-amb-nosaltres\/"},"modified":"2024-05-27T09:00:30","modified_gmt":"2024-05-27T09:00:30","slug":"contacta-con-nosotros","status":"publish","type":"page","link":"https:\/\/hospitalclinicmaresme.com\/es\/contacta-con-nosotros\/","title":{"rendered":"Contacta con nosotros"},"content":{"rendered":"\n<style type=\"text\/css\" data-created_by=\"avia_inline_auto\" id=\"style-css-av-kg96e6mz-79db5939b03a983290072ef12c768093\">\n.avia-section.av-kg96e6mz-79db5939b03a983290072ef12c768093{\nbackground-color:#ffe6af;\nbackground-image:unset;\n}\n<\/style>\n<div id='av_section_1'  class='avia-section av-kg96e6mz-79db5939b03a983290072ef12c768093 main_color avia-section-default avia-no-border-styling  avia-builder-el-0  el_before_av_section  avia-builder-el-first  avia-bg-style-scroll container_wrap fullsize'  ><div class='container av-section-cont-open' ><main  role=\"main\" itemprop=\"mainContentOfPage\"  class='template-page content  av-content-full alpha units'><div class='post-entry post-entry-type-page post-entry-2152'><div class='entry-content-wrapper clearfix'>\n\n<style type=\"text\/css\" data-created_by=\"avia_inline_auto\" id=\"style-css-av-b6sr2-393046e1a4d7974517a658a1b93f55af\">\n.flex_column.av-b6sr2-393046e1a4d7974517a658a1b93f55af{\nborder-radius:0px 0px 0px 0px;\npadding:0px 0px 0px 0px;\n}\n<\/style>\n<div  class='flex_column av-b6sr2-393046e1a4d7974517a658a1b93f55af av_one_full  avia-builder-el-1  avia-builder-el-no-sibling  first flex_column_div av-zero-column-padding  '     ><section  class='av_textblock_section av-kfnrmbzu-b4fae35b2df9c334ddab7c9e8cee2c0f '   itemscope=\"itemscope\" itemtype=\"https:\/\/schema.org\/CreativeWork\" ><div class='avia_textblock'  itemprop=\"text\" ><h1 style=\"text-align: center;\">Te llamamos<\/h1>\n<\/div><\/section><br \/>\n\n<style type=\"text\/css\" data-created_by=\"avia_inline_auto\" id=\"style-css-av-kfnrn107-cd720dd7bade1aa5c18a84be02b5b6e3\">\n#top .hr.hr-invisible.av-kfnrn107-cd720dd7bade1aa5c18a84be02b5b6e3{\nheight:30px;\n}\n<\/style>\n<div  class='hr av-kfnrn107-cd720dd7bade1aa5c18a84be02b5b6e3 hr-invisible  avia-builder-el-3  el_after_av_textblock  el_before_av_contact '><span class='hr-inner '><span class=\"hr-inner-style\"><\/span><\/span><\/div><br \/>\n<form action=\"https:\/\/hospitalclinicmaresme.com\/es\/contacta-con-nosotros\/\" method=\"post\" data-fields-with-error=\"Found errors in the following field(s):\" class=\"avia_ajax_form av-form-labels-visible   avia-builder-el-4  el_after_av_hr  el_before_av_textblock  av-custom-form-color av-dark-form \" data-avia-form-id=\"1\" data-avia-redirect='' ><h3 class=''>Utiliza nuestro servicio gratuito de \"devoluci\u00f3n de llamada\"<\/h3><fieldset><p class='  first_form  form_element form_fullwidth' id='element_avia_1_1'><label for=\"avia_1_1\">Tel\u00e9fono <abbr class=\"required\" title=\"requerido\">*<\/abbr><\/label> <input name=\"avia_1_1\" class=\"text_input is_phone\" type=\"text\" id=\"avia_1_1\" value=\"\" \/><\/p><p class='  first_form  form_element form_fullwidth' id='element_avia_2_1'><label for=\"avia_2_1\">Ma\u00f1ana o tarde<\/label><select  name=\"avia_2_1\" class=\"select \" id=\"avia_2_1\"><option   value='Ma\u00f1ana'>Ma\u00f1ana<\/option><option   value='Tarde'>Tarde<\/option><\/select><\/p><p class=\"hidden\"><input type=\"text\" name=\"avia_3_1\" class=\"hidden \" id=\"avia_3_1\" value=\"\" \/><\/p><div id='avia_4_1' class='av-recaptcha-area  first_form  form_element form_fullwidth av-last-visible-form-element '  data-container_class=\"\" data-custom_class=\"\" data-context=\"av_contact_form\" data-token_input=\"av_recaptcha_token\" data-version=\"avia_recaptcha_v2\" data-theme=\"light\" data-size=\"normal\" data-score=\"0.5\" data-text_to_preview=\"\" data-value=\"\"><div class=\"av-google-badge-message hidden\">This site is protected by reCAPTCHA and the Google <a href=\"https:\/\/policies.google.com\/privacy\" target=\"_blank\" rel=\"noopener noreferrer\">Privacy Policy<\/a> and <a href=\"https:\/\/policies.google.com\/terms\" target=\"_blank\" rel=\"noopener noreferrer\">Terms of Service<\/a> apply.<\/div><\/div><p class=' av_form_privacy_check av_contact_privacy_check first_form  form_element form_fullwidth' id='element_avia_5_1'><input  name=\"avia_5_1\" class=\"input_checkbox is_empty\" type=\"checkbox\" id=\"avia_5_1\" value=\"true\"\/><label class=\"input_checkbox_label\" for=\"avia_5_1\">Consiento el uso de mis datos para los fines indicados en la <a href='https:\/\/hospitalclinicmaresme.com\/politica-de-privacitat\/' target='_blank'>Pol\u00edtica de privacidad <\/a> \u201cSUS DATOS SEGUROS\u201d. <abbr class=\"required\" title=\"requerido\">*<\/abbr><\/label><\/p><p class=\"form_element \"><input type=\"hidden\" value=\"1\" name=\"avia_generated_form1\" \/><input type=\"submit\" value=\"Solicitar\" class=\"button\"  data-sending-label=\"Enviando\"\/><\/p><\/fieldset><div class=\"avia-disabled-form\">Este formulario de contacto est\u00e1 desactivado porque rechazaste aceptar el servicio de Google reCaptcha, que es necesario para validar los mensajes enviados a trav\u00e9s del formulario.<\/div><\/form><div id=\"ajaxresponse_1\" class=\"ajaxresponse ajaxresponse_1 hidden\"><\/div><br \/>\n<section  class='av_textblock_section av-kg9320pp-10e48c82ac2e77327bdd8e10ae19cd30 '   itemscope=\"itemscope\" itemtype=\"https:\/\/schema.org\/CreativeWork\" ><div class='avia_textblock'  itemprop=\"text\" ><h4>AVISO IMPORTANTE<\/h4>\n<p>Este servicio de atenci\u00f3n al cliente es completamente gratuito. Su funcionamiento est\u00e1 sujeto al horario siguiente:<\/p>\n<p>De lunes a viernes de 09.00 a 19.00 h<\/p>\n<\/div><\/section><\/p><\/div>\n\n<\/div><\/div><\/main><!-- close content main element --><\/div><\/div>\n<style type=\"text\/css\" data-created_by=\"avia_inline_auto\" id=\"style-css-av-kg96e6mz-b067edb89b034069f5da77918fdb14c4\">\n.avia-section.av-kg96e6mz-b067edb89b034069f5da77918fdb14c4{\nbackground-color:#8bbfc6;\nbackground-image:unset;\n}\n<\/style>\n<div id='av_section_2'  class='avia-section av-kg96e6mz-b067edb89b034069f5da77918fdb14c4 main_color avia-section-default avia-no-border-styling  avia-builder-el-6  el_after_av_section  avia-builder-el-last  avia-bg-style-scroll container_wrap fullsize'  ><div class='container av-section-cont-open' ><div class='template-page content  av-content-full alpha units'><div class='post-entry post-entry-type-page post-entry-2152'><div class='entry-content-wrapper clearfix'>\n\n<style type=\"text\/css\" data-created_by=\"avia_inline_auto\" id=\"style-css-av-19ftn2-dded240e61a3aff6a9c2de848c0597e8\">\n.flex_column.av-19ftn2-dded240e61a3aff6a9c2de848c0597e8{\nborder-radius:0px 0px 0px 0px;\npadding:0px 0px 0px 0px;\n}\n<\/style>\n<div  class='flex_column av-19ftn2-dded240e61a3aff6a9c2de848c0597e8 av_one_full  avia-builder-el-7  avia-builder-el-no-sibling  first flex_column_div av-zero-column-padding  '     ><section  class='av_textblock_section av-kfnrmbzu-b4fae35b2df9c334ddab7c9e8cee2c0f '   itemscope=\"itemscope\" itemtype=\"https:\/\/schema.org\/CreativeWork\" ><div class='avia_textblock'  itemprop=\"text\" ><h1 style=\"text-align: center;\">Contacta con nosotros<\/h1>\n<\/div><\/section><br \/>\n\n<style type=\"text\/css\" data-created_by=\"avia_inline_auto\" id=\"style-css-av-kfnrn107-cd720dd7bade1aa5c18a84be02b5b6e3\">\n#top .hr.hr-invisible.av-kfnrn107-cd720dd7bade1aa5c18a84be02b5b6e3{\nheight:30px;\n}\n<\/style>\n<div  class='hr av-kfnrn107-cd720dd7bade1aa5c18a84be02b5b6e3 hr-invisible  avia-builder-el-9  el_after_av_textblock  el_before_av_contact '><span class='hr-inner '><span class=\"hr-inner-style\"><\/span><\/span><\/div><br \/>\n<form action=\"https:\/\/hospitalclinicmaresme.com\/es\/contacta-con-nosotros\/\" method=\"post\" data-fields-with-error=\"Found errors in the following field(s):\" class=\"avia_ajax_form av-form-labels-visible   avia-builder-el-10  el_after_av_hr  el_before_av_textblock  av-custom-form-color av-dark-form \" data-avia-form-id=\"2\" data-avia-redirect='' ><h3 class=''>Env\u00edanos un correo electr\u00f3nico<\/h3><fieldset><p class='  first_form  form_element form_element_half' id='element_avia_1_2'><label for=\"avia_1_2\">Nombre <abbr class=\"required\" title=\"requerido\">*<\/abbr><\/label> <input name=\"avia_1_2\" class=\"text_input is_empty\" type=\"text\" id=\"avia_1_2\" value=\"\" \/><\/p><p class='  form_element form_element_half' id='element_avia_2_2'><label for=\"avia_2_2\">Apellidos <abbr class=\"required\" title=\"requerido\">*<\/abbr><\/label> <input name=\"avia_2_2\" class=\"text_input is_empty\" type=\"text\" id=\"avia_2_2\" value=\"\" \/><\/p><p class='  first_form  form_element form_element_fourth' id='element_avia_3_2'><label for=\"avia_3_2\">Tel\u00e9fono <abbr class=\"required\" title=\"requerido\">*<\/abbr><\/label> <input name=\"avia_3_2\" class=\"text_input is_phone\" type=\"text\" id=\"avia_3_2\" value=\"\" \/><\/p><p class='  form_element form_element_three_fourth' id='element_avia_4_2'><label for=\"avia_4_2\">E-Mail <abbr class=\"required\" title=\"requerido\">*<\/abbr><\/label> <input name=\"avia_4_2\" class=\"text_input is_email\" type=\"text\" id=\"avia_4_2\" value=\"\" \/><\/p><p class='  first_form  form_element form_fullwidth' id='element_avia_5_2'><label for=\"avia_5_2\">Asunto <abbr class=\"required\" title=\"requerido\">*<\/abbr><\/label> <input name=\"avia_5_2\" class=\"text_input is_empty\" type=\"text\" id=\"avia_5_2\" value=\"\" \/><\/p><p class='  first_form  form_element form_fullwidth' id='element_avia_6_2'><label for=\"avia_6_2\" class=\"textare_label hidden textare_label_avia_6_2\">Mensaje <abbr class=\"required\" title=\"requerido\">*<\/abbr><\/label><textarea  name=\"avia_6_2\" class=\"text_area is_empty\" cols=\"40\" rows=\"7\" id=\"avia_6_2\" ><\/textarea><\/p><p class='  first_form  form_element form_fullwidth' id='element_avia_7_2'><input  name=\"avia_7_2\" class=\"input_checkbox \" type=\"checkbox\" id=\"avia_7_2\" value=\"true\"\/><label class=\"input_checkbox_label\" for=\"avia_7_2\">Consiento el uso de mis datos personales para recibir publicidad de su entidad.<\/label><\/p><p class=\"hidden\"><input type=\"text\" name=\"avia_8_2\" class=\"hidden \" id=\"avia_8_2\" value=\"\" \/><\/p><div id='avia_9_2' class='av-recaptcha-area  first_form  form_element form_fullwidth av-last-visible-form-element '  data-container_class=\"\" data-custom_class=\"\" data-context=\"av_contact_form\" data-token_input=\"av_recaptcha_token\" data-version=\"avia_recaptcha_v2\" data-theme=\"light\" data-size=\"normal\" data-score=\"0.5\" data-text_to_preview=\"\" data-value=\"\"><div class=\"av-google-badge-message hidden\">This site is protected by reCAPTCHA and the Google <a href=\"https:\/\/policies.google.com\/privacy\" target=\"_blank\" rel=\"noopener noreferrer\">Privacy Policy<\/a> and <a href=\"https:\/\/policies.google.com\/terms\" target=\"_blank\" rel=\"noopener noreferrer\">Terms of Service<\/a> apply.<\/div><\/div><p class=' av_form_privacy_check av_contact_privacy_check first_form  form_element form_fullwidth' id='element_avia_10_2'><input  name=\"avia_10_2\" class=\"input_checkbox is_empty\" type=\"checkbox\" id=\"avia_10_2\" value=\"true\"\/><label class=\"input_checkbox_label\" for=\"avia_10_2\">Consiento el uso de mis datos para los fines indicados en la <a href='https:\/\/hospitalclinicmaresme.com\/politica-de-privacitat\/' target='_blank'>Pol\u00edtica de privacidad <\/a> \u201cSUS DATOS SEGUROS\u201d. <abbr class=\"required\" title=\"requerido\">*<\/abbr><\/label><\/p><p class=\"form_element \"><input type=\"hidden\" value=\"1\" name=\"avia_generated_form2\" \/><input type=\"submit\" value=\"Enviar\" class=\"button\"  data-sending-label=\"Enviando\"\/><\/p><\/fieldset><div class=\"avia-disabled-form\">Este formulario de contacto est\u00e1 desactivado porque rechazaste aceptar el servicio de Google reCaptcha, que es necesario para validar los mensajes enviados a trav\u00e9s del formulario.<\/div><\/form><div id=\"ajaxresponse_2\" class=\"ajaxresponse ajaxresponse_2 hidden\"><\/div><br \/>\n<section  class='av_textblock_section av-lwoqnbs4-9aafaca1ed992f992eb36fce5453d554 '   itemscope=\"itemscope\" itemtype=\"https:\/\/schema.org\/CreativeWork\" ><div class='avia_textblock'  itemprop=\"text\" ><p><small>Informaci\u00f3n b\u00e1sica sobre la protecci\u00f3n de datos: Responsable del tratamiento CQM Cl\u00ednic Maresme SL<br \/>\nDirecci\u00f3n del responsable: C\/ Lepant, 13-21 \u2013 08301 MATAR\u00d3 (Barcelona)<br \/>\nFinalidad: Sus datos ser\u00e1n utilizados para poder atender sus solicitudes y prestarle nuestros servicios.<br \/>\nPublicidad: S\u00f3lo le enviaremos publicidad con su autorizaci\u00f3n previa, que podr\u00e1 facilitarnos mediante la casilla correspondiente establecida al efecto.<br \/>\nLegitimaci\u00f3n: \u00danicamente trataremos sus datos con su consentimiento previo, que podr\u00e1 facilitarnos mediante la casilla correspondiente establecida al efecto.<br \/>\nDestinatarios: Con car\u00e1cter general, s\u00f3lo el personal de nuestra entidad que est\u00e9 debidamente autorizado podr\u00e1 tener conocimiento de la informaci\u00f3n que le solicitamos.<br \/>\nDerechos: Tiene derecho a saber qu\u00e9 informaci\u00f3n tenemos sobre usted, corregirla y eliminarla, tal y como se explica en la informaci\u00f3n adicional disponible en nuestra p\u00e1gina web.<br \/>\nAsimismo, tambi\u00e9n podr\u00e1 ejercitar el derecho de portabilidad, solicitando el traspaso de su informaci\u00f3n a otra entidad.<br \/>\nM\u00e1s informaci\u00f3n en nuestra \u201c<a href=\"https:\/\/hospitalclinicmaresme.com\/es\/politica-de-privacidad\/\">pol\u00edtica de privacidad<\/a>\u201d<\/small><\/p>\n<\/div><\/section><\/p><\/div>\n","protected":false},"excerpt":{"rendered":"","protected":false},"author":3,"featured_media":0,"parent":0,"menu_order":0,"comment_status":"closed","ping_status":"closed","template":"","meta":{"footnotes":""},"class_list":["post-2152","page","type-page","status-publish","hentry"],"yoast_head":"<!-- This site is optimized with the Yoast SEO plugin v27.5 - https:\/\/yoast.com\/product\/yoast-seo-wordpress\/ -->\n<title>Contacta con nosotros - Hospital Cl\u00ednic Maresme<\/title>\n<meta name=\"robots\" content=\"index, follow, max-snippet:-1, max-image-preview:large, max-video-preview:-1\" \/>\n<link rel=\"canonical\" href=\"https:\/\/hospitalclinicmaresme.com\/es\/contacta-con-nosotros\/\" \/>\n<meta property=\"og:locale\" content=\"es_ES\" \/>\n<meta property=\"og:type\" content=\"article\" \/>\n<meta property=\"og:title\" content=\"Contacta con nosotros - Hospital Cl\u00ednic Maresme\" \/>\n<meta property=\"og:url\" content=\"https:\/\/hospitalclinicmaresme.com\/es\/contacta-con-nosotros\/\" \/>\n<meta property=\"og:site_name\" content=\"Hospital Cl\u00ednic Maresme\" \/>\n<meta property=\"article:modified_time\" content=\"2024-05-27T09:00:30+00:00\" \/>\n<meta name=\"twitter:card\" content=\"summary_large_image\" \/>\n<meta name=\"twitter:label1\" content=\"Tiempo de lectura\" \/>\n\t<meta name=\"twitter:data1\" content=\"1 minuto\" \/>\n<script type=\"application\/ld+json\" class=\"yoast-schema-graph\">{\"@context\":\"https:\\\/\\\/schema.org\",\"@graph\":[{\"@type\":\"WebPage\",\"@id\":\"https:\\\/\\\/hospitalclinicmaresme.com\\\/es\\\/contacta-con-nosotros\\\/\",\"url\":\"https:\\\/\\\/hospitalclinicmaresme.com\\\/es\\\/contacta-con-nosotros\\\/\",\"name\":\"Contacta con nosotros - Hospital Cl\u00ednic Maresme\",\"isPartOf\":{\"@id\":\"https:\\\/\\\/hospitalclinicmaresme.com\\\/es\\\/#website\"},\"datePublished\":\"2020-06-30T10:36:09+00:00\",\"dateModified\":\"2024-05-27T09:00:30+00:00\",\"breadcrumb\":{\"@id\":\"https:\\\/\\\/hospitalclinicmaresme.com\\\/es\\\/contacta-con-nosotros\\\/#breadcrumb\"},\"inLanguage\":\"es\",\"potentialAction\":[{\"@type\":\"ReadAction\",\"target\":[\"https:\\\/\\\/hospitalclinicmaresme.com\\\/es\\\/contacta-con-nosotros\\\/\"]}]},{\"@type\":\"BreadcrumbList\",\"@id\":\"https:\\\/\\\/hospitalclinicmaresme.com\\\/es\\\/contacta-con-nosotros\\\/#breadcrumb\",\"itemListElement\":[{\"@type\":\"ListItem\",\"position\":1,\"name\":\"Inici\",\"item\":\"https:\\\/\\\/hospitalclinicmaresme.com\\\/es\\\/inicio\\\/\"},{\"@type\":\"ListItem\",\"position\":2,\"name\":\"Contacta con nosotros\"}]},{\"@type\":\"WebSite\",\"@id\":\"https:\\\/\\\/hospitalclinicmaresme.com\\\/es\\\/#website\",\"url\":\"https:\\\/\\\/hospitalclinicmaresme.com\\\/es\\\/\",\"name\":\"Hospital Cl\u00ednic Maresme\",\"description\":\"Just another WordPress site\",\"potentialAction\":[{\"@type\":\"SearchAction\",\"target\":{\"@type\":\"EntryPoint\",\"urlTemplate\":\"https:\\\/\\\/hospitalclinicmaresme.com\\\/es\\\/?s={search_term_string}\"},\"query-input\":{\"@type\":\"PropertyValueSpecification\",\"valueRequired\":true,\"valueName\":\"search_term_string\"}}],\"inLanguage\":\"es\"}]}<\/script>\n<!-- \/ Yoast SEO plugin. -->","yoast_head_json":{"title":"Contacta con nosotros - Hospital Cl\u00ednic Maresme","robots":{"index":"index","follow":"follow","max-snippet":"max-snippet:-1","max-image-preview":"max-image-preview:large","max-video-preview":"max-video-preview:-1"},"canonical":"https:\/\/hospitalclinicmaresme.com\/es\/contacta-con-nosotros\/","og_locale":"es_ES","og_type":"article","og_title":"Contacta con nosotros - Hospital Cl\u00ednic Maresme","og_url":"https:\/\/hospitalclinicmaresme.com\/es\/contacta-con-nosotros\/","og_site_name":"Hospital Cl\u00ednic Maresme","article_modified_time":"2024-05-27T09:00:30+00:00","twitter_card":"summary_large_image","twitter_misc":{"Tiempo de lectura":"1 minuto"},"schema":{"@context":"https:\/\/schema.org","@graph":[{"@type":"WebPage","@id":"https:\/\/hospitalclinicmaresme.com\/es\/contacta-con-nosotros\/","url":"https:\/\/hospitalclinicmaresme.com\/es\/contacta-con-nosotros\/","name":"Contacta con nosotros - Hospital Cl\u00ednic Maresme","isPartOf":{"@id":"https:\/\/hospitalclinicmaresme.com\/es\/#website"},"datePublished":"2020-06-30T10:36:09+00:00","dateModified":"2024-05-27T09:00:30+00:00","breadcrumb":{"@id":"https:\/\/hospitalclinicmaresme.com\/es\/contacta-con-nosotros\/#breadcrumb"},"inLanguage":"es","potentialAction":[{"@type":"ReadAction","target":["https:\/\/hospitalclinicmaresme.com\/es\/contacta-con-nosotros\/"]}]},{"@type":"BreadcrumbList","@id":"https:\/\/hospitalclinicmaresme.com\/es\/contacta-con-nosotros\/#breadcrumb","itemListElement":[{"@type":"ListItem","position":1,"name":"Inici","item":"https:\/\/hospitalclinicmaresme.com\/es\/inicio\/"},{"@type":"ListItem","position":2,"name":"Contacta con nosotros"}]},{"@type":"WebSite","@id":"https:\/\/hospitalclinicmaresme.com\/es\/#website","url":"https:\/\/hospitalclinicmaresme.com\/es\/","name":"Hospital Cl\u00ednic Maresme","description":"Just another WordPress site","potentialAction":[{"@type":"SearchAction","target":{"@type":"EntryPoint","urlTemplate":"https:\/\/hospitalclinicmaresme.com\/es\/?s={search_term_string}"},"query-input":{"@type":"PropertyValueSpecification","valueRequired":true,"valueName":"search_term_string"}}],"inLanguage":"es"}]}},"_links":{"self":[{"href":"https:\/\/hospitalclinicmaresme.com\/es\/wp-json\/wp\/v2\/pages\/2152","targetHints":{"allow":["GET"]}}],"collection":[{"href":"https:\/\/hospitalclinicmaresme.com\/es\/wp-json\/wp\/v2\/pages"}],"about":[{"href":"https:\/\/hospitalclinicmaresme.com\/es\/wp-json\/wp\/v2\/types\/page"}],"author":[{"embeddable":true,"href":"https:\/\/hospitalclinicmaresme.com\/es\/wp-json\/wp\/v2\/users\/3"}],"replies":[{"embeddable":true,"href":"https:\/\/hospitalclinicmaresme.com\/es\/wp-json\/wp\/v2\/comments?post=2152"}],"version-history":[{"count":0,"href":"https:\/\/hospitalclinicmaresme.com\/es\/wp-json\/wp\/v2\/pages\/2152\/revisions"}],"wp:attachment":[{"href":"https:\/\/hospitalclinicmaresme.com\/es\/wp-json\/wp\/v2\/media?parent=2152"}],"curies":[{"name":"wp","href":"https:\/\/api.w.org\/{rel}","templated":true}]}}