{"id":10418,"date":"2024-04-29T12:12:23","date_gmt":"2024-04-29T12:12:23","guid":{"rendered":"https:\/\/hospitalclinicmaresme.com\/centre-medic-mataro\/proves-complementaries-centre-medic-mataro\/"},"modified":"2026-05-07T09:35:42","modified_gmt":"2026-05-07T09:35:42","slug":"pruebas-complementarias-centro-medico-mataro","status":"publish","type":"page","link":"https:\/\/hospitalclinicmaresme.com\/es\/centre-medic-mataro\/pruebas-complementarias-centro-medico-mataro\/","title":{"rendered":"Pruebas Complementarias &#8211; Centro M\u00e9dico Matar\u00f3"},"content":{"rendered":"<div id='av_section_1'  class='avia-section av-7ly4jj-dda2d95e86cc6c1626e6ffa2053acdac main_color avia-section-default avia-no-border-styling  avia-builder-el-0  el_before_av_section  avia-builder-el-first  avia-bg-style-scroll container_wrap fullsize'  ><div class='container av-section-cont-open' ><main  role=\"main\" itemprop=\"mainContentOfPage\"  class='template-page content  av-content-full alpha units'><div class='post-entry post-entry-type-page post-entry-10418'><div class='entry-content-wrapper clearfix'>\n<div  class='flex_column av-5h9pjj-afdddb6d46563aba923a84d5ba197472 av_one_third  avia-builder-el-1  el_before_av_one_third  avia-builder-el-first  first flex_column_div  '     ><\/div><div  class='flex_column av-4dclfj-548d613bdbe0a4a4f33f8a7e75921f05 av_one_third  avia-builder-el-2  el_after_av_one_third  el_before_av_one_third  flex_column_div  '     ><style type=\"text\/css\" data-created_by=\"avia_inline_auto\" id=\"style-css-av-lvl20byc-582f1f15e1ea39097b5cf92aeae14728\">\n.avia-image-container.av-lvl20byc-582f1f15e1ea39097b5cf92aeae14728 img.avia_image{\nbox-shadow:none;\n}\n.avia-image-container.av-lvl20byc-582f1f15e1ea39097b5cf92aeae14728 .av-image-caption-overlay-center{\ncolor:#ffffff;\n}\n<\/style>\n<div  class='avia-image-container av-lvl20byc-582f1f15e1ea39097b5cf92aeae14728 av-styling- avia-align-center  avia-builder-el-3  avia-builder-el-no-sibling '   itemprop=\"image\" itemscope=\"itemscope\" itemtype=\"https:\/\/schema.org\/ImageObject\" ><div class=\"avia-image-container-inner\"><div class=\"avia-image-overlay-wrap\"><img decoding=\"async\" fetchpriority=\"high\" class='wp-image-7320 avia-img-lazy-loading-not-7320 avia_image ' src=\"https:\/\/hospitalclinicmaresme.com\/wp-content\/uploads\/2024\/04\/LOGO_CENTRE-MEDIC-MATARO-WEB-1.png\" alt='' title='LOGO_CENTRE-ME\u0300DIC-MATARO\u0301-WEB'  height=\"231\" width=\"600\"  itemprop=\"thumbnailUrl\" srcset=\"https:\/\/hospitalclinicmaresme.com\/wp-content\/uploads\/2024\/04\/LOGO_CENTRE-MEDIC-MATARO-WEB-1.png 600w, https:\/\/hospitalclinicmaresme.com\/wp-content\/uploads\/2024\/04\/LOGO_CENTRE-MEDIC-MATARO-WEB-1-300x116.png 300w, https:\/\/hospitalclinicmaresme.com\/wp-content\/uploads\/2024\/04\/LOGO_CENTRE-MEDIC-MATARO-WEB-1-240x92.png 240w\" sizes=\"(max-width: 600px) 100vw, 600px\" \/><\/div><\/div><\/div><\/div><div  class='flex_column av-24icwv-f5e499bcfb4ed99dba70ef3cd5b38fbd av_one_third  avia-builder-el-4  el_after_av_one_third  avia-builder-el-last  flex_column_div  '     ><\/div>\n\n<\/div><\/div><\/main><!-- close content main element --><\/div><\/div>\n<style type=\"text\/css\" data-created_by=\"avia_inline_auto\" id=\"style-css-av-lvkwfuv5-2c8747229f2344297362626c23a747ba\">\n.avia-section.av-lvkwfuv5-2c8747229f2344297362626c23a747ba{\nbackground-color:#c5a236;\nbackground-image:unset;\n}\n<\/style>\n<div id='av_section_2'  class='avia-section av-lvkwfuv5-2c8747229f2344297362626c23a747ba main_color avia-section-default avia-no-border-styling  avia-builder-el-5  el_after_av_section  el_before_av_section  avia-bg-style-scroll container_wrap fullsize'  ><div class='container av-section-cont-open' ><div class='template-page content  av-content-full alpha units'><div class='post-entry post-entry-type-page post-entry-10418'><div class='entry-content-wrapper clearfix'>\n<div  class='flex_column av-2acmcv-37faff5c9930a3fa3fffa62515daab07 av_one_full  avia-builder-el-6  avia-builder-el-no-sibling  first flex_column_div  '     ><style type=\"text\/css\" data-created_by=\"avia_inline_auto\" id=\"style-css-av-lvkwff6w-4124ae533ed653c61d85d4e178caafbd\">\n#top .av_textblock_section.av-lvkwff6w-4124ae533ed653c61d85d4e178caafbd .avia_textblock{\ncolor:#ffffff;\n}\n<\/style>\n<section  class='av_textblock_section av-lvkwff6w-4124ae533ed653c61d85d4e178caafbd '   itemscope=\"itemscope\" itemtype=\"https:\/\/schema.org\/CreativeWork\" ><div class='avia_textblock av_inherit_color'  itemprop=\"text\" ><h2 style=\"text-align: center;\">PRUEBAS COMPLEMENTARIAS &#8211; CENTRO M\u00c9DICO MATAR\u00d3<\/h2>\n<\/div><\/section><\/div><\/div><\/div><\/div><!-- close content main div --><\/div><\/div><div id='av_section_3'  class='avia-section av-kj9gdr-80ec6029f520415385c97b2eadec856f main_color avia-section-default avia-no-border-styling  avia-builder-el-8  el_after_av_section  avia-builder-el-last  avia-bg-style-scroll container_wrap fullsize'  ><div class='container av-section-cont-open' ><div class='template-page content  av-content-full alpha units'><div class='post-entry post-entry-type-page post-entry-10418'><div class='entry-content-wrapper clearfix'>\n<div  class='flex_column av-h8whbj-a8715cfadbde1b0e30c8e1c6ea0a3d6f av_one_half  avia-builder-el-9  el_before_av_one_half  avia-builder-el-first  first flex_column_div  '     ><style type=\"text\/css\" data-created_by=\"avia_inline_auto\" id=\"style-css-av-g096nz-f084140981e4825cce064ab0b9c0da22\">\n#top .avia-icon-list-container.av-g096nz-f084140981e4825cce064ab0b9c0da22 .iconlist_icon{\nfont-size:20px;\n}\n#top .avia-icon-list-container.av-g096nz-f084140981e4825cce064ab0b9c0da22 .iconlist_icon svg:first-child{\nheight:20px;\nwidth:20px;\n}\n#top #wrap_all .avia-icon-list-container.av-g096nz-f084140981e4825cce064ab0b9c0da22 .av_iconlist_title{\nfont-size:20px;\n}\n<\/style>\n<div  class='avia-icon-list-container av-g096nz-f084140981e4825cce064ab0b9c0da22  avia-builder-el-10  avia-builder-el-no-sibling '><ul class='avia-icon-list avia_animate_when_almost_visible avia-icon-list-right av-iconlist-small av-g096nz-f084140981e4825cce064ab0b9c0da22 avia-iconlist-animate'>\n<li><div class='iconlist_icon av-1dgf6n-1e2bea908badd36dd0cf5bb88933da03 avia-font-entypo-fontello avia-iconfont avia-font-entypo-fontello'><span class='av-icon-char' data-av_icon='\ue878' data-av_iconfont='entypo-fontello' aria-hidden=\"true\"><\/span><\/div><article class=\"article-icon-entry av-iconlist-empty\"  itemscope=\"itemscope\" itemtype=\"https:\/\/schema.org\/CreativeWork\" ><div class=\"iconlist_content_wrap\"><header class=\"entry-content-header\" aria-label=\"Icon: Audiometr\u00edas\"><div class='av_iconlist_title iconlist_title_small  '  itemprop=\"headline\" >Audiometr\u00edas<\/div><\/header><div class='iconlist_content '  itemprop=\"text\" ><\/div><\/div><footer class=\"entry-footer\"><\/footer><\/article><div class=\"iconlist-timeline\"><\/div><\/li>\n<li><div class='iconlist_icon av-cpvkgf-4171038f3751ec4eb039abfdc60fa6ff avia-font-entypo-fontello avia-iconfont avia-font-entypo-fontello'><span class='av-icon-char' data-av_icon='\ue878' data-av_iconfont='entypo-fontello' aria-hidden=\"true\"><\/span><\/div><article class=\"article-icon-entry av-iconlist-empty\"  itemscope=\"itemscope\" itemtype=\"https:\/\/schema.org\/CreativeWork\" ><div class=\"iconlist_content_wrap\"><header class=\"entry-content-header\" aria-label=\"Icon: Ecograf\u00eda card\u00edaca doppler\"><div class='av_iconlist_title iconlist_title_small  '  itemprop=\"headline\" >Ecograf\u00eda card\u00edaca doppler<\/div><\/header><div class='iconlist_content '  itemprop=\"text\" ><\/div><\/div><footer class=\"entry-footer\"><\/footer><\/article><div class=\"iconlist-timeline\"><\/div><\/li>\n<li><div class='iconlist_icon av-15cxcv-45ee0b959ff6b12e3fbab5ccf4caecb0 avia-font-entypo-fontello avia-iconfont avia-font-entypo-fontello'><span class='av-icon-char' data-av_icon='\ue878' data-av_iconfont='entypo-fontello' aria-hidden=\"true\"><\/span><\/div><article class=\"article-icon-entry av-iconlist-empty\"  itemscope=\"itemscope\" itemtype=\"https:\/\/schema.org\/CreativeWork\" ><div class=\"iconlist_content_wrap\"><header class=\"entry-content-header\" aria-label=\"Icon: Ecograf\u00eda vascular\"><div class='av_iconlist_title iconlist_title_small  '  itemprop=\"headline\" >Ecograf\u00eda vascular<\/div><\/header><div class='iconlist_content '  itemprop=\"text\" ><\/div><\/div><footer class=\"entry-footer\"><\/footer><\/article><div class=\"iconlist-timeline\"><\/div><\/li>\n<li><div class='iconlist_icon av-y081b-2182be108361f579efd60fd042fb11b5 avia-font-entypo-fontello avia-iconfont avia-font-entypo-fontello'><span class='av-icon-char' data-av_icon='\ue878' data-av_iconfont='entypo-fontello' aria-hidden=\"true\"><\/span><\/div><article class=\"article-icon-entry av-iconlist-empty\"  itemscope=\"itemscope\" itemtype=\"https:\/\/schema.org\/CreativeWork\" ><div class=\"iconlist_content_wrap\"><header class=\"entry-content-header\" aria-label=\"Icon: Electrocardiograma\"><div class='av_iconlist_title iconlist_title_small  '  itemprop=\"headline\" >Electrocardiograma<\/div><\/header><div class='iconlist_content '  itemprop=\"text\" ><\/div><\/div><footer class=\"entry-footer\"><\/footer><\/article><div class=\"iconlist-timeline\"><\/div><\/li>\n<li><div class='iconlist_icon av-7xdv2n-5458319388f0f4b206b6f4f3775b8519 avia-font-entypo-fontello avia-iconfont avia-font-entypo-fontello'><span class='av-icon-char' data-av_icon='\ue878' data-av_iconfont='entypo-fontello' aria-hidden=\"true\"><\/span><\/div><article class=\"article-icon-entry av-iconlist-empty\"  itemscope=\"itemscope\" itemtype=\"https:\/\/schema.org\/CreativeWork\" ><div class=\"iconlist_content_wrap\"><header class=\"entry-content-header\" aria-label=\"Icon: Endoscopia nasal y faringea\"><div class='av_iconlist_title iconlist_title_small  '  itemprop=\"headline\" >Endoscopia nasal y faringea<\/div><\/header><div class='iconlist_content '  itemprop=\"text\" ><\/div><\/div><footer class=\"entry-footer\"><\/footer><\/article><div class=\"iconlist-timeline\"><\/div><\/li>\n<li><div class='iconlist_icon av-7xdv2n-ee7c02935f8e4f776034d9ee5e82b238 avia-font-entypo-fontello avia-iconfont avia-font-entypo-fontello'><span class='av-icon-char' data-av_icon='\ue878' data-av_iconfont='entypo-fontello' aria-hidden=\"true\"><\/span><\/div><article class=\"article-icon-entry av-iconlist-empty\"  itemscope=\"itemscope\" itemtype=\"https:\/\/schema.org\/CreativeWork\" ><div class=\"iconlist_content_wrap\"><header class=\"entry-content-header\" aria-label=\"Icon: Impedanciometr\u00eda\"><div class='av_iconlist_title iconlist_title_small  '  itemprop=\"headline\" >Impedanciometr\u00eda<\/div><\/header><div class='iconlist_content '  itemprop=\"text\" ><\/div><\/div><footer class=\"entry-footer\"><\/footer><\/article><div class=\"iconlist-timeline\"><\/div><\/li>\n<\/ul><\/div><\/div><div  class='flex_column av-5om75b-8c765ef5a06be5f8ddc815e12515666a av_one_half  avia-builder-el-11  el_after_av_one_half  el_before_av_one_full  flex_column_div  '     ><style type=\"text\/css\" data-created_by=\"avia_inline_auto\" id=\"style-css-av-lvktns55-3144577af8f2e095fd27f5d485548e91\">\n#top .avia-icon-list-container.av-lvktns55-3144577af8f2e095fd27f5d485548e91 .iconlist_icon{\nfont-size:20px;\n}\n#top .avia-icon-list-container.av-lvktns55-3144577af8f2e095fd27f5d485548e91 .iconlist_icon svg:first-child{\nheight:20px;\nwidth:20px;\n}\n#top #wrap_all .avia-icon-list-container.av-lvktns55-3144577af8f2e095fd27f5d485548e91 .av_iconlist_title{\nfont-size:20px;\n}\n<\/style>\n<div  class='avia-icon-list-container av-lvktns55-3144577af8f2e095fd27f5d485548e91  avia-builder-el-12  avia-builder-el-no-sibling '><ul class='avia-icon-list avia_animate_when_almost_visible avia-icon-list-left av-iconlist-small av-lvktns55-3144577af8f2e095fd27f5d485548e91 avia-iconlist-animate'>\n<li><div class='iconlist_icon av-lvktnb6c-76459033b2f2170c60abfc4e10b5a376 avia-font-entypo-fontello avia-iconfont avia-font-entypo-fontello'><span class='av-icon-char' data-av_icon='\ue879' data-av_iconfont='entypo-fontello' aria-hidden=\"true\"><\/span><\/div><article class=\"article-icon-entry av-iconlist-empty\"  itemscope=\"itemscope\" itemtype=\"https:\/\/schema.org\/CreativeWork\" ><div class=\"iconlist_content_wrap\"><header class=\"entry-content-header\" aria-label=\"Icon: Espirometr\u00eda (E+PB)\"><div class='av_iconlist_title iconlist_title_small  '  itemprop=\"headline\" >Espirometr\u00eda (E+PB)<\/div><\/header><div class='iconlist_content '  itemprop=\"text\" ><\/div><\/div><footer class=\"entry-footer\"><\/footer><\/article><div class=\"iconlist-timeline\"><\/div><\/li>\n<li><div class='iconlist_icon av-lvktnb6c-19-b7ea34962175f5252e5be8c2dee38a5d avia-font-entypo-fontello avia-iconfont avia-font-entypo-fontello'><span class='av-icon-char' data-av_icon='\ue879' data-av_iconfont='entypo-fontello' aria-hidden=\"true\"><\/span><\/div><article class=\"article-icon-entry av-iconlist-empty\"  itemscope=\"itemscope\" itemtype=\"https:\/\/schema.org\/CreativeWork\" ><div class=\"iconlist_content_wrap\"><header class=\"entry-content-header\" aria-label=\"Icon: Flujometr\u00eda\"><div class='av_iconlist_title iconlist_title_small  '  itemprop=\"headline\" >Flujometr\u00eda<\/div><\/header><div class='iconlist_content '  itemprop=\"text\" ><\/div><\/div><footer class=\"entry-footer\"><\/footer><\/article><div class=\"iconlist-timeline\"><\/div><\/li>\n<li><div class='iconlist_icon av-lvktnb6c-18-192c4d1eb25e12f7acf9ca695494389f avia-font-entypo-fontello avia-iconfont avia-font-entypo-fontello'><span class='av-icon-char' data-av_icon='\ue879' data-av_iconfont='entypo-fontello' aria-hidden=\"true\"><\/span><\/div><article class=\"article-icon-entry av-iconlist-empty\"  itemscope=\"itemscope\" itemtype=\"https:\/\/schema.org\/CreativeWork\" ><div class=\"iconlist_content_wrap\"><header class=\"entry-content-header\" aria-label=\"Icon: Holter Card\u00edaco\"><div class='av_iconlist_title iconlist_title_small  '  itemprop=\"headline\" >Holter Card\u00edaco<\/div><\/header><div class='iconlist_content '  itemprop=\"text\" ><\/div><\/div><footer class=\"entry-footer\"><\/footer><\/article><div class=\"iconlist-timeline\"><\/div><\/li>\n<li><div class='iconlist_icon av-lvktnb6c-17-97ce00d1f615a6da8393e9b18dd0eec9 avia-font-entypo-fontello avia-iconfont avia-font-entypo-fontello'><span class='av-icon-char' data-av_icon='\ue879' data-av_iconfont='entypo-fontello' aria-hidden=\"true\"><\/span><\/div><article class=\"article-icon-entry av-iconlist-empty\"  itemscope=\"itemscope\" itemtype=\"https:\/\/schema.org\/CreativeWork\" ><div class=\"iconlist_content_wrap\"><header class=\"entry-content-header\" aria-label=\"Icon: Holter T.A (MAPA)\"><div class='av_iconlist_title iconlist_title_small  '  itemprop=\"headline\" >Holter T.A (MAPA)<\/div><\/header><div class='iconlist_content '  itemprop=\"text\" ><\/div><\/div><footer class=\"entry-footer\"><\/footer><\/article><div class=\"iconlist-timeline\"><\/div><\/li>\n<li><div class='iconlist_icon av-lvktnb6c-16-a7b440117c205b2b79f27cb1965593c4 avia-font-entypo-fontello avia-iconfont avia-font-entypo-fontello'><span class='av-icon-char' data-av_icon='\ue879' data-av_iconfont='entypo-fontello' aria-hidden=\"true\"><\/span><\/div><article class=\"article-icon-entry av-iconlist-empty\"  itemscope=\"itemscope\" itemtype=\"https:\/\/schema.org\/CreativeWork\" ><div class=\"iconlist_content_wrap\"><header class=\"entry-content-header\" aria-label=\"Icon: Prick Test (pruebas Alergia)\"><div class='av_iconlist_title iconlist_title_small  '  itemprop=\"headline\" >Prick Test (pruebas Alergia)<\/div><\/header><div class='iconlist_content '  itemprop=\"text\" ><\/div><\/div><footer class=\"entry-footer\"><\/footer><\/article><div class=\"iconlist-timeline\"><\/div><\/li>\n<li><div class='iconlist_icon av-lvktnb6c-16-7f2afec4a5e8f01b8cace0e0eea402ac avia-font-entypo-fontello avia-iconfont avia-font-entypo-fontello'><span class='av-icon-char' data-av_icon='\ue879' data-av_iconfont='entypo-fontello' aria-hidden=\"true\"><\/span><\/div><article class=\"article-icon-entry av-iconlist-empty\"  itemscope=\"itemscope\" itemtype=\"https:\/\/schema.org\/CreativeWork\" ><div class=\"iconlist_content_wrap\"><header class=\"entry-content-header\" aria-label=\"Icon: Otoscopia microsc\u00f3pica\"><div class='av_iconlist_title iconlist_title_small  '  itemprop=\"headline\" >Otoscopia microsc\u00f3pica<\/div><\/header><div class='iconlist_content '  itemprop=\"text\" ><\/div><\/div><footer class=\"entry-footer\"><\/footer><\/article><div class=\"iconlist-timeline\"><\/div><\/li>\n<\/ul><\/div><\/div><div  class='flex_column av-adj1b-5e4d6c93cbf5ed790b52895fe4a33b1e av_one_full  avia-builder-el-13  el_after_av_one_half  avia-builder-el-last  first flex_column_div  column-top-margin'     ><div  class='avia-button-wrap av-lvkq90p4-229e85f6a98e376c78f5249e664c1c87-wrap avia-button-center  avia-builder-el-14  avia-builder-el-no-sibling '>\n<style type=\"text\/css\" data-created_by=\"avia_inline_auto\" id=\"style-css-av-lvkq90p4-229e85f6a98e376c78f5249e664c1c87\">\n#top #wrap_all .avia-button.av-lvkq90p4-229e85f6a98e376c78f5249e664c1c87{\nbackground-color:#c5a236;\nborder-color:#c5a236;\ncolor:#ffffff;\ntransition:all 0.4s ease-in-out;\n}\n#top #wrap_all .avia-button.av-lvkq90p4-229e85f6a98e376c78f5249e664c1c87 .avia-svg-icon svg:first-child{\nfill:#ffffff;\nstroke:#ffffff;\n}\n<\/style>\n<a href='https:\/\/hospitalclinicmaresme.com\/es\/pruebas-complementarias\/'  class='avia-button av-lvkq90p4-229e85f6a98e376c78f5249e664c1c87 av-link-btn avia-icon_select-no avia-size-x-large avia-position-center'   aria-label=\"M\u00c1S PRUEBAS EN El HOSPITAL CL\u00cdNIC MARESME\"><span class='avia_iconbox_title' >M\u00c1S PRUEBAS EN El HOSPITAL CL\u00cdNIC MARESME<\/span><\/a><\/div><\/div><\/p>\n","protected":false},"excerpt":{"rendered":"","protected":false},"author":3,"featured_media":0,"parent":7762,"menu_order":0,"comment_status":"closed","ping_status":"closed","template":"","meta":{"footnotes":""},"class_list":["post-10418","page","type-page","status-publish","hentry"],"yoast_head":"<!-- This site is optimized with the Yoast SEO plugin v27.6 - https:\/\/yoast.com\/product\/yoast-seo-wordpress\/ -->\n<title>Pruebas Complementarias - Centro M\u00e9dico Matar\u00f3 - Hospital Cl\u00ednic Maresme<\/title>\n<meta name=\"robots\" content=\"index, follow, max-snippet:-1, max-image-preview:large, max-video-preview:-1\" \/>\n<link rel=\"canonical\" href=\"https:\/\/hospitalclinicmaresme.com\/es\/centre-medic-mataro\/pruebas-complementarias-centro-medico-mataro\/\" \/>\n<meta property=\"og:locale\" content=\"es_ES\" \/>\n<meta property=\"og:type\" content=\"article\" \/>\n<meta property=\"og:title\" content=\"Pruebas Complementarias - Centro M\u00e9dico Matar\u00f3 - Hospital Cl\u00ednic Maresme\" \/>\n<meta property=\"og:url\" content=\"https:\/\/hospitalclinicmaresme.com\/es\/centre-medic-mataro\/pruebas-complementarias-centro-medico-mataro\/\" \/>\n<meta property=\"og:site_name\" content=\"Hospital Cl\u00ednic Maresme\" \/>\n<meta property=\"article:modified_time\" content=\"2026-05-07T09:35:42+00:00\" \/>\n<meta name=\"twitter:card\" content=\"summary_large_image\" \/>\n<meta name=\"twitter:label1\" content=\"Tiempo de lectura\" \/>\n\t<meta name=\"twitter:data1\" content=\"1 minuto\" \/>\n<script type=\"application\/ld+json\" class=\"yoast-schema-graph\">{\"@context\":\"https:\\\/\\\/schema.org\",\"@graph\":[{\"@type\":\"WebPage\",\"@id\":\"https:\\\/\\\/hospitalclinicmaresme.com\\\/es\\\/centre-medic-mataro\\\/pruebas-complementarias-centro-medico-mataro\\\/\",\"url\":\"https:\\\/\\\/hospitalclinicmaresme.com\\\/es\\\/centre-medic-mataro\\\/pruebas-complementarias-centro-medico-mataro\\\/\",\"name\":\"Pruebas Complementarias - Centro M\u00e9dico Matar\u00f3 - Hospital Cl\u00ednic Maresme\",\"isPartOf\":{\"@id\":\"https:\\\/\\\/hospitalclinicmaresme.com\\\/es\\\/#website\"},\"datePublished\":\"2024-04-29T12:12:23+00:00\",\"dateModified\":\"2026-05-07T09:35:42+00:00\",\"breadcrumb\":{\"@id\":\"https:\\\/\\\/hospitalclinicmaresme.com\\\/es\\\/centre-medic-mataro\\\/pruebas-complementarias-centro-medico-mataro\\\/#breadcrumb\"},\"inLanguage\":\"es\",\"potentialAction\":[{\"@type\":\"ReadAction\",\"target\":[\"https:\\\/\\\/hospitalclinicmaresme.com\\\/es\\\/centre-medic-mataro\\\/pruebas-complementarias-centro-medico-mataro\\\/\"]}]},{\"@type\":\"BreadcrumbList\",\"@id\":\"https:\\\/\\\/hospitalclinicmaresme.com\\\/es\\\/centre-medic-mataro\\\/pruebas-complementarias-centro-medico-mataro\\\/#breadcrumb\",\"itemListElement\":[{\"@type\":\"ListItem\",\"position\":1,\"name\":\"Inici\",\"item\":\"https:\\\/\\\/hospitalclinicmaresme.com\\\/es\\\/inicio\\\/\"},{\"@type\":\"ListItem\",\"position\":2,\"name\":\"Centre M\u00e8dic Matar\u00f3\",\"item\":\"https:\\\/\\\/hospitalclinicmaresme.com\\\/es\\\/centre-medic-mataro\\\/\"},{\"@type\":\"ListItem\",\"position\":3,\"name\":\"Pruebas Complementarias &#8211; Centro M\u00e9dico Matar\u00f3\"}]},{\"@type\":\"WebSite\",\"@id\":\"https:\\\/\\\/hospitalclinicmaresme.com\\\/es\\\/#website\",\"url\":\"https:\\\/\\\/hospitalclinicmaresme.com\\\/es\\\/\",\"name\":\"Hospital Cl\u00ednic Maresme\",\"description\":\"Just another WordPress site\",\"potentialAction\":[{\"@type\":\"SearchAction\",\"target\":{\"@type\":\"EntryPoint\",\"urlTemplate\":\"https:\\\/\\\/hospitalclinicmaresme.com\\\/es\\\/?s={search_term_string}\"},\"query-input\":{\"@type\":\"PropertyValueSpecification\",\"valueRequired\":true,\"valueName\":\"search_term_string\"}}],\"inLanguage\":\"es\"}]}<\/script>\n<!-- \/ Yoast SEO plugin. -->","yoast_head_json":{"title":"Pruebas Complementarias - Centro M\u00e9dico Matar\u00f3 - Hospital Cl\u00ednic Maresme","robots":{"index":"index","follow":"follow","max-snippet":"max-snippet:-1","max-image-preview":"max-image-preview:large","max-video-preview":"max-video-preview:-1"},"canonical":"https:\/\/hospitalclinicmaresme.com\/es\/centre-medic-mataro\/pruebas-complementarias-centro-medico-mataro\/","og_locale":"es_ES","og_type":"article","og_title":"Pruebas Complementarias - Centro M\u00e9dico Matar\u00f3 - Hospital Cl\u00ednic Maresme","og_url":"https:\/\/hospitalclinicmaresme.com\/es\/centre-medic-mataro\/pruebas-complementarias-centro-medico-mataro\/","og_site_name":"Hospital Cl\u00ednic Maresme","article_modified_time":"2026-05-07T09:35:42+00:00","twitter_card":"summary_large_image","twitter_misc":{"Tiempo de lectura":"1 minuto"},"schema":{"@context":"https:\/\/schema.org","@graph":[{"@type":"WebPage","@id":"https:\/\/hospitalclinicmaresme.com\/es\/centre-medic-mataro\/pruebas-complementarias-centro-medico-mataro\/","url":"https:\/\/hospitalclinicmaresme.com\/es\/centre-medic-mataro\/pruebas-complementarias-centro-medico-mataro\/","name":"Pruebas Complementarias - Centro M\u00e9dico Matar\u00f3 - Hospital Cl\u00ednic Maresme","isPartOf":{"@id":"https:\/\/hospitalclinicmaresme.com\/es\/#website"},"datePublished":"2024-04-29T12:12:23+00:00","dateModified":"2026-05-07T09:35:42+00:00","breadcrumb":{"@id":"https:\/\/hospitalclinicmaresme.com\/es\/centre-medic-mataro\/pruebas-complementarias-centro-medico-mataro\/#breadcrumb"},"inLanguage":"es","potentialAction":[{"@type":"ReadAction","target":["https:\/\/hospitalclinicmaresme.com\/es\/centre-medic-mataro\/pruebas-complementarias-centro-medico-mataro\/"]}]},{"@type":"BreadcrumbList","@id":"https:\/\/hospitalclinicmaresme.com\/es\/centre-medic-mataro\/pruebas-complementarias-centro-medico-mataro\/#breadcrumb","itemListElement":[{"@type":"ListItem","position":1,"name":"Inici","item":"https:\/\/hospitalclinicmaresme.com\/es\/inicio\/"},{"@type":"ListItem","position":2,"name":"Centre M\u00e8dic Matar\u00f3","item":"https:\/\/hospitalclinicmaresme.com\/es\/centre-medic-mataro\/"},{"@type":"ListItem","position":3,"name":"Pruebas Complementarias &#8211; Centro M\u00e9dico Matar\u00f3"}]},{"@type":"WebSite","@id":"https:\/\/hospitalclinicmaresme.com\/es\/#website","url":"https:\/\/hospitalclinicmaresme.com\/es\/","name":"Hospital Cl\u00ednic Maresme","description":"Just another WordPress site","potentialAction":[{"@type":"SearchAction","target":{"@type":"EntryPoint","urlTemplate":"https:\/\/hospitalclinicmaresme.com\/es\/?s={search_term_string}"},"query-input":{"@type":"PropertyValueSpecification","valueRequired":true,"valueName":"search_term_string"}}],"inLanguage":"es"}]}},"_links":{"self":[{"href":"https:\/\/hospitalclinicmaresme.com\/es\/wp-json\/wp\/v2\/pages\/10418","targetHints":{"allow":["GET"]}}],"collection":[{"href":"https:\/\/hospitalclinicmaresme.com\/es\/wp-json\/wp\/v2\/pages"}],"about":[{"href":"https:\/\/hospitalclinicmaresme.com\/es\/wp-json\/wp\/v2\/types\/page"}],"author":[{"embeddable":true,"href":"https:\/\/hospitalclinicmaresme.com\/es\/wp-json\/wp\/v2\/users\/3"}],"replies":[{"embeddable":true,"href":"https:\/\/hospitalclinicmaresme.com\/es\/wp-json\/wp\/v2\/comments?post=10418"}],"version-history":[{"count":3,"href":"https:\/\/hospitalclinicmaresme.com\/es\/wp-json\/wp\/v2\/pages\/10418\/revisions"}],"predecessor-version":[{"id":10421,"href":"https:\/\/hospitalclinicmaresme.com\/es\/wp-json\/wp\/v2\/pages\/10418\/revisions\/10421"}],"up":[{"embeddable":true,"href":"https:\/\/hospitalclinicmaresme.com\/es\/wp-json\/wp\/v2\/pages\/7762"}],"wp:attachment":[{"href":"https:\/\/hospitalclinicmaresme.com\/es\/wp-json\/wp\/v2\/media?parent=10418"}],"curies":[{"name":"wp","href":"https:\/\/api.w.org\/{rel}","templated":true}]}}