{"id":10393,"date":"2026-05-07T08:30:34","date_gmt":"2026-05-07T08:30:34","guid":{"rendered":"https:\/\/hospitalclinicmaresme.com\/citaonline\/"},"modified":"2026-05-07T09:08:31","modified_gmt":"2026-05-07T09:08:31","slug":"citaonline","status":"publish","type":"page","link":"https:\/\/hospitalclinicmaresme.com\/es\/citaonline\/","title":{"rendered":"Cita Online"},"content":{"rendered":"<div id='av_section_1'  class='avia-section av-mov9a42g-926173a4e418e8c1ad3057a31f41fe28 main_color avia-section-small avia-no-border-styling  avia-builder-el-0  el_before_av_layout_row  avia-builder-el-first  avia-bg-style-scroll container_wrap fullsize'  ><div class='container av-section-cont-open' ><main  role=\"main\" itemprop=\"mainContentOfPage\"  class='template-page content  av-content-full alpha units'><div class='post-entry post-entry-type-page post-entry-10393'><div class='entry-content-wrapper clearfix'>\n\n<style type=\"text\/css\" data-created_by=\"avia_inline_auto\" id=\"style-css-av-av_hr-02349c1beab2949c090bc0e85b87d63d\">\n#top .hr.hr-invisible.av-av_hr-02349c1beab2949c090bc0e85b87d63d{\nheight:20px;\n}\n<\/style>\n<div  class='hr av-av_hr-02349c1beab2949c090bc0e85b87d63d hr-invisible  avia-builder-el-1  el_before_av_one_fourth  avia-builder-el-first '><span class='hr-inner '><span class=\"hr-inner-style\"><\/span><\/span><\/div>\n<div class='flex_column_table av-mov9cpos-7166fb2eb831bb1dd74d090cd1d4b2ef sc-av_one_fourth av-equal-height-column-flextable'><div  class='flex_column av-mov9cpos-7166fb2eb831bb1dd74d090cd1d4b2ef av_one_fourth  avia-builder-el-2  el_after_av_hr  el_before_av_three_fourth  first flex_column_table_cell av-equal-height-column av-align-middle  '     ><style type=\"text\/css\" data-created_by=\"avia_inline_auto\" id=\"style-css-av-mov91glm-e15a1235b53f885dcb66f709e3856ce0\">\n.av_font_icon.av-mov91glm-e15a1235b53f885dcb66f709e3856ce0{\ncolor:#127d96;\nborder-color:#127d96;\n}\n.avia-svg-icon.av-mov91glm-e15a1235b53f885dcb66f709e3856ce0 svg:first-child{\nstroke:#127d96;\nfill:#127d96;\n}\n.av_font_icon.av-mov91glm-e15a1235b53f885dcb66f709e3856ce0 .av-icon-char{\nfont-size:120px;\n}\n<\/style>\n<span  class='av_font_icon av-mov91glm-e15a1235b53f885dcb66f709e3856ce0 avia_animate_when_visible av-icon-style- avia-icon-pos-right avia-svg-icon avia-font-svg_entypo-fontello avia-icon-animate'><span class='av-icon-char' data-av_svg_icon='calendar' data-av_iconset='svg_entypo-fontello' ><svg version=\"1.1\" xmlns=\"http:\/\/www.w3.org\/2000\/svg\" width=\"29\" height=\"32\" viewBox=\"0 0 29 32\" preserveAspectRatio=\"xMidYMid meet\" aria-labelledby='av-svg-title-1' aria-describedby='av-svg-desc-1' role=\"graphics-symbol\" aria-hidden=\"true\">\n<title id='av-svg-title-1'>Calendar<\/title>\n<desc id='av-svg-desc-1'>Calendar<\/desc>\n<path d=\"M25.6 4.8q1.344 0 2.272 0.928t0.928 2.272v19.2q0 1.28-0.928 2.24t-2.272 0.96h-22.4q-1.28 0-2.24-0.96t-0.96-2.24v-19.2q0-1.344 0.96-2.272t2.24-0.928h1.472v3.2h5.12v-3.2h9.28v3.2h5.12v-3.2h1.408zM25.6 27.2v-12.8h-22.4v12.8h22.4zM8.32 1.6v5.44h-2.24v-5.44h2.24zM22.72 1.6v5.44h-2.24v-5.44h2.24z\"><\/path>\n<\/svg><\/span><\/span><\/div><div class='av-flex-placeholder'><\/div><div  class='flex_column av-av_three_fourth-d12bf71956fc76b6497e03b58a8db06e av_three_fourth  avia-builder-el-4  el_after_av_one_fourth  el_before_av_hr  flex_column_table_cell av-equal-height-column av-align-middle  '     ><style type=\"text\/css\" data-created_by=\"avia_inline_auto\" id=\"style-css-av-mov9fyqe-0786cf99cf30db0521ff3c0e6b493de8\">\n#top .av_textblock_section.av-mov9fyqe-0786cf99cf30db0521ff3c0e6b493de8 .avia_textblock{\ncolor:#127d96;\n}\n<\/style>\n<section  class='av_textblock_section av-mov9fyqe-0786cf99cf30db0521ff3c0e6b493de8 '   itemscope=\"itemscope\" itemtype=\"https:\/\/schema.org\/CreativeWork\" ><div class='avia_textblock av_inherit_color'  itemprop=\"text\" ><h2 style=\"text-align: center;\">Pregunta ahora tu visita a trav\u00e9s de la cita en l\u00ednea<\/h2>\n<h4 style=\"text-align: center;\">F\u00e1cil, \u00e1gil, r\u00e1pido y sin esperas<\/h4>\n<\/div><\/section><\/div><\/div><!--close column table wrapper. Autoclose: 1 -->\n<style type=\"text\/css\" data-created_by=\"avia_inline_auto\" id=\"style-css-av-av_hr-02349c1beab2949c090bc0e85b87d63d\">\n#top .hr.hr-invisible.av-av_hr-02349c1beab2949c090bc0e85b87d63d{\nheight:20px;\n}\n<\/style>\n<div  class='hr av-av_hr-02349c1beab2949c090bc0e85b87d63d hr-invisible  avia-builder-el-6  el_after_av_three_fourth  avia-builder-el-last '><span class='hr-inner '><span class=\"hr-inner-style\"><\/span><\/span><\/div>\n\n<\/div><\/div><\/main><!-- close content main element --><\/div><\/div><div id='av-layout-grid-1'  class='av-layout-grid-container av-av_layout_row-5bf8d2b55e4df85ea83d727fbaec5d7c entry-content-wrapper main_color av-flex-cells  avia-builder-el-7  el_after_av_section  avia-builder-el-last  grid-row-not-first  container_wrap fullsize'  >\n\n<style type=\"text\/css\" data-created_by=\"avia_inline_auto\" id=\"style-css-av-av_cell_one_fourth-7b2dfb209afb870a55451575d23bd5b9\">\n.flex_cell.av-av_cell_one_fourth-7b2dfb209afb870a55451575d23bd5b9{\nvertical-align:top;\n}\n<\/style>\n<div class='flex_cell av-av_cell_one_fourth-7b2dfb209afb870a55451575d23bd5b9 av-gridrow-cell av_one_fourth no_margin  avia-builder-el-8  el_before_av_cell_one_fourth  avia-builder-el-first  content-align-top'  ><div class='flex_cell_inner'><\/div><\/div>\n<style type=\"text\/css\" data-created_by=\"avia_inline_auto\" id=\"style-css-av-av_cell_one_fourth-7b2dfb209afb870a55451575d23bd5b9\">\n.flex_cell.av-av_cell_one_fourth-7b2dfb209afb870a55451575d23bd5b9{\nvertical-align:top;\n}\n<\/style>\n<div class='flex_cell av-av_cell_one_fourth-7b2dfb209afb870a55451575d23bd5b9 av-gridrow-cell av_one_fourth no_margin  avia-builder-el-9  el_after_av_cell_one_fourth  el_before_av_cell_one_fourth  content-align-top'  ><div class='flex_cell_inner'><p>\n<style type=\"text\/css\" data-created_by=\"avia_inline_auto\" id=\"style-css-av-mov9325t-4bd2a4d5b603d0bfaceaf0ea4b2d7913\">\n.avia-image-container.av-mov9325t-4bd2a4d5b603d0bfaceaf0ea4b2d7913 img.avia_image{\nbox-shadow:none;\n}\n.avia-image-container.av-mov9325t-4bd2a4d5b603d0bfaceaf0ea4b2d7913 .av-image-caption-overlay-center{\ncolor:#ffffff;\n}\n<\/style>\n<div  class='avia-image-container av-mov9325t-4bd2a4d5b603d0bfaceaf0ea4b2d7913 av-styling- avia-align-center  avia-builder-el-10  el_before_av_hr  avia-builder-el-first '   itemprop=\"image\" itemscope=\"itemscope\" itemtype=\"https:\/\/schema.org\/ImageObject\" ><div class=\"avia-image-container-inner\"><div class=\"avia-image-overlay-wrap\"><img decoding=\"async\" fetchpriority=\"high\" class='wp-image-10390 avia-img-lazy-loading-not-10390 avia_image ' src=\"https:\/\/hospitalclinicmaresme.com\/wp-content\/uploads\/2026\/05\/LogoGrupCreuGroga-HCM-HOR-1030x364.png\" alt='' title='LogoGrupCreuGroga-HCM-HOR'  height=\"364\" width=\"1030\"  itemprop=\"thumbnailUrl\" srcset=\"https:\/\/hospitalclinicmaresme.com\/wp-content\/uploads\/2026\/05\/LogoGrupCreuGroga-HCM-HOR-1030x364.png 1030w, https:\/\/hospitalclinicmaresme.com\/wp-content\/uploads\/2026\/05\/LogoGrupCreuGroga-HCM-HOR-300x106.png 300w, https:\/\/hospitalclinicmaresme.com\/wp-content\/uploads\/2026\/05\/LogoGrupCreuGroga-HCM-HOR-768x272.png 768w, https:\/\/hospitalclinicmaresme.com\/wp-content\/uploads\/2026\/05\/LogoGrupCreuGroga-HCM-HOR-1536x544.png 1536w, https:\/\/hospitalclinicmaresme.com\/wp-content\/uploads\/2026\/05\/LogoGrupCreuGroga-HCM-HOR-2048x725.png 2048w, https:\/\/hospitalclinicmaresme.com\/wp-content\/uploads\/2026\/05\/LogoGrupCreuGroga-HCM-HOR-1500x531.png 1500w, https:\/\/hospitalclinicmaresme.com\/wp-content\/uploads\/2026\/05\/LogoGrupCreuGroga-HCM-HOR-705x249.png 705w, https:\/\/hospitalclinicmaresme.com\/wp-content\/uploads\/2026\/05\/LogoGrupCreuGroga-HCM-HOR-240x85.png 240w\" sizes=\"(max-width: 1030px) 100vw, 1030px\" \/><\/div><\/div><\/div><br \/>\n\n<style type=\"text\/css\" data-created_by=\"avia_inline_auto\" id=\"style-css-av-av_hr-02349c1beab2949c090bc0e85b87d63d\">\n#top .hr.hr-invisible.av-av_hr-02349c1beab2949c090bc0e85b87d63d{\nheight:20px;\n}\n<\/style>\n<div  class='hr av-av_hr-02349c1beab2949c090bc0e85b87d63d hr-invisible  avia-builder-el-11  el_after_av_image  el_before_av_button '><span class='hr-inner '><span class=\"hr-inner-style\"><\/span><\/span><\/div><br \/>\n<div  class='avia-button-wrap av-mov9kguj-42e6c56798b2a65b65aab14fb32619f6-wrap avia-button-center  avia-builder-el-12  el_after_av_hr  el_before_av_hr '><a href='https:\/\/hospitalclinicmaresme.com\/es\/cita-online-hospital-clinic-mareme\/'  class='avia-button av-mov9kguj-42e6c56798b2a65b65aab14fb32619f6 av-link-btn avia-icon_select-no avia-size-x-large avia-position-center avia-color-theme-color'   aria-label=\"- CITA ONLINE -\"><span class='avia_iconbox_title' >- CITA ONLINE -<\/span><\/a><\/div><br \/>\n\n<style type=\"text\/css\" data-created_by=\"avia_inline_auto\" id=\"style-css-av-av_hr-02349c1beab2949c090bc0e85b87d63d\">\n#top .hr.hr-invisible.av-av_hr-02349c1beab2949c090bc0e85b87d63d{\nheight:20px;\n}\n<\/style>\n<div  class='hr av-av_hr-02349c1beab2949c090bc0e85b87d63d hr-invisible  avia-builder-el-13  el_after_av_button  avia-builder-el-last '><span class='hr-inner '><span class=\"hr-inner-style\"><\/span><\/span><\/div><\/p>\n<\/div><\/div>\n<style type=\"text\/css\" data-created_by=\"avia_inline_auto\" id=\"style-css-av-av_cell_one_fourth-7b2dfb209afb870a55451575d23bd5b9\">\n.flex_cell.av-av_cell_one_fourth-7b2dfb209afb870a55451575d23bd5b9{\nvertical-align:top;\n}\n<\/style>\n<div class='flex_cell av-av_cell_one_fourth-7b2dfb209afb870a55451575d23bd5b9 av-gridrow-cell av_one_fourth no_margin  avia-builder-el-14  el_after_av_cell_one_fourth  el_before_av_cell_one_fourth  content-align-top'  ><div class='flex_cell_inner'><p>\n<style type=\"text\/css\" data-created_by=\"avia_inline_auto\" id=\"style-css-av-av_image-97939fe6803d663654ccd0d9637eec72\">\n.avia-image-container.av-av_image-97939fe6803d663654ccd0d9637eec72 img.avia_image{\nbox-shadow:none;\n}\n.avia-image-container.av-av_image-97939fe6803d663654ccd0d9637eec72 .av-image-caption-overlay-center{\ncolor:#ffffff;\n}\n<\/style>\n<div  class='avia-image-container av-av_image-97939fe6803d663654ccd0d9637eec72 av-styling- avia-align-center  avia-builder-el-15  el_before_av_hr  avia-builder-el-first '   itemprop=\"image\" itemscope=\"itemscope\" itemtype=\"https:\/\/schema.org\/ImageObject\" ><div class=\"avia-image-container-inner\"><div class=\"avia-image-overlay-wrap\"><img decoding=\"async\" fetchpriority=\"high\" class='wp-image-10391 avia-img-lazy-loading-not-10391 avia_image ' src=\"https:\/\/hospitalclinicmaresme.com\/wp-content\/uploads\/2026\/05\/LogoGrupCreuGroga-CMM-HOR-1030x364.png\" alt='' title='LogoGrupCreuGroga-CMM-HOR'  height=\"364\" width=\"1030\"  itemprop=\"thumbnailUrl\" srcset=\"https:\/\/hospitalclinicmaresme.com\/wp-content\/uploads\/2026\/05\/LogoGrupCreuGroga-CMM-HOR-1030x364.png 1030w, https:\/\/hospitalclinicmaresme.com\/wp-content\/uploads\/2026\/05\/LogoGrupCreuGroga-CMM-HOR-300x106.png 300w, https:\/\/hospitalclinicmaresme.com\/wp-content\/uploads\/2026\/05\/LogoGrupCreuGroga-CMM-HOR-768x272.png 768w, https:\/\/hospitalclinicmaresme.com\/wp-content\/uploads\/2026\/05\/LogoGrupCreuGroga-CMM-HOR-1536x544.png 1536w, https:\/\/hospitalclinicmaresme.com\/wp-content\/uploads\/2026\/05\/LogoGrupCreuGroga-CMM-HOR-2048x725.png 2048w, https:\/\/hospitalclinicmaresme.com\/wp-content\/uploads\/2026\/05\/LogoGrupCreuGroga-CMM-HOR-1500x531.png 1500w, https:\/\/hospitalclinicmaresme.com\/wp-content\/uploads\/2026\/05\/LogoGrupCreuGroga-CMM-HOR-705x249.png 705w, https:\/\/hospitalclinicmaresme.com\/wp-content\/uploads\/2026\/05\/LogoGrupCreuGroga-CMM-HOR-240x85.png 240w\" sizes=\"(max-width: 1030px) 100vw, 1030px\" \/><\/div><\/div><\/div><br \/>\n\n<style type=\"text\/css\" data-created_by=\"avia_inline_auto\" id=\"style-css-av-av_hr-02349c1beab2949c090bc0e85b87d63d\">\n#top .hr.hr-invisible.av-av_hr-02349c1beab2949c090bc0e85b87d63d{\nheight:20px;\n}\n<\/style>\n<div  class='hr av-av_hr-02349c1beab2949c090bc0e85b87d63d hr-invisible  avia-builder-el-16  el_after_av_image  el_before_av_button '><span class='hr-inner '><span class=\"hr-inner-style\"><\/span><\/span><\/div><br \/>\n<div  class='avia-button-wrap av-mov98avp-3814075b9590ff59cff35e371ce9f392-wrap avia-button-center  avia-builder-el-17  el_after_av_hr  el_before_av_hr '>\n<style type=\"text\/css\" data-created_by=\"avia_inline_auto\" id=\"style-css-av-mov98avp-3814075b9590ff59cff35e371ce9f392\">\n#top #wrap_all .avia-button.av-mov98avp-3814075b9590ff59cff35e371ce9f392{\nbackground-color:#c6a336;\nborder-color:#c6a336;\ntransition:all 0.4s ease-in-out;\n}\n#top #wrap_all .avia-button.av-mov98avp-3814075b9590ff59cff35e371ce9f392:hover{\ncolor:white;\ntransition:all 0.4s ease-in-out;\n}\n#top #wrap_all .avia-button.av-mov98avp-3814075b9590ff59cff35e371ce9f392:hover .avia-svg-icon svg:first-child{\nfill:white;\nstroke:white;\n}\n<\/style>\n<a href='https:\/\/citaonline.e-salus.com\/home\/7F7FDFDF555552524B4B505008E12204B4A8B746AB2C345A1F071C77\/es'  class='avia-button av-mov98avp-3814075b9590ff59cff35e371ce9f392 av-link-btn avia-icon_select-no avia-size-x-large avia-position-center avia-font-color-theme-color'   aria-label=\"- CITA ONLINE -\"><span class='avia_iconbox_title' >- CITA ONLINE -<\/span><span class='avia_button_background avia-button avia-color-theme-color-highlight' ><\/span><\/a><\/div><br \/>\n\n<style type=\"text\/css\" data-created_by=\"avia_inline_auto\" id=\"style-css-av-mov9bgtj-df5bbea106c02dae0851397a352a0e0c\">\n#top .hr.hr-invisible.av-mov9bgtj-df5bbea106c02dae0851397a352a0e0c{\nheight:20px;\n}\n<\/style>\n<div  class='hr av-mov9bgtj-df5bbea106c02dae0851397a352a0e0c hr-invisible  avia-builder-el-18  el_after_av_button  avia-builder-el-last '><span class='hr-inner '><span class=\"hr-inner-style\"><\/span><\/span><\/div><\/p>\n<\/div><\/div>\n<style type=\"text\/css\" data-created_by=\"avia_inline_auto\" id=\"style-css-av-av_cell_one_fourth-7b2dfb209afb870a55451575d23bd5b9\">\n.flex_cell.av-av_cell_one_fourth-7b2dfb209afb870a55451575d23bd5b9{\nvertical-align:top;\n}\n<\/style>\n<div class='flex_cell av-av_cell_one_fourth-7b2dfb209afb870a55451575d23bd5b9 av-gridrow-cell av_one_fourth no_margin  avia-builder-el-19  el_after_av_cell_one_fourth  avia-builder-el-last  content-align-top'  ><div class='flex_cell_inner'><\/div><\/div><\/div>\n","protected":false},"excerpt":{"rendered":"","protected":false},"author":3,"featured_media":0,"parent":0,"menu_order":0,"comment_status":"closed","ping_status":"closed","template":"","meta":{"footnotes":""},"class_list":["post-10393","page","type-page","status-publish","hentry"],"yoast_head":"<!-- This site is optimized with the Yoast SEO plugin v27.5 - https:\/\/yoast.com\/product\/yoast-seo-wordpress\/ -->\n<title>Cita Online - Hospital Cl\u00ednic Maresme<\/title>\n<meta name=\"robots\" content=\"index, follow, max-snippet:-1, max-image-preview:large, max-video-preview:-1\" \/>\n<link rel=\"canonical\" href=\"https:\/\/hospitalclinicmaresme.com\/es\/citaonline\/\" \/>\n<meta property=\"og:locale\" content=\"es_ES\" \/>\n<meta property=\"og:type\" content=\"article\" \/>\n<meta property=\"og:title\" content=\"Cita Online - Hospital Cl\u00ednic Maresme\" \/>\n<meta property=\"og:url\" content=\"https:\/\/hospitalclinicmaresme.com\/es\/citaonline\/\" \/>\n<meta property=\"og:site_name\" content=\"Hospital Cl\u00ednic Maresme\" \/>\n<meta property=\"article:modified_time\" content=\"2026-05-07T09:08:31+00:00\" \/>\n<meta name=\"twitter:card\" content=\"summary_large_image\" \/>\n<meta name=\"twitter:label1\" content=\"Tiempo de lectura\" \/>\n\t<meta name=\"twitter:data1\" content=\"1 minuto\" \/>\n<script type=\"application\/ld+json\" class=\"yoast-schema-graph\">{\"@context\":\"https:\\\/\\\/schema.org\",\"@graph\":[{\"@type\":\"WebPage\",\"@id\":\"https:\\\/\\\/hospitalclinicmaresme.com\\\/es\\\/citaonline\\\/\",\"url\":\"https:\\\/\\\/hospitalclinicmaresme.com\\\/es\\\/citaonline\\\/\",\"name\":\"Cita Online - Hospital Cl\u00ednic Maresme\",\"isPartOf\":{\"@id\":\"https:\\\/\\\/hospitalclinicmaresme.com\\\/es\\\/#website\"},\"datePublished\":\"2026-05-07T08:30:34+00:00\",\"dateModified\":\"2026-05-07T09:08:31+00:00\",\"breadcrumb\":{\"@id\":\"https:\\\/\\\/hospitalclinicmaresme.com\\\/es\\\/citaonline\\\/#breadcrumb\"},\"inLanguage\":\"es\",\"potentialAction\":[{\"@type\":\"ReadAction\",\"target\":[\"https:\\\/\\\/hospitalclinicmaresme.com\\\/es\\\/citaonline\\\/\"]}]},{\"@type\":\"BreadcrumbList\",\"@id\":\"https:\\\/\\\/hospitalclinicmaresme.com\\\/es\\\/citaonline\\\/#breadcrumb\",\"itemListElement\":[{\"@type\":\"ListItem\",\"position\":1,\"name\":\"Inici\",\"item\":\"https:\\\/\\\/hospitalclinicmaresme.com\\\/es\\\/inicio\\\/\"},{\"@type\":\"ListItem\",\"position\":2,\"name\":\"Cita Online\"}]},{\"@type\":\"WebSite\",\"@id\":\"https:\\\/\\\/hospitalclinicmaresme.com\\\/es\\\/#website\",\"url\":\"https:\\\/\\\/hospitalclinicmaresme.com\\\/es\\\/\",\"name\":\"Hospital Cl\u00ednic Maresme\",\"description\":\"Just another WordPress site\",\"potentialAction\":[{\"@type\":\"SearchAction\",\"target\":{\"@type\":\"EntryPoint\",\"urlTemplate\":\"https:\\\/\\\/hospitalclinicmaresme.com\\\/es\\\/?s={search_term_string}\"},\"query-input\":{\"@type\":\"PropertyValueSpecification\",\"valueRequired\":true,\"valueName\":\"search_term_string\"}}],\"inLanguage\":\"es\"}]}<\/script>\n<!-- \/ Yoast SEO plugin. -->","yoast_head_json":{"title":"Cita Online - Hospital Cl\u00ednic Maresme","robots":{"index":"index","follow":"follow","max-snippet":"max-snippet:-1","max-image-preview":"max-image-preview:large","max-video-preview":"max-video-preview:-1"},"canonical":"https:\/\/hospitalclinicmaresme.com\/es\/citaonline\/","og_locale":"es_ES","og_type":"article","og_title":"Cita Online - Hospital Cl\u00ednic Maresme","og_url":"https:\/\/hospitalclinicmaresme.com\/es\/citaonline\/","og_site_name":"Hospital Cl\u00ednic Maresme","article_modified_time":"2026-05-07T09:08:31+00:00","twitter_card":"summary_large_image","twitter_misc":{"Tiempo de lectura":"1 minuto"},"schema":{"@context":"https:\/\/schema.org","@graph":[{"@type":"WebPage","@id":"https:\/\/hospitalclinicmaresme.com\/es\/citaonline\/","url":"https:\/\/hospitalclinicmaresme.com\/es\/citaonline\/","name":"Cita Online - Hospital Cl\u00ednic Maresme","isPartOf":{"@id":"https:\/\/hospitalclinicmaresme.com\/es\/#website"},"datePublished":"2026-05-07T08:30:34+00:00","dateModified":"2026-05-07T09:08:31+00:00","breadcrumb":{"@id":"https:\/\/hospitalclinicmaresme.com\/es\/citaonline\/#breadcrumb"},"inLanguage":"es","potentialAction":[{"@type":"ReadAction","target":["https:\/\/hospitalclinicmaresme.com\/es\/citaonline\/"]}]},{"@type":"BreadcrumbList","@id":"https:\/\/hospitalclinicmaresme.com\/es\/citaonline\/#breadcrumb","itemListElement":[{"@type":"ListItem","position":1,"name":"Inici","item":"https:\/\/hospitalclinicmaresme.com\/es\/inicio\/"},{"@type":"ListItem","position":2,"name":"Cita Online"}]},{"@type":"WebSite","@id":"https:\/\/hospitalclinicmaresme.com\/es\/#website","url":"https:\/\/hospitalclinicmaresme.com\/es\/","name":"Hospital Cl\u00ednic Maresme","description":"Just another WordPress site","potentialAction":[{"@type":"SearchAction","target":{"@type":"EntryPoint","urlTemplate":"https:\/\/hospitalclinicmaresme.com\/es\/?s={search_term_string}"},"query-input":{"@type":"PropertyValueSpecification","valueRequired":true,"valueName":"search_term_string"}}],"inLanguage":"es"}]}},"_links":{"self":[{"href":"https:\/\/hospitalclinicmaresme.com\/es\/wp-json\/wp\/v2\/pages\/10393","targetHints":{"allow":["GET"]}}],"collection":[{"href":"https:\/\/hospitalclinicmaresme.com\/es\/wp-json\/wp\/v2\/pages"}],"about":[{"href":"https:\/\/hospitalclinicmaresme.com\/es\/wp-json\/wp\/v2\/types\/page"}],"author":[{"embeddable":true,"href":"https:\/\/hospitalclinicmaresme.com\/es\/wp-json\/wp\/v2\/users\/3"}],"replies":[{"embeddable":true,"href":"https:\/\/hospitalclinicmaresme.com\/es\/wp-json\/wp\/v2\/comments?post=10393"}],"version-history":[{"count":4,"href":"https:\/\/hospitalclinicmaresme.com\/es\/wp-json\/wp\/v2\/pages\/10393\/revisions"}],"predecessor-version":[{"id":10404,"href":"https:\/\/hospitalclinicmaresme.com\/es\/wp-json\/wp\/v2\/pages\/10393\/revisions\/10404"}],"wp:attachment":[{"href":"https:\/\/hospitalclinicmaresme.com\/es\/wp-json\/wp\/v2\/media?parent=10393"}],"curies":[{"name":"wp","href":"https:\/\/api.w.org\/{rel}","templated":true}]}}